{"id":3057,"date":"2020-06-01T11:55:09","date_gmt":"2020-06-01T08:55:09","guid":{"rendered":"https:\/\/hansu.av.tr\/icerik\/hansu-avukatlik-burosu-cerez-politikasi\/"},"modified":"2020-06-01T11:55:09","modified_gmt":"2020-06-01T08:55:09","slug":"hansu-avukatlik-burosu-cerez-politikasi","status":"publish","type":"page","link":"https:\/\/hansu.av.tr\/tr\/icerik\/hansu-avukatlik-burosu-cerez-politikasi\/","title":{"rendered":"HANSU AVUKATLIK B\u00dcROSU \u00c7EREZ POL\u0130T\u0130KASI"},"content":{"rendered":"<p class=\"p1\"><span class=\"s1\">Siz sayg\u0131de\u011fer ziyaret\u00e7ilerimizin web sitemizi daha iyi deneyimlemelerini sa\u011flamak amac\u0131yla, web sitemizde \u00e7erez (cookie) kullanmaktay\u0131z. \u0130\u015fbu \u00c7erez Politikam\u0131z; web sitemize gelen siz sayg\u0131de\u011fer ziyaret\u00e7ilerimizi, HANSU Avukatl\u0131k B\u00fcrosu\u2019nca kullan\u0131lan \u00e7erezlerin neler oldu\u011fu ve \u00e7erez tercihlerinin taraf\u0131n\u0131zca nas\u0131l y\u00f6netilebilece\u011fi konular\u0131nda bilgilendirmek amac\u0131yla haz\u0131rlanm\u0131\u015ft\u0131r.<\/span><\/p>\n<p class=\"p2\"><span class=\"s1\">Bu \u00c7erez Politikas\u0131, HANSU Avukatl\u0131k B\u00fcrosu taraf\u0131ndan haz\u0131rlanan ve y\u00fcr\u00fct\u00fclen internet sitesinde kullan\u0131lan \u00c7erez(Cookie)ler i\u00e7in ge\u00e7erli olup, HANSU Avukatl\u0131k B\u00fcrosu\u2019nun \u00e7erez kullan\u0131m\u0131na ili\u015fkin ilkelerini a\u00e7\u0131klamaktad\u0131r.<\/span><\/p>\n<p class=\"p3\"><span class=\"s1\"><b>\u00c7EREZ (COOK\u0130E) NED\u0130R?<\/b><\/span><\/p>\n<p class=\"p1\"><span class=\"s1\">\u00c7erez; bir internet sitesinin kendisinden beklenen performansta \u00e7al\u0131\u015fmas\u0131, ziyaret\u00e7i deneyiminin iyile\u015ftirilmesi, geli\u015ftirilmesi ve optimize edilmesi ama\u00e7lar\u0131 ile taray\u0131c\u0131n\u0131zdan, bilgisayar\u0131n\u0131zda veya mobil cihaz\u0131n\u0131zda saklamas\u0131n\u0131 istedi\u011fi k\u00fc\u00e7\u00fck bir veri par\u00e7as\u0131d\u0131r. \u00c7erez, web sitesinin eylemlerinizi veya tercihlerinizi zaman i\u00e7erisinde \u201chat\u0131rlamas\u0131na\u201d imk\u00e2n verir. Kullan\u0131c\u0131lar arzu etmeleri durumlarda, istedikleri zaman izin vermi\u015f olduklar\u0131 \u00e7erezleri silebilirler.<\/span><\/p>\n<p class=\"p1\"><span class=\"s1\"><b>\u00c7EREZ (COOK\u0130E) T\u00dcRLER\u0130 NELERD\u0130R?<\/b><\/span><\/p>\n<p class=\"p4\"><span class=\"s1\"><b>-Session Cookies (Oturum \u00c7erezi Ya Da Ge\u00e7ici \u00c7erez)<\/b><\/span><\/p>\n<p class=\"p1\"><span class=\"s1\">Siz sayg\u0131de\u011fer ziyaret\u00e7ilerimiz web sitemizin sayfalar\u0131 aras\u0131nda ge\u00e7i\u015f yaparken, kullan\u0131c\u0131 bilgilerinizin web server&#8217;da depoland\u0131\u011f\u0131\u00a0k\u00fc\u00e7\u00fck bilgilerdir. Oturum\u00a0\u00e7erezleri, ge\u00e7ici \u00e7erezler olup; siz ziyaret\u00e7ilerimiz taray\u0131c\u0131n\u0131z\u0131 kapatt\u0131\u011f\u0131n\u0131zda, ge\u00e7i\u015f yaparken toplanan b\u00fct\u00fcn\u00a0bilgileriniz server&#8217;dan silinmektedir.<\/span><\/p>\n<p class=\"p1\"><span class=\"s1\">&#8211;<b> Zorunlu \u00c7erezler<\/b><\/span><\/p>\n<p class=\"p1\"><span class=\"s1\">Web sitemizin do\u011fru bir \u015fekilde \u00e7al\u0131\u015fmas\u0131n\u0131 sa\u011flayan ve web sitemizin \u00f6zelliklerini siz ziyaret\u00e7ilerimizin faydal\u0131 bir \u015fekilde kullanmas\u0131na imk\u00e2n veren teknik \u00e7erezlerdir. Oturum \u00e7erezi kategorisinde yer al\u0131rlar. Bu \u00e7erezleri engellenmeniz durumunda, web sitemizin \u00f6zelliklerini kullanmakta zorlanabilirsiniz. Zorunlu \u00e7erezlerin kullan\u0131m\u0131 i\u00e7in, siz sayg\u0131de\u011fer ziyaret\u00e7ilerimizin onay\u0131 gerekmemektedir.<\/span><\/p>\n<p class=\"p4\"><span class=\"s1\"><b>-Persistent Cookies (Kal\u0131c\u0131 \u00c7erez)<\/b><\/span><\/p>\n<p class=\"p1\"><span class=\"s1\">Kal\u0131c\u0131 \u00e7erezleri, siz ziyaret\u00e7ilerimizin web sitemizdeki tercihlerini hat\u0131rlamak i\u00e7in kullanmaktay\u0131z. Bu t\u00fcr \u00e7erezler; taray\u0131c\u0131n\u0131z\u0131 veya bilgisayar\u0131n\u0131z\u0131 kapatt\u0131ktan sonra dahi cihaz\u0131n\u0131zda kalmaktad\u0131r. Kal\u0131c\u0131 \u00e7erezler, internet sa\u011flay\u0131c\u0131s\u0131 taraf\u0131ndan belirlenen ge\u00e7erlilik tarihi sona erene\u00a0kadar veya siz ziyaret\u00e7ilerimiz \u00e7erezleri silene kadar bilgisayar\u0131n\u0131zda dururlar.<\/span><\/p>\n<p class=\"p1\"><span class=\"s1\">Kal\u0131c\u0131 \u00e7erezleri;<span class=\"Apple-converted-space\">\u00a0 <\/span>siz ziyaret\u00e7ilerimizin web sitemizdeki davran\u0131\u015flar\u0131n\u0131 analiz ederek, size ve web sitemizi ziyaret eden ba\u015fka kullan\u0131c\u0131lara y\u00f6nelik olarak web sitemizin i\u015flevini iyile\u015ftirebilmek amac\u0131yla kullanmaktay\u0131z. <\/span><\/p>\n<p class=\"p1\"><span class=\"s1\"><b>-Birinci Taraf ve \u00dc\u00e7\u00fcnc\u00fc Taraf \u00c7erezleri<\/b><\/span><\/p>\n<p class=\"p1\"><span class=\"s1\">Web sitemizden en iyi verimi alabilmeniz i\u00e7in, hem birinci taraf hem de \u00fc\u00e7\u00fcnc\u00fc taraf \u00e7erezlerini kullanmaktay\u0131z. Birinci taraf \u00e7erezlerini kullan\u0131rken, siz ziyaret\u00e7ilerimizin dil ve konum tercihlerinizi belirleyebilmek ve\/veya web sitemizin i\u015flevselli\u011fini sa\u011flayabilmek gibi ama\u00e7lar g\u00fctmekteyiz. <\/span><\/p>\n<p class=\"p1\"><span class=\"s1\">\u00dc\u00e7\u00fcnc\u00fc taraf \u00e7erezleri ise, HANSU Avukatl\u0131k B\u00fcrosu d\u0131\u015f\u0131nda ba\u015fka web sitesi sahiplerine aittir ve bu ki\u015filerce y\u00f6netilir. Bu \u00e7erezlere, web sitemiz arac\u0131l\u0131\u011f\u0131yla yapm\u0131\u015f oldu\u011funuz birtak\u0131m ba\u015fvurular\u0131n\u0131z\u0131n iletimi ve web sitemiz d\u0131\u015f\u0131nda da birtak\u0131m reklamlara izin verilmesi gibi ama\u00e7larla birtak\u0131m formlar iletmek i\u00e7in gerek duyulabilir.<\/span><\/p>\n<p class=\"p1\"><span class=\"s1\"><i>Birinci ve \u00fc\u00e7\u00fcnc\u00fc taraf tan\u0131mlama bilgilerine <\/i><\/span><span class=\"s2\"><i>buraya t\u0131klayarak <\/i><\/span><span class=\"s1\"><i>ula\u015fabilirsiniz.<\/i><\/span><\/p>\n<p class=\"p1\"><span class=\"s1\"><b>-Performans Ve Analiz \u00c7erezleri<\/b><\/span><\/p>\n<p class=\"p1\"><span class=\"s1\">Web sitemizin ziyaret\u00e7ilerimizin talepleri ve kullan\u0131m\u0131 \u00e7er\u00e7evesinde geli\u015ftirilmesi amac\u0131na hizmet etmek \u00fczere; siz sayg\u0131de\u011fer ziyaret\u00e7ilerimizin web sitemizi ve sitemizde bulunan uygulamalar\u0131 (izlenen sayfalar, ziyaretin ortalama s\u00fcresi, vs.) nas\u0131l kulland\u0131\u011f\u0131 hakk\u0131nda bilgi toplamak i\u00e7in kullan\u0131l\u0131r.<\/span><\/p>\n<p class=\"p1\"><span class=\"s1\"><b>-\u0130zleme \u00c7erezleri<\/b><\/span><\/p>\n<p class=\"p1\"><span class=\"s1\">\u0130zleme \u00e7erezleri siz ziyaret\u00e7ilerimizin internet tarama davran\u0131\u015flar\u0131n\u0131 izlemek ve ziyaret ettikleri \u00e7e\u015fitli internet sitelerinden, kendi tarama davran\u0131\u015f\u0131na g\u00f6re veri ve bilgi toplamak i\u00e7in kullan\u0131l\u0131r.<\/span><\/p>\n<p class=\"p1\"><span class=\"s1\"><b>HANSU AVUKATLIK B\u00dcROSU WEB S\u0130TES\u0130NDE HANG\u0130 T\u00dcR \u00c7EREZLER\u0130 KULLANIYORUZ?<\/b><\/span><\/p>\n<p class=\"p1\"><span class=\"s1\"><b>HANSU Avukatl\u0131k B\u00fcrosu<\/b>, 6698 say\u0131l\u0131 Ki\u015fisel Verilerin Korunmas\u0131 Kanunu ve ilgili mevzuata uygun olarak farkl\u0131 t\u00fcrde \u00e7erezler kullanmaktad\u0131r. <b>HANSU Avukatl\u0131k B\u00fcrosu web sitesi taraf\u0131ndan kullan\u0131lan \u00e7erezler ve \u00e7erezlere ait kullan\u0131m ama\u00e7lar\u0131 \u015fu \u015fekildedir;<\/b><\/span><\/p>\n<p class=\"p5\"><span class=\"s1\"><b>-Analitik ve \u0130\u015flevselli\u011fe Y\u00f6nelik \u00c7erez Kullan\u0131m\u0131<\/b><\/span><\/p>\n<p class=\"p5\"><span class=\"s1\">Web sitemizin sistemlerinin kullan\u0131m\u0131n\u0131 kolayla\u015ft\u0131rmak, kullan\u0131c\u0131 \u00f6zelinde kullan\u0131m \u00f6zellikleri sa\u011flamak amac\u0131yla, kullan\u0131c\u0131lar\u0131n bilgilerini ve ge\u00e7mi\u015f se\u00e7imlerini hat\u0131rlatan \u00e7erezler kullanabilmektedir. Toplanan i\u015fbu bilgilere dayanarak internet sitemiz, toplanan bilgiler do\u011frultusunda siz ziyaret\u00e7ilerimize i\u00e7erik g\u00f6sterebilir, ziyaret\u00e7imizin sitemizi ilk ziyaretindeki dil se\u00e7imini veya sitemizde bir metin okurken se\u00e7mi\u015f oldu\u011fu font boyutunun hat\u0131rlanmas\u0131n\u0131 sa\u011flar. Bu t\u00fcr \u00e7erezlerin kullan\u0131m\u0131na izin verilmemesi durumunda; internet sitemizin baz\u0131 b\u00f6l\u00fcmleri gerekti\u011fi gibi yahut hi\u00e7 kullan\u0131lamayabilir. Yine izin verilmemesi durumunda internet sitemizin siz ziyaret\u00e7ilerimize sa\u011flayabilece\u011fi deste\u011fin seviyesini d\u00fc\u015f\u00fcrebilir. Ayr\u0131ca web sitemizce siz ziyaret\u00e7ilerimizin tercihlerinin hat\u0131rlanamamas\u0131 durumunda, size \u00f6zel bir \u00f6zelli\u011fin kullan\u0131lmamas\u0131 ya da g\u00f6sterilmemesine sebep olabilir.<\/span><\/p>\n<p class=\"p5\"><span class=\"s3\">Sitemizin performans\u0131n\u0131 ve siz sayg\u0131de\u011fer ziyaret\u00e7ilerimizin sitemizi nas\u0131l kulland\u0131\u011f\u0131n\u0131 analiz etmek ad\u0131na a\u015fa\u011f\u0131daki analitik ve i\u015flevsel ara\u00e7lar\u0131 da kullan\u0131yoruz:<\/span><\/p>\n<p class=\"p7\"><span class=\"s4\">&#8211;<\/span><b> <\/b><span class=\"s1\"><b>Google Remarketing<\/b><\/span><\/p>\n<p class=\"p5\"><span class=\"s1\">Sitemizi ziyaretinizin ard\u0131ndan, siz ziyaret\u00e7ilerimizin sitemizde gezmi\u015f oldu\u011fu sayfalar ve\/veya incelemi\u015f oldu\u011fu makale ve di\u011fer i\u00e7eriklerimiz ile ilgili benzer \u00fcr\u00fcn ve i\u00e7erikleri, sitemizden ayr\u0131ld\u0131ktan sonra di\u011fer internet alanlar\u0131nda g\u00f6rmesidir. Remarketing, uygulamas\u0131n\u0131 siz ziyaret\u00e7ilerimiz ile yeniden ba\u011flant\u0131 kurabilmek ve ziyaret\u00e7ilerimizin ilgilenebilecekleri ve etkile\u015fime ge\u00e7ebilecekleri \u00fcr\u00fcnleri g\u00f6stermektir.<\/span><\/p>\n<p class=\"p9\"><span class=\"s1\"><b>&#8211; Facebook Pixel<\/b><\/span><\/p>\n<p class=\"p4\"><span class=\"s1\">Siz ziyaret\u00e7ilerimizin hangi platform ve\/veya i\u00e7erik taraf\u0131ndan sitemize y\u00f6nlendirildi\u011fini ve internet sitemizde ger\u00e7ekle\u015ftirdi\u011fi eylemleri anlamak, bu eylemlerin sonu\u00e7lar\u0131n\u0131 \u00f6l\u00e7mek, siz ziyaret\u00e7ilerimizin ilgisi do\u011frultusunda, ziyaret\u00e7ilerimize \u00f6zel hedef kitleler olu\u015fturmak ve bu hedef kitlelere eri\u015fmek i\u00e7in kullanmaktay\u0131z. Bu analiz arac\u0131 ve \u00e7al\u0131\u015fma \u015fekli ile ilgili olarak detayl\u0131 bilgilere \u00a0<a href=\"https:\/\/www.facebook.com\/business\/help\/651294705016616\" target=\"_blank\" rel=\"noopener\">https:\/\/www.facebook.com\/business\/help\/651294705016616<\/a>\u00a0adresinden ula\u015fabilirsiniz. Hesap genelinde ki\u015fiselle\u015ftirilmi\u015f reklamlar\u0131 devre d\u0131\u015f\u0131 b\u0131rakmak i\u00e7in Reklam Tercihlerinizi ziyaret edebilirsiniz.<\/span><\/p>\n<p class=\"p10\"><span class=\"s1\"><b>\u00c7EREZLER\u0130 DEVREDI\u015eI BIRAKMA Y\u00d6NTEMLER\u0130 NELERD\u0130R? <\/b><\/span><\/p>\n<p class=\"p5\"><span class=\"s1\">\u0130nternet taray\u0131c\u0131n\u0131z\u0131n \u00e7e\u015fidine g\u00f6re a\u015fa\u011f\u0131daki ad\u0131mlar\u0131 izleyerek, \u00e7erezler hakk\u0131nda bilgi edinip, HANSU Avukatl\u0131k Ofisi taraf\u0131ndan kullan\u0131lan \u00e7erezlere izin verme veya reddetme hakk\u0131n\u0131z\u0131 kullanabilirsiniz:<\/span><\/p>\n<p class=\"p5\"><span class=\"s1\">Chrome(Bilgisayar,Android,iPhone,iPad): <a href=\"https:\/\/support.google.com\/chrome\/answer\/95647\" target=\"_blank\" rel=\"noopener\">https:\/\/support.google.com\/chrome\/answer\/95647<\/a><\/span><\/p>\n<p class=\"p5\"><span class=\"s1\">Mozilla Firefox: <a href=\"https:\/\/support.mozilla.org\/tr\/kb\/web-sitesi-tercihleri-cerezleri-acip-kapatma\" target=\"_blank\" rel=\"noopener\">https:\/\/support.mozilla.org\/tr\/kb\/web-sitesi-tercihleri-cerezleri-acip-kapatma<\/a><\/span><\/p>\n<p class=\"p5\"><span class=\"s1\">Internet Explorer: <a href=\"https:\/\/support.microsoft.com\/tr-tr\/help\/17442\/windows-internet-explorer-delete-manage-cookies\" target=\"_blank\" rel=\"noopener\">https:\/\/support.microsoft.com\/tr-tr\/help\/17442\/windows-internet-explorer-delete-manage-cookies<\/a><\/span><\/p>\n<p class=\"p5\"><span class=\"s1\">Safari (Bilgisyar): <a href=\"https:\/\/support.apple.com\/tr-tr\/guide\/safari\/sfri11471\/mac\" target=\"_blank\" rel=\"noopener\">https:\/\/support.apple.com\/tr-tr\/guide\/safari\/sfri11471\/mac<\/a><\/span><\/p>\n<p class=\"p5\"><span class=\"s1\">Yandex: <a href=\"https:\/\/yandex.com.tr\/support\/browser-classic\/personal-data-protection\/cookies.xml\" target=\"_blank\" rel=\"noopener\">https:\/\/yandex.com.tr\/support\/browser-classic\/personal-data-protection\/cookies.xml<\/a><\/span><\/p>\n<p class=\"p5\"><span class=\"s1\">Safari (Telefon): Telefonunuzun \u201cAyarlar\u201d b\u00f6l\u00fcm\u00fcnden \u201csafari\u201d sekmesini se\u00e7ip, \u201cGizlilik ve G\u00fcvenlik\u201d B\u00f6l\u00fcm\u00fcnden t\u00fcm \u00e7erez y\u00f6netiminizi sa\u011flayabilirsiniz.<\/span><\/p>\n<p class=\"p5\"><span class=\"s1\">Di\u011fer taray\u0131c\u0131lar i\u00e7in de (opera, microsoft edge gibi), ilgili taray\u0131c\u0131lar\u0131n yard\u0131m veya destek sayfalar\u0131n\u0131 inceleyebilirsiniz. <\/span><\/p>\n","protected":false},"excerpt":{"rendered":"<p>Siz sayg\u0131de\u011fer ziyaret\u00e7ilerimizin web sitemizi daha iyi deneyimlemelerini sa\u011flamak amac\u0131yla, web sitemizde \u00e7erez (cookie) kullanmaktay\u0131z. \u0130\u015fbu \u00c7erez Politikam\u0131z; web sitemize gelen siz sayg\u0131de\u011fer ziyaret\u00e7ilerimizi, HANSU Avukatl\u0131k B\u00fcrosu\u2019nca kullan\u0131lan \u00e7erezlerin neler oldu\u011fu ve \u00e7erez tercihlerinin taraf\u0131n\u0131zca nas\u0131l y\u00f6netilebilece\u011fi konular\u0131nda bilgilendirmek amac\u0131yla haz\u0131rlanm\u0131\u015ft\u0131r. Bu \u00c7erez Politikas\u0131, HANSU Avukatl\u0131k B\u00fcrosu taraf\u0131ndan haz\u0131rlanan ve y\u00fcr\u00fct\u00fclen internet sitesinde kullan\u0131lan \u00c7erez(Cookie)ler&#8230;<\/p>\n","protected":false},"author":1,"featured_media":0,"parent":1953,"menu_order":334,"comment_status":"closed","ping_status":"closed","template":"","meta":[],"acf":[],"_links":{"self":[{"href":"https:\/\/hansu.av.tr\/tr\/wp-json\/wp\/v2\/pages\/3057"}],"collection":[{"href":"https:\/\/hansu.av.tr\/tr\/wp-json\/wp\/v2\/pages"}],"about":[{"href":"https:\/\/hansu.av.tr\/tr\/wp-json\/wp\/v2\/types\/page"}],"author":[{"embeddable":true,"href":"https:\/\/hansu.av.tr\/tr\/wp-json\/wp\/v2\/users\/1"}],"replies":[{"embeddable":true,"href":"https:\/\/hansu.av.tr\/tr\/wp-json\/wp\/v2\/comments?post=3057"}],"version-history":[{"count":1,"href":"https:\/\/hansu.av.tr\/tr\/wp-json\/wp\/v2\/pages\/3057\/revisions"}],"predecessor-version":[{"id":8681,"href":"https:\/\/hansu.av.tr\/tr\/wp-json\/wp\/v2\/pages\/3057\/revisions\/8681"}],"up":[{"embeddable":true,"href":"https:\/\/hansu.av.tr\/tr\/wp-json\/wp\/v2\/pages\/1953"}],"wp:attachment":[{"href":"https:\/\/hansu.av.tr\/tr\/wp-json\/wp\/v2\/media?parent=3057"}],"curies":[{"name":"wp","href":"https:\/\/api.w.org\/{rel}","templated":true}]}}