{"id":3058,"date":"2020-06-01T11:57:34","date_gmt":"2020-06-01T08:57:34","guid":{"rendered":"https:\/\/hansu.av.tr\/icerik\/hansu-avukatlik-burosu-kisisel-verilerin-korunmasi-hakkinda-kanun-aydinlatma-metni\/"},"modified":"2020-06-01T11:57:34","modified_gmt":"2020-06-01T08:57:34","slug":"hansu-avukatlik-burosu-kisisel-verilerin-korunmasi-hakkinda-kanun-aydinlatma-metni","status":"publish","type":"page","link":"https:\/\/hansu.av.tr\/tr\/icerik\/hansu-avukatlik-burosu-kisisel-verilerin-korunmasi-hakkinda-kanun-aydinlatma-metni\/","title":{"rendered":"HANSU AVUKATLIK B\u00dcROSU K\u0130\u015e\u0130SEL VER\u0130LER\u0130N KORUNMASI HAKKINDA KANUN AYDINLATMA METN\u0130"},"content":{"rendered":"<p class=\"p1\"><span class=\"s1\">Ki\u015fisel verilerin i\u015flenmesinde ba\u015fta \u00f6zel hayat\u0131n gizlili\u011fi olmak \u00fczere, ki\u015filerin temel hak ve \u00f6zg\u00fcrl\u00fcklerinin korunmas\u0131n\u0131 ama\u00e7layan 6698 say\u0131l\u0131 Ki\u015fisel Verilerin Korunmas\u0131 Kanunu\u2019nun 10. maddesi ile Ayd\u0131nlatma Y\u00fck\u00fcml\u00fcl\u00fc\u011f\u00fcn\u00fcn Yerine Getirilmesinde Uyulacak Usul ve Esaslar Hakk\u0131nda Tebli\u011f uyar\u0131nca i\u015fbu Ayd\u0131nlatma Metni ile HANSU AVUKATLIK B\u00dcROSU\u00a0taraf\u0131ndan usul\u00fcne uygun olarak i\u015flenen ve g\u00fcvenli bir \u015fekilde korunan ki\u015fisel verileriniz hakk\u0131nda sizleri bilgilendirmeyi ama\u00e7lamaktay\u0131z.<\/span><\/p>\n<p class=\"p1\"><span class=\"s1\">HANSU AVUKATLIK B\u00dcROSU ile payla\u015fm\u0131\u015f oldu\u011funuz ki\u015fisel veriler, KVKK\u2019ya uygun bir bi\u00e7imde; 1136 say\u0131l\u0131 Avukatl\u0131k Kanunu kapsam\u0131nda yerine getirmi\u015f oldu\u011fumuz her t\u00fcrl\u00fc hizmet ve faaliyet ama\u00e7lar\u0131m\u0131z ile ba\u011flant\u0131l\u0131 ve \u00f6l\u00e7\u00fcl\u00fc olarak i\u015flenip saklanabilecektir. \u0130\u015flenerek saklanan ki\u015fisel verileriniz, KVKK ve di\u011fer mevzuat\u0131n izin verdi\u011fi \u015fekilde yurt i\u00e7i ve laz\u0131m gelen durumlarda yurt d\u0131\u015f\u0131ndaki yetkili \u00fc\u00e7\u00fcnc\u00fc ki\u015filere aktar\u0131labilecek ve KVKK ile mevzuatta belirtilen s\u00fcreler boyunca saklanabilecektir.<\/span><\/p>\n<p class=\"p1\"><span class=\"s1\"><b>1.HANSU HUKUK B\u00dcROSU VER\u0130 SORUMLUSU VE K\u0130ML\u0130\u011e\u0130<\/b><\/span><\/p>\n<p class=\"p3\"><span class=\"s1\">B\u00fcromuz kurucusu \u00d6mer Faruk HANSU, KVKK ve ilgili d\u00fczenlemeler kapsam\u0131nda \u201cVeri Sorumlusu\u201d s\u0131fat\u0131n\u0131 haizdir. Veri sorumlumuza a\u015fa\u011f\u0131da verilen ileti\u015fim bilgileri ile i\u015f g\u00fcnleri ve mesai saatleri i\u00e7erisinde ula\u015fman\u0131z m\u00fcmk\u00fcnd\u00fcr.<\/span><\/p>\n<p class=\"p4\"><span class=\"s2\"><b>Adres:<\/b>\u00a0<\/span><span class=\"s3\">Sahray\u0131cedit Mah. G\u00fczide Sok. \u015ei\u015fikler Plaza No:14\/534734 Kozyata\u011f\u0131\/\u0130STANBUL<\/span><\/p>\n<p class=\"p4\"><span class=\"s2\"><b>Telefon:<\/b>\u00a0<\/span><span class=\"s3\">0(216)464 12 12<\/span><\/p>\n<p class=\"p4\"><span class=\"s2\"><b>E-posta:<\/b>\u00a0<\/span><span class=\"s3\">info@hansu.av.tr<\/span><\/p>\n<p class=\"p1\"><span class=\"s1\"><b>2. HANSU HUKUK B\u00dcROSU TARAFINDAN \u0130\u015eLENEN K\u0130\u015e\u0130SEL VER\u0130LER\u0130N\u0130Z\u0130N ELDE ED\u0130LME \u015eEKL\u0130<\/b><\/span><\/p>\n<p class=\"p1\"><span class=\"s1\">Ki\u015fisel verileriniz HANSU AVUKATLIK B\u00dcROSU taraf\u0131ndan, d\u00e2hil oldu\u011funuz yahut olmad\u0131\u011f\u0131n\u0131z s\u00f6zl\u00fc, yaz\u0131l\u0131 veya elektronik ortamlarda toplanabilir. Ki\u015fisel verileriniz, internet sitemiz, HANSU AVUKATLIK B\u00dcROSU\u2019na g\u00f6ndermi\u015f oldu\u011funuz i\u015f ba\u015fvuru formalar\u0131, ileti\u015fim formalar\u0131, g\u00fcvenlik amac\u0131yla kaydedilen video kay\u0131tlar\u0131, telefon g\u00f6r\u00fc\u015fmelerimiz, ihtarnameler, s\u00f6zle\u015fmeler, dilek\u00e7eler, m\u00fczekkereler, yap\u0131lan g\u00f6r\u00fc\u015fmeler, kartvizitler, vek\u00e2letnameler, yetki belgeleri, davalar\u0131n takipleri veya icra takipleri s\u00fcre\u00e7leri ile toplanmakta ve Veri Sorumlusu\/Veri Sorumlusu ad\u0131na veri i\u015fleyen ger\u00e7ek veya t\u00fczel ki\u015filer taraf\u0131ndan i\u015flenmektedir. <\/span><\/p>\n<p class=\"p1\"><span class=\"s1\">\u0130\u015fbu verileriniz elektronik onay, k\u0131sa mesaj, elektronik posta, internet, disk, CD, DVD, haf\u0131za kart\u0131, telefon, flash bellek, bulut ve benzeri elektronik y\u00f6ntemlerle elde edilebilece\u011fi gibi, taraf\u0131n\u0131zca HANSU AVUKATLIK B\u00dcROSU\u2019NA sunulan formlar, s\u00f6zle\u015fmeler, bildirimler, adli veya idari merci kararlar\u0131 gibi y\u00f6ntemlerle de elde edilebilecektir.<\/span><\/p>\n<p class=\"p1\"><span class=\"s1\"><b>HANSU AVUKATLIK B\u00dcROSU ile kurmu\u015f oldu\u011funuz ili\u015fki kapsam\u0131nda; a\u015fa\u011f\u0131da \u00f6rnekleme olarak say\u0131lan birtak\u0131m ki\u015fisel verileriniz elde edilmekte ve i\u015flenmektedir.<\/b><\/span><\/p>\n<p class=\"p3\"><span class=\"s1\"><b>\u0130\u015flenen Kimlik Bilgileriniz:\u00a0<\/b>Ad soyad, T.C. kimlik numaras\u0131, vergi kimlik numaras\u0131, do\u011fum tarihi, cinsiyet, anne ve baba ad\u0131, kurum ve unvan bilgileri, ticaret sicil bilgileri, adli sicil bilgileri, <\/span><\/p>\n<p class=\"p3\"><span class=\"s1\"><b>\u0130\u015flenen \u0130leti\u015fim Bilgileriniz:\u00a0<\/b>\u0130\u015fyeri adresi, ev adresi, e-posta, telefon, cep telefonu, banka ve IBAN bilgileri, <\/span><\/p>\n<p class=\"p3\"><span class=\"s1\"><b>\u0130\u015flenen Ofis G\u00fcvenli\u011fine \u0130li\u015fkin Veriler:\u00a0<\/b>G\u00fcvenlik kameras\u0131 ses ve g\u00f6r\u00fcnt\u00fc kay\u0131tlar\u0131, parmak izi,<\/span><\/p>\n<p class=\"p3\"><span class=\"s1\"><b>\u0130\u015flenen G\u00f6rsel ve \u0130\u015fitsel Kay\u0131t Verileriniz:\u00a0<\/b>ses kay\u0131tlar\u0131, kamera kay\u0131tlar\u0131, foto\u011fraf veya g\u00f6r\u00fcnt\u00fc gibi biyometrik veriler,<\/span><\/p>\n<p class=\"p1\"><span class=\"s1\"><b>3.HANSU AVUKATLIK B\u00dcROSU\u2019NUN K\u0130\u015e\u0130SEL VER\u0130LER\u0130N\u0130Z\u0130 \u0130\u015eLEME AMA\u00c7LARI<\/b><\/span><\/p>\n<p class=\"p1\"><span class=\"s1\">HANSU AVUKATLIK B\u00dcROSU ile kurmu\u015f oldu\u011funuz m\u00fcvekkillik, uyu\u015fmazl\u0131kta kar\u015f\u0131 taraf olma veya i\u015f ili\u015fkisi kapsam\u0131nda, b\u00fcromuzca elde edilen ki\u015fisel verilerinizin i\u015flenme ve saklanma ama\u00e7lar\u0131 a\u015fa\u011f\u0131dakiler gibidir;<\/span><\/p>\n<ul class=\"ul1\">\n<li class=\"li5\"><span class=\"s2\">Taraf\u0131n\u0131z\u0131n d\u00e2hil oldu\u011fu yahut kar\u015f\u0131 taraf oldu\u011fu hukuki uyu\u015fmazl\u0131klar\u0131n\u0131z\u0131n y\u00fcr\u00fct\u00fclmesi, <\/span><\/li>\n<li class=\"li5\"><span class=\"s2\">Mevzuat gere\u011fi, isim soy isim, adres, TC kimlik no gibi bilgilerinizin kay\u0131t alt\u0131na al\u0131nmas\u0131 zorunlulu\u011fu,<\/span><\/li>\n<li class=\"li5\"><span class=\"s2\">Verilen hukuki dan\u0131\u015fmanl\u0131k ve hizmet nedeniyle olu\u015fan finans ve muhasebe i\u015flemlerinin y\u00fcr\u00fct\u00fclmesi,<\/span><\/li>\n<li class=\"li5\"><span class=\"s2\">Taraf\u0131n\u0131zla hukuki hizmet ve i\u015f s\u00f6zle\u015fmesi kurulmas\u0131 ve yerine getirilmesi i\u00e7in s\u00f6zle\u015fmelerde yer alan taraflara ait ki\u015fisel verilerin i\u015flenmesinin gerekli olmas\u0131,<\/span><\/li>\n<li class=\"li5\"><span class=\"s2\">\u0130\u015fe al\u0131m s\u00fcre\u00e7lerinde adaylar\u0131n de\u011ferlendirilmesi,<\/span><\/li>\n<li class=\"li5\"><span class=\"s2\">Mevzuattan kaynaklanan ar\u015fivleme y\u00fck\u00fcml\u00fcl\u00fc\u011f\u00fc ile yetkili mercilerle bilgi payla\u015fma y\u00fck\u00fcml\u00fcl\u00fcklerimizin ifas\u0131 i\u00e7in ki\u015fisel bilgilerinizi kaydetme zorunlulu\u011fumuzun olmas\u0131,<\/span><\/li>\n<li class=\"li5\"><span class=\"s2\">HANSU AVUKATLIK B\u00dcROSU\u2019nun fiziksel mek\u00e2n g\u00fcvenli\u011finin temininde ses kayd\u0131 ve g\u00f6r\u00fcnt\u00fc kayd\u0131 alma gereklili\u011fi,<\/span><\/li>\n<li class=\"li5\"><span class=\"s2\">Taraf\u0131n\u0131zla kurulan hizmet ve i\u015f s\u00f6zle\u015fmesinden kaynaklanan t\u00fcm i\u015flemlerin ifas\u0131nda; ileti\u015fim formlar\u0131n\u0131n, elektronik ortamda ve\/veya yaz\u0131l\u0131 olarak yapt\u0131\u011f\u0131m\u0131z t\u00fcm yaz\u0131\u015fmalar\u0131m\u0131z\u0131n, g\u00fcvenlik amac\u0131yla kaydedilen video kay\u0131tlar\u0131n\u0131n, telefon g\u00f6r\u00fc\u015fmelerimiz s\u0131ras\u0131nda kaydedilen ses kay\u0131tlar\u0131n\u0131n saklanmas\u0131 gereklili\u011fi,<\/span><\/li>\n<li class=\"li5\"><span class=\"s2\">Taraf\u0131n\u0131zla kurulan hizmet ve i\u015f s\u00f6zle\u015fmelerinden ve\/veya m\u00fcvekkillerimizin kar\u015f\u0131 taraf\u0131 oldu\u011funuz dosyalardan kaynaklanan m\u00fcvekkillerimizin hak ve alacaklar\u0131n\u0131n korunmas\u0131, kullan\u0131lmas\u0131 ve\/veya tesisi i\u00e7in ki\u015fisel verilerinizin kaydedilmesinin zorunlu olmas\u0131,<\/span><\/li>\n<li class=\"li5\"><span class=\"s2\">HANSU AVUKATLIK B\u00dcROSU\u2019ndan alm\u0131\u015f oldu\u011funuz hukuki hizmetlerden gerekti\u011fi gibi faydalanman\u0131z ve Avukatl\u0131k Kanunu\u2019nda yer alan y\u00fck\u00fcml\u00fcl\u00fcklerimizin yerine getirilebilmesi i\u00e7in gerekli olan ki\u015fisel verilerinizin kaydedilme zorunlulu\u011funun bulunmas\u0131, <\/span><\/li>\n<li class=\"li5\"><span class=\"s2\">Uyu\u015fmazl\u0131klar\u0131n\u0131za dair gerekli i\u015flem ve savunmalar\u0131n HANSU AVUKATLIK B\u00dcROSU taraf\u0131ndan haz\u0131rlanabilmesi ve gerekli s\u00fcre\u00e7lerin y\u00fcr\u00fct\u00fclebilmesi ad\u0131na verilerinizin kaydedilmesi gereklili\u011fi, <\/span><\/li>\n<li class=\"li5\"><span class=\"s2\">Taraf\u0131n\u0131zca HANSU AVUKATLIK B\u00dcROSU\u2019na sunulan ki\u015fisel verilerin do\u011fru ve g\u00fcncel olmas\u0131n\u0131n ve HANSU AVUKATLIK B\u00dcROSU taraf\u0131ndan sunulan hukuki hizmetlerin s\u00fcreklili\u011finin ve g\u00fcvenli\u011finin sa\u011flanmas\u0131, <\/span><\/li>\n<\/ul>\n<p class=\"p3\"><span class=\"s1\">gibi ama\u00e7lar\u0131n KVKK\u2019n\u0131n 5. ve 6. maddelerinde belirtilen ki\u015fisel veri i\u015fleme \u015fartlar\u0131 ve ama\u00e7lar\u0131 kapsam\u0131nda, hukuka, ahlaka ve d\u00fcr\u00fcstl\u00fck kurallar\u0131na uygun, do\u011fru ve g\u00fcncel olarak, me\u015fru ama\u00e7larla, i\u015flendi\u011fi ama\u00e7lar ile ba\u011flant\u0131l\u0131 ve s\u0131n\u0131rl\u0131 ve yine bu ama\u00e7lar dahilinde mevzuatta belirtilen s\u00fcrelere uygun bir \u015fekilde i\u015flenecektir.<\/span><\/p>\n<p class=\"p1\"><span class=\"s1\"><b>4. HANSU AVUKATLIK B\u00dcROSU TARAFINDAN \u0130\u015eLENEN K\u0130\u015e\u0130SEL VER\u0130LER\u0130N AKTARIMI<\/b><\/span><\/p>\n<p class=\"p1\"><span class=\"s1\">Ki\u015fisel verileriniz, KVKK\u2019n\u0131n ki\u015fisel verilerin yurt i\u00e7ine ve yurtd\u0131\u015f\u0131na aktar\u0131lmas\u0131na ili\u015fkin h\u00fck\u00fcmleri kapsam\u0131nda i\u015fbu Ayd\u0131nlatma Metni\u2019nin 3. maddesinde yer alan ama\u00e7larla; KVKK ve ilgili mevzuata uygun olarak HANSU AVUKATLIK B\u00dcROSU taraf\u0131ndan ihtiya\u00e7 duymu\u015f oldu\u011funuz \u00e7al\u0131\u015fmalar\u0131n yap\u0131lmas\u0131, verilen hizmetlerin y\u00fcr\u00fct\u00fclmesi ve hizmetlerle ilgili raporlama ve istatistik \u00e7\u0131kar\u0131lmas\u0131, taraflar aras\u0131nda kurulan i\u015f ve hizmet ili\u015fkisinin y\u00fcr\u00fct\u00fclmesi, i\u015f ve hizmet ili\u015fkisi i\u00e7erisinde oldu\u011fumuz ki\u015fi ve kurumlar\u0131n hukuki ve ticari g\u00fcvenli\u011finin temin edilmesi, HANSU HUKUK B\u00dcROSU\u2019nun sat\u0131n alma, finans ve muhasebe i\u015flemlerini ger\u00e7ekle\u015ftirilmesi, i\u015f sa\u011fl\u0131\u011f\u0131 ve g\u00fcvenli\u011fi y\u00fck\u00fcml\u00fcl\u00fcklerinin yerine getirilmesi, yurt i\u00e7indeki ve yurt d\u0131\u015f\u0131ndaki resmi kurum ve kurulu\u015flara, kolluk kuvvetlerine, mahkemeler ve icra m\u00fcd\u00fcrl\u00fcklerine, ili\u015fkili oldu\u011fumuz \u00fc\u00e7\u00fcnc\u00fc taraf ger\u00e7ek ve t\u00fczel ki\u015filere, hizmet sa\u011flay\u0131c\u0131 firmalar ve yetkililerine, i\u015f ortaklar\u0131, bankalar, tedarik\u00e7iler ve destek hizmeti sa\u011flay\u0131c\u0131lar\u0131na hukuki dayanaklar, yasal mevzuat ve r\u0131zan\u0131z \u00e7er\u00e7evesinde aktar\u0131labilecektir.<\/span><\/p>\n<p class=\"p1\"><span class=\"s1\"><b>5.K\u0130\u015e\u0130SEL VER\u0130LER\u0130N\u0130Z\u0130N TOPLANMA Y\u00d6NTEMLER\u0130 <\/b><\/span><\/p>\n<p class=\"p1\"><span class=\"s1\">HANSU HUKUK B\u00dcROSU ile hizmet ve i\u015f s\u00f6zle\u015fmenizin kurulmas\u0131 ile ba\u015flayan ve s\u00f6zle\u015fme ili\u015fkisi s\u00fcresince devam eden s\u00fcre zarf\u0131nda, siz m\u00fcvekkillerimizden, uyu\u015fmazl\u0131\u011f\u0131n kar\u015f\u0131 taraf\u0131 ve di\u011fer \u00fc\u00e7\u00fcnc\u00fc ki\u015filer ile yasal mercilerden; internet, telefon, e-posta gibi yaz\u0131l\u0131 mecralar ile fiziki g\u00f6r\u00fc\u015fmelerden HANSU HUKUK B\u00dcROSU taraf\u0131ndan elde edilen ki\u015fisel verileriniz, HANSU HUKUK B\u00dcROSU Ayd\u0131nlatma Metni\u2019nin 3.maddesinde belirtilen ama\u00e7lar kapsam\u0131nda, KVKK\u2019n\u0131n 5,6 ve 8.maddelerinde mevzubahis edilen hukuka uygunluk sebepleri ve bu sebeplerin d\u0131\u015f\u0131nda taraf\u0131n\u0131z\u0131n a\u00e7\u0131k r\u0131zas\u0131 bulunmas\u0131, mevzuatta a\u00e7\u0131k\u00e7a \u00f6ng\u00f6r\u00fclm\u00fc\u015f olmas\u0131, ki\u015finin kendisi taraf\u0131ndan alenile\u015ftirilmi\u015f olmas\u0131, veri sorumlusunun me\u015fru menfaatleri i\u00e7in veri i\u015flenmesinin zorunlu olmas\u0131 gibi sebeplerle, temel hak ve \u00f6zg\u00fcrl\u00fcklerinize zarar vermemek kayd\u0131 ile me\u015fru ve \u00f6l\u00e7\u00fcl\u00fc \u015fekilde toplanarak saklanmakta ve i\u015flenmektedir. <\/span><\/p>\n<p class=\"p1\"><span class=\"s1\"><b>6.K\u0130\u015e\u0130SEL VER\u0130LER\u0130N\u0130Z\u0130N G\u00dcVENL\u0130\u011e\u0130N\u0130N SA\u011eLANMASI \u0130\u00c7\u0130N HANSU HUKUK B\u00dcROSU TARAFINDAN ALINAN TEDB\u0130RLER<\/b><\/span><\/p>\n<p class=\"p1\"><span class=\"s1\"><br \/>\nHANSU HUKUK B\u00dcROSU taraf\u0131ndan hukuka ve i\u015fbu Ayd\u0131nlatma Metni\u2019nde belirtilen ama\u00e7lara uygun \u015fekilde elde edilerek i\u015flenen ki\u015fisel verileriniz; KVKK \u2019n\u0131n 12. maddesine uygun olarak, g\u00fcvenli bir \u015fekilde saklanmaktad\u0131r. S\u00f6z konusu g\u00fcvenli\u011fin sa\u011flanmas\u0131 ad\u0131na HANSU HUKUK B\u00dcROSU olarak ki\u015fisel verilerinize \u00fc\u00e7\u00fcnc\u00fc ki\u015filerin hukuka ayk\u0131r\u0131 olarak eri\u015fmesini ve verilerinizi r\u0131zan\u0131z d\u0131\u015f\u0131nda i\u015flemesini \u00f6nlemek, verilerinizin g\u00fcvenli bir \u015fekilde muhafazas\u0131n\u0131 sa\u011flamak gayesiyle gerekli olan t\u00fcm g\u00fcvenlik \u00f6nlemlerini ve mobil yaz\u0131l\u0131mlar\u0131 temin etmi\u015f bulunmaktay\u0131z.<\/span><\/p>\n<p class=\"p6\"><span class=\"s1\"><b>7.K\u0130\u015e\u0130SEL VER\u0130LER\u0130N\u0130Z\u0130N SAKLANMA S\u00dcRES\u0130<\/b><\/span><\/p>\n<p class=\"p7\"><span class=\"s1\">Ki\u015fisel verileriniz, bu bilgilerin elde edilme amac\u0131 ge\u00e7erli oldu\u011fu s\u00fcrece Kanunlarda belirtilen s\u00fcreler ile HANSU HUKUK B\u00dcROSU taraf\u0131ndan g\u00fcvenli bir \u015fekilde saklanacakt\u0131r. HANSU HUKUK B\u00dcROSU, ki\u015fisel verilerinizin i\u015flenmesini gerektiren durumlar\u0131n ortadan kalkmas\u0131 h\u00e2linde, ilgili Kanunlarda belirtilen s\u00fcrelerin dolmas\u0131 ile g\u00fcvenli bir \u015fekilde muhafaza etmekte oldu\u011fu ki\u015fisel verilerinizi re\u2019sen veya Veri Sahibi\u2019nin talebi \u00fczerine silecek, yok edecek veya anonim h\u00e2le getirecektir.<\/span><\/p>\n<p class=\"p6\"><span class=\"s1\"><b>8.K\u0130\u015e\u0130SEL VER\u0130S\u0130 \u0130\u015eLENEN \u0130LG\u0130L\u0130 K\u0130\u015e\u0130N\u0130N HAKLARI<\/b><\/span><\/p>\n<p class=\"p1\"><span class=\"s1\">KVKK\u2019n\u0131n 11. maddesi h\u00fck\u00fcmleri uyar\u0131nca ki\u015fisel verilerinize ili\u015fkin olarak a\u015fa\u011f\u0131daki haklar\u0131n\u0131z bulunmaktad\u0131r.<\/span><\/p>\n<ul class=\"ul1\">\n<li class=\"li5\"><span class=\"s2\">Ki\u015fisel verilerinizin i\u015flenip i\u015flenmedi\u011fini \u00f6\u011frenme,<\/span><\/li>\n<li class=\"li5\"><span class=\"s2\">\u0130\u015flenen ki\u015fisel verilerinize ili\u015fkin bilgi talep etme,<\/span><\/li>\n<li class=\"li5\"><span class=\"s2\">Ki\u015fisel verilerinizin HANSU HUKUK B\u00dcROSU taraf\u0131ndan i\u015flenme amac\u0131n\u0131 ve bunlar\u0131n amac\u0131na uygun olarak kullan\u0131l\u0131p kullan\u0131lmad\u0131\u011f\u0131n\u0131 \u00f6\u011frenme,<\/span><\/li>\n<li class=\"li5\"><span class=\"s2\">Ki\u015fisel verilerinizin yurt i\u00e7inde veya yurt d\u0131\u015f\u0131nda aktar\u0131l\u0131p aktar\u0131lmad\u0131\u011f\u0131n\u0131 ve aktar\u0131lm\u0131\u015fsa ki\u015fisel verilerinizin aktar\u0131ld\u0131\u011f\u0131 \u00fc\u00e7\u00fcnc\u00fc ki\u015fileri bilme,<\/span><\/li>\n<li class=\"li5\"><span class=\"s2\">Ki\u015fisel verilerinizin HANSU HUKUK B\u00dcROSU taraf\u0131ndan eksik veya yanl\u0131\u015f i\u015flenmi\u015f olmas\u0131 h\u00e2linde, verilerdeki yanl\u0131\u015fl\u0131klar\u0131n d\u00fczeltilmesini isteme,<\/span><\/li>\n<li class=\"li5\"><span class=\"s2\">Kullan\u0131m alan\u0131n\u0131n son bulmas\u0131, ki\u015fisel verilerin i\u015flenme amac\u0131n\u0131n ortadan kalkmas\u0131 durumunda ki\u015fisel verilerinizin silinmesini, anonimle\u015ftirilmesini veya yok edilmesini isteme,<\/span><\/li>\n<li class=\"li5\"><span class=\"s2\">Ki\u015fisel verilerinizin d\u00fczeltilmesi, silinmesi, anonimle\u015ftirilmesi ya da yok edilmesi halinde bu i\u015flemlerin ki\u015fisel verilerinizin aktar\u0131ld\u0131\u011f\u0131 \u00fc\u00e7\u00fcnc\u00fc ki\u015filere bildirilmesini isteme,<\/span><\/li>\n<li class=\"li5\"><span class=\"s2\">\u0130\u015flenen verilerin m\u00fcnhas\u0131ran otomatik sistemler vas\u0131tas\u0131yla analiz edilmesi suretiyle, aleyhinize bir sonucun ortaya \u00e7\u0131kmas\u0131na itiraz etme,<\/span><\/li>\n<li class=\"li5\"><span class=\"s2\">Ki\u015fisel verilerin kanuna ayk\u0131r\u0131 olarak i\u015flenmesi sebebiyle zarara u\u011framan\u0131z h\u00e2linde zarar\u0131n giderilmesini talep etme.<\/span><\/li>\n<\/ul>\n<p class=\"p1\"><span class=\"s1\"><b>9. VER\u0130 \u0130\u015eLEYENE VE VER\u0130 SORUMLUSUNA BA\u015eVURU YOLLARI <\/b><\/span><\/p>\n<p class=\"p1\"><span class=\"s1\">KVKK\u2019n\u0131n 13\/1.maddesi ve sair mevzuatlarda \u00f6ng\u00f6r\u00fclen yasal haklar\u0131n\u0131z uyar\u0131nca taleplerinizi \u0131slak imzal\u0131 dilek\u00e7e ve ekinde kimlik fotokopisi ile yukar\u0131da yer verilen adresimize bizzat elden iletebilir, noter kanal\u0131yla ula\u015ft\u0131rabilirsiniz. Bu se\u00e7eneklere ek olarak, \u201c<i>Veri Sorumlusuna Ba\u015fvuru Usul ve Esaslar\u0131 Hakk\u0131na Tebli\u011f<\/i>\u201din 5. maddesi uyar\u0131ca; kay\u0131tl\u0131 elektronik posta (KEP) adresi, g\u00fcvenli elektronik imza, mobil imza ya da <\/span><span class=\"s5\">info@hansu.av.tr<\/span><span class=\"s1\"> adresine iletebilirsiniz.<\/span><\/p>\n<p class=\"p1\"><span class=\"s1\">Veri Sorumlusuna Ba\u015fvuru Usul ve Esaslar\u0131 hakk\u0131nda Tebli\u011fin 5.maddesinde yer alan;<span class=\"Apple-converted-space\">\u00a0 <\/span>\u201c<i>Ba\u015fvuruda; Ad, soyad ve ba\u015fvuru yaz\u0131l\u0131 ise imza, T\u00fcrkiye Cumhuriyeti vatanda\u015flar\u0131 i\u00e7in T.C. kimlik numaras\u0131, yabanc\u0131lar i\u00e7in uyru\u011fu, pasaport numaras\u0131 veya varsa kimlik numaras\u0131, Tebligata esas yerle\u015fim yeri veya i\u015f yeri adresi, Varsa bildirime esas elektronik posta adresi, telefon ve faks numaras\u0131, Talep konusu, bulunmas\u0131 zorunludur<\/i>.\u201d h\u00fck\u00fcmleri uyar\u0131nca, ba\u015fvurunuzun bahsi ge\u00e7en esaslara uygun olarak ve talep etti\u011finiz hususu a\u00e7\u0131k ve anla\u015f\u0131l\u0131r \u015fekilde yap\u0131lmas\u0131 gerekmektedir.<\/span><\/p>\n<p class=\"p8\"><span class=\"s1\">Ki\u015fisel veri sahibinin kendisi d\u0131\u015f\u0131nda bir ki\u015finin talepte bulunacak olmas\u0131 halinde, veri sahibi taraf\u0131ndan ba\u015fvuruda bulunacak ki\u015fi ad\u0131na d\u00fczenlenmi\u015f \u00f6zel vek\u00e2letname bulunmal\u0131d\u0131r. HANSU HUKUK B\u00dcROSU ba\u015fvurucunun ki\u015fisel veri sahibi olup olmad\u0131\u011f\u0131 amac\u0131yla ek bilgi talep etme ve veri sahibine ba\u015fvurusu ile ilgili soru y\u00f6neltme hakk\u0131n\u0131 sakl\u0131 tutmaktad\u0131r.<\/span><\/p>\n<p class=\"p9\"><span class=\"s1\">\u00a0<\/span><\/p>\n<p class=\"p8\"><span class=\"s1\">Hukuk B\u00fcromuz taleplerinizi, talebin niteli\u011fine g\u00f6re en k\u0131sa s\u00fcrede ve en ge\u00e7 otuz g\u00fcn i\u00e7inde \u00fccretsiz olarak sonu\u00e7land\u0131r\u0131r. Ancak, s\u00f6z konusu taleplerin sonu\u00e7land\u0131r\u0131lmas\u0131n\u0131n ayr\u0131ca bir maliyeti gerektirmesi h\u00e2linde, ba\u015fvuru sahibinden Kurul taraf\u0131ndan belirlenen tarifedeki \u00fccret\u00a0 al\u0131nabilir. Hukuk B\u00fcromuz talebi kabul edip i\u015fleme koyabilir veya gerek\u00e7esini a\u00e7\u0131klayarak talebi yaz\u0131l\u0131 usulle reddedebilir.<\/span><\/p>\n<p class=\"p8\"><span class=\"s1\">Ba\u015fvurunuzun reddedilmesi, verilen cevab\u0131 yetersiz bulman\u0131z veya s\u00fcresinde ba\u015fvurunuza cevap verilmemesi h\u00e2llerinde;<span class=\"Apple-converted-space\">\u00a0 <\/span>veri sorumlusunun cevab\u0131n\u0131 \u00f6\u011frendi\u011finiz<span class=\"Apple-converted-space\">\u00a0 <\/span>tarihten itibaren otuz ve her h\u00e2lde ba\u015fvuru tarihinden itibaren altm\u0131\u015f g\u00fcn i\u00e7inde Ki\u015fisel Verileri Koruma Kurulu\u2019na \u015fik\u00e2yette bulunabilirsiniz.<\/span><\/p>\n<p class=\"p8\"><span class=\"s1\">\u00a0<\/span><\/p>\n<p class=\"p10\"><span class=\"s1\">Daha fazla bilgi ve sorular\u0131n\u0131z i\u00e7in:<\/span><\/p>\n<p class=\"p11\"><span class=\"s6\">Ya\u011fmur EROGLU OYMAK (<a href=\"mailto:yagmurerogluoymak@hansu.av.tr\"><span class=\"s7\">yagmurerogluoymak@hansu.av.tr<\/span><\/a>)<\/span><\/p>\n<p class=\"p10\"><span class=\"s1\">-\u00a9 Hansu Avukatl\u0131k B\u00fcrosu<\/span><\/p>\n<p class=\"p12\"><span class=\"s1\">-Hansu Hukuk B\u00fcrosu Yerli ve Yabanc\u0131 m\u00fcvekkillerine \u00f6zellikle gayrimenkul, \u015firketler, vergi ve fikri<span class=\"Apple-converted-space\">\u00a0 <\/span>m\u00fclkiyet hukuku alan\u0131nda hizmet veren bir avukatl\u0131k b\u00fcrosudur. Bu b\u00fclten <\/span><\/p>\n<p class=\"p10\"><span class=\"s1\">T\u00fcrkiye\u2019 de hukuk alan\u0131ndaki geli\u015fmeleri payla\u015fmak amac\u0131yla <\/span><\/p>\n<p class=\"p10\"><span class=\"s1\">haz\u0131rlanm\u0131\u015ft\u0131r. B\u00fclten hukuki bir g\u00f6r\u00fc\u015f veya y\u00f6nlendirme olarak<\/span><\/p>\n<p class=\"p10\"><span class=\"s1\">d\u00fc\u015f\u00fcn\u00fclmemelidir. \u00d6zel sorular ve sorunlar bak\u0131m\u0131ndan hukuki<\/span><\/p>\n<p class=\"p10\"><span class=\"s1\">dan\u0131\u015fman g\u00f6r\u00fc\u015f\u00fc al\u0131nmal\u0131d\u0131r.<\/span><\/p>\n","protected":false},"excerpt":{"rendered":"<p>Ki\u015fisel verilerin i\u015flenmesinde ba\u015fta \u00f6zel hayat\u0131n gizlili\u011fi olmak \u00fczere, ki\u015filerin temel hak ve \u00f6zg\u00fcrl\u00fcklerinin korunmas\u0131n\u0131 ama\u00e7layan 6698 say\u0131l\u0131 Ki\u015fisel Verilerin Korunmas\u0131 Kanunu\u2019nun 10. maddesi ile Ayd\u0131nlatma Y\u00fck\u00fcml\u00fcl\u00fc\u011f\u00fcn\u00fcn Yerine Getirilmesinde Uyulacak Usul ve Esaslar Hakk\u0131nda Tebli\u011f uyar\u0131nca i\u015fbu Ayd\u0131nlatma Metni ile HANSU AVUKATLIK B\u00dcROSU\u00a0taraf\u0131ndan usul\u00fcne uygun olarak i\u015flenen ve g\u00fcvenli bir \u015fekilde korunan ki\u015fisel verileriniz hakk\u0131nda&#8230;<\/p>\n","protected":false},"author":1,"featured_media":0,"parent":1953,"menu_order":342,"comment_status":"closed","ping_status":"closed","template":"","meta":[],"acf":[],"_links":{"self":[{"href":"https:\/\/hansu.av.tr\/tr\/wp-json\/wp\/v2\/pages\/3058"}],"collection":[{"href":"https:\/\/hansu.av.tr\/tr\/wp-json\/wp\/v2\/pages"}],"about":[{"href":"https:\/\/hansu.av.tr\/tr\/wp-json\/wp\/v2\/types\/page"}],"author":[{"embeddable":true,"href":"https:\/\/hansu.av.tr\/tr\/wp-json\/wp\/v2\/users\/1"}],"replies":[{"embeddable":true,"href":"https:\/\/hansu.av.tr\/tr\/wp-json\/wp\/v2\/comments?post=3058"}],"version-history":[{"count":0,"href":"https:\/\/hansu.av.tr\/tr\/wp-json\/wp\/v2\/pages\/3058\/revisions"}],"up":[{"embeddable":true,"href":"https:\/\/hansu.av.tr\/tr\/wp-json\/wp\/v2\/pages\/1953"}],"wp:attachment":[{"href":"https:\/\/hansu.av.tr\/tr\/wp-json\/wp\/v2\/media?parent=3058"}],"curies":[{"name":"wp","href":"https:\/\/api.w.org\/{rel}","templated":true}]}}