{"id":3059,"date":"2020-06-01T11:58:30","date_gmt":"2020-06-01T08:58:30","guid":{"rendered":"https:\/\/hansu.av.tr\/icerik\/hansu-avukatlik-burosu-internet-sitesi-kullanim-sartlari\/"},"modified":"2020-06-01T11:58:30","modified_gmt":"2020-06-01T08:58:30","slug":"hansu-avukatlik-burosu-internet-sitesi-kullanim-sartlari","status":"publish","type":"page","link":"https:\/\/hansu.av.tr\/tr\/icerik\/hansu-avukatlik-burosu-internet-sitesi-kullanim-sartlari\/","title":{"rendered":"HANSU AVUKATLIK B\u00dcROSU \u0130NTERNET S\u0130TES\u0130 KULLANIM \u015eARTLARI"},"content":{"rendered":"<p class=\"p1\"><span class=\"s1\"><b>1. H\u00fck\u00fcm ve Ko\u015fullar<\/b><\/span><\/p>\n<p class=\"p2\"><span class=\"s1\">Kullan\u0131m \u015fartlar\u0131m\u0131z kapsam\u0131nda vermi\u015f oldu\u011fumuz h\u00fck\u00fcm ve ko\u015fullar internet sitemizi kullan\u0131m\u0131n\u0131za ili\u015fkindir. Ziyaret etmi\u015f oldu\u011funuz sitenin m\u00fclkiyeti HANSU Avukatl\u0131k B\u00fcrosu\u2019na aittir ve yine HANSU Avukatl\u0131k B\u00fcrosu taraf\u0131ndan y\u00f6netilmektedir. HANSU Avukatl\u0131k B\u00fcrosu, internet sitesinde, sitede yer verilen bilgi, g\u00f6rsel, makale gibi dosyalarda ve kullan\u0131m ko\u015fullar\u0131nda her t\u00fcrl\u00fc de\u011fi\u015fiklik yapma hakk\u0131n\u0131 sakl\u0131 tutmaktad\u0131r.<\/span><\/p>\n<p class=\"p3\"><span class=\"s1\">\u0130nternet Sitemize eri\u015fmeniz ve sitemizi kullanman\u0131z durumunda, a\u015fa\u011f\u0131da yer alan \u015fartlar\u0131 okumu\u015f, anlam\u0131\u015f ve kabul etmi\u015f olmaktas\u0131n\u0131z. Bu nedenle yer verilen \u015fartlar\u0131 dikkatlice okuman\u0131z\u0131 tavsiye etmekteyiz.<\/span><\/p>\n<p class=\"p1\"><span class=\"s1\"><b>2. Sorumluluk <\/b><\/span><\/p>\n<p class=\"p2\"><span class=\"s1\">\u0130nternet sitemiz HANSU Avukatl\u0131k B\u00fcrosu\u2019nun uzmanl\u0131k alanlar\u0131 ile \u00e7al\u0131\u015fma y\u00fcr\u00fctmekte oldu\u011fu hukuki konulara ili\u015fkin birtak\u0131m bilgi, dok\u00fcman, makale ve g\u00f6rseli siz ziyaret\u00e7ilerimize sunmaktad\u0131r. Sitemiz T\u00fcrkiye Barolar Birli\u011fi\u2019nin uygulama, y\u00f6netmelik ve kurallar\u0131na uygun olarak tasarlanm\u0131\u015ft\u0131r. Bu sitedeki hi\u00e7bir bilgi herhangi bir servisin reklam\u0131 anlam\u0131na gelmemekte olup;<span class=\"Apple-converted-space\">\u00a0 <\/span>ticari, reklam veya potansiyel m\u00fcvekkillere ula\u015fma gibi ama\u00e7lar ta\u015f\u0131mamaktad\u0131r.<\/span><\/p>\n<p class=\"p4\"><span class=\"s1\">Sitemizdeki bilgiler ve dosyalar yaln\u0131zca, siz ziyaret\u00e7ilerimizi bilgilendirmek maksatl\u0131 haz\u0131rlanm\u0131\u015f olup; hukuki g\u00f6r\u00fc\u015f niteli\u011fi ta\u015f\u0131mamaktad\u0131r. Her uyu\u015fmazl\u0131\u011f\u0131n kendi i\u00e7inde de\u011ferlendirilmesi gerekti\u011finden, olas\u0131 bir uyu\u015fmazl\u0131kta do\u011frudan konunun uzman\u0131na dan\u0131\u015f\u0131lmas\u0131 gereklidir. Bu nedenlerle sitemizde yer alan bilgilendirmelerin, hukuki g\u00f6r\u00fc\u015f oldu\u011funun kabul\u00fcyle, hukuki uyu\u015fmazl\u0131klar kapsam\u0131nda kullan\u0131lmas\u0131 do\u011fru olmayacakt\u0131r. Uzmanl\u0131\u011f\u0131m\u0131z olan bir konuda hukuki destek ve m\u00fctalaaya ihtiya\u00e7 duyman\u0131z durumunda, ileti\u015fim bilgilerimizi kullanarak bizimle ileti\u015fime ge\u00e7ebilirsiniz.<\/span><\/p>\n<p class=\"p4\"><span class=\"s1\">HANSU Avukatl\u0131k B\u00fcrosu olarak, internet sitemiz ve sitemizde yer alan bilgilendirmelerin her daim g\u00fcncel kalmas\u0131nda \u00fcst\u00fcn bir \u00f6zen g\u00f6stermekteyiz. Lakin sitemizde yer alan bilgilerin dayand\u0131\u011f\u0131 kanun, y\u00f6netmelik ve uygulamalarda de\u011fi\u015fiklik ya\u015fanmas\u0131 durumunda; sitemizde yer alan bilgi ve dosyalar g\u00fcncelli\u011fini yitirebilir. <\/span><span class=\"s2\">Bu sebeple sitemizde yer alan bilgilerin; do\u011frulu\u011fu, g\u00fcncelli\u011fi, b\u00fct\u00fcnl\u00fc\u011f\u00fc veya amaca uygunlu\u011fu \u00fczerine hi\u00e7bir \u015fekilde garanti vermemekteyiz. <\/span><\/p>\n<p class=\"p3\"><span class=\"s1\">Sitemizde yer alan bilgilerin g\u00fcvenilir kaynaklardan temini noktas\u0131nda \u00fcst\u00fcn bir gayret sergilemekteysek de <\/span><span class=\"s3\">sitemizde yer alan bilgilerde<\/span><span class=\"s1\"> hata ve yan\u0131lma pay\u0131 mevcuttur. Bu sebeple sitemizde yer alan bilgilerde bulunabilecek hatalar, eksiklikler, yanl\u0131\u015fl\u0131klar ile sitemizde bulunan bilgilerin kullan\u0131lmas\u0131 sonucu olu\u015fan kay\u0131p ve zarardan HANSU Avukatl\u0131k B\u00fcrosu olarak sorumlu tutulmam\u0131z m\u00fcmk\u00fcn de\u011fildir.<\/span><\/p>\n<p class=\"p4\"><span class=\"s2\">HANSU Avukatl\u0131k B\u00fcrosu<\/span><span class=\"s1\">, \u00fc\u00e7\u00fcnc\u00fc \u015fah\u0131slarca yay\u0131nlanan bilgi ve malzeme ile ilgili olarak herhangi bir sorumluluk kabul etmemekte olup; bu yay\u0131nlar d\u00e2hilinde yer alan bilgi, beyan ve g\u00f6r\u00fc\u015fleri do\u011frudan veya dolayl\u0131 olarak onaylamamaktad\u0131r. <\/span><span class=\"s2\">HANSU Avukatl\u0131k B\u00fcrosu<\/span><span class=\"s1\"> \u00fc\u00e7\u00fcnc\u00fc \u015fah\u0131slara ait olan, ger\u00e7e\u011fe ve yay\u0131n politikas\u0131na uygun olmad\u0131\u011f\u0131n\u0131 d\u00fc\u015f\u00fcnd\u00fc\u011f\u00fc bilgileri siteden \u00e7\u0131karma hakk\u0131n\u0131 sakl\u0131 tutmaktad\u0131r.<\/span><\/p>\n<p class=\"p3\"><span class=\"s1\">T\u00fcm bunlarla birlikte sitemizden ba\u015fka sitelere verilen ba\u011flant\u0131lar yaln\u0131zca bilgilendirme ama\u00e7l\u0131d\u0131r. Bu durum, ba\u011flant\u0131s\u0131 verilen site ve bu siteden ba\u011flant\u0131 verilecek di\u011fer sitelerde yer alan i\u00e7eriklerin taraf\u0131m\u0131zca denetlendi\u011fi, s\u00f6z konusu i\u00e7erikleri onaylad\u0131\u011f\u0131m\u0131z ve g\u00fcvenilir i\u00e7erik olarak g\u00f6rd\u00fc\u011f\u00fcm\u00fcz anlam\u0131na gelmemektedir. Bu sebeple mevzubahis edilen i\u00e7eriklerden HANSU Avukatl\u0131k B\u00fcrosu olarak sorumlu tutulmam\u0131z m\u00fcmk\u00fcn de\u011fildir.<\/span><\/p>\n<p class=\"p1\"><span class=\"s1\"><b>3. Fikri M\u00fclkiyet<\/b><\/span><\/p>\n<p class=\"p2\"><span class=\"s1\">Aksi HANSU Avukatl\u0131k B\u00fcrosu taraf\u0131ndan a\u00e7\u0131k\u00e7a belirtilmedik\u00e7e, internet sitemizde yer alan; logo, bilgi, belge, g\u00f6rsel, makale gibi dosyalar\u0131n tamam\u0131n\u0131n m\u00fclkiyeti ve kullan\u0131m hakk\u0131 HANSU Avukatl\u0131k B\u00fcrosu\u2019na aittir. Bu sebeple yaz\u0131l\u0131 iznimiz al\u0131nmaks\u0131z\u0131n, internet sitemizde yer alan logo, bilgi, belge, g\u00f6rsel, makale gibi verilerimizi kopyalaman\u0131z, \u00e7o\u011faltman\u0131z, \u015fahsi yahut ticari ama\u00e7lar \u00e7er\u00e7evesinde kullanman\u0131z m\u00fcmk\u00fcn de\u011fildir. HANSU Avukatl\u0131k B\u00fcrosu\u2019nun yaz\u0131l\u0131 izni olmad\u0131k\u00e7a, HANSU Avukatl\u0131k B\u00fcrosu taraf\u0131ndan haz\u0131rlanan i\u015fbu siteye link olu\u015fturulmas\u0131 kesinlikle yasakt\u0131r.<\/span><\/p>\n<p class=\"p3\"><span class=\"s1\">HANSU Avukatl\u0131k B\u00fcrosu ayk\u0131r\u0131 kullan\u0131m\u0131n tespiti durumunda, t\u00fcm hukuki ba\u015fvuru ve dava haklar\u0131n\u0131 sakl\u0131 tutmaktad\u0131r. <\/span><\/p>\n<p class=\"p1\"><span class=\"s1\"><b>4. Gizlilik Politikam\u0131z ve Ayd\u0131nlatma Metni<\/b><\/span><\/p>\n<p class=\"p2\"><span class=\"s1\">Haz\u0131rlam\u0131\u015f oldu\u011fumuz birtak\u0131m bilgilendirme, makale veya g\u00f6rsel en iyi \u015fekilde siz ziyaret\u00e7ilerimizin ilgisine ve bilgisine sunabilmemiz ad\u0131na; e-posta adresiniz, telefon numaran\u0131z, isim ve soy isim gibi bir k\u0131s\u0131m ki\u015fisel bilgilerinize ihtiya\u00e7 duyma olas\u0131l\u0131\u011f\u0131m\u0131z bulunmaktad\u0131r. Belirtilen ki\u015fisel verilerinizin; nas\u0131l kaydedildi\u011fi, sakland\u0131\u011f\u0131 ve kullan\u0131ld\u0131\u011f\u0131 hususlar\u0131 hakk\u0131nda bilgi edinmek i\u00e7in; HANSU Avukatl\u0131k B\u00fcrosu <\/span><span class=\"s4\">Ayd\u0131nlatma Metni<\/span><span class=\"s1\">\u2019ni inceleyiniz. Daha fazla bilgilendirme i\u00e7in b\u00fcromuzla ileti\u015fime ge\u00e7ebilirsiniz.<\/span><\/p>\n<p class=\"p4\"><span class=\"s1\">\u0130nternet sitemizi ziyaret etmeniz veya herhangi bir ileti\u015fim arac\u0131 ile HANSU Avukatl\u0131k B\u00fcrosu\u2019na ki\u015fisel veri ve bilgi g\u00f6ndermeniz, b\u00fcromuz ile taraf\u0131n\u0131z aras\u0131nda do\u011frudan avukat-m\u00fcvekkil ili\u015fkisi olu\u015fturmayacakt\u0131r. B\u00fcromuz ile avukat-m\u00fcvekkil ili\u015fkisi kurabilmeniz i\u00e7in, b\u00fcromuz ile avukatl\u0131k hizmet s\u00f6zle\u015fmesi imzalaman\u0131z ve gerekli yetkileri i\u00e7eren bir vek\u00e2letname \u00e7\u0131karman\u0131z gerekmektedir.<\/span><\/p>\n<p class=\"p1\"><span class=\"s1\"><b>5. Uygulanacak Hukuk<\/b><\/span><\/p>\n<p class=\"p2\"><span class=\"s1\">Yer verile \u015fartlar\u0131n ihlal edilmesi durumunda uygulanacak hukuk; T\u00fcrk hukuku olup; her t\u00fcrl\u00fc uyu\u015fmazl\u0131kta \u0130stanbul (\u00c7a\u011flayan) Mahkemeleri m\u00fcnhas\u0131ran yetkilidir.<\/span><\/p>\n","protected":false},"excerpt":{"rendered":"<p>1. H\u00fck\u00fcm ve Ko\u015fullar Kullan\u0131m \u015fartlar\u0131m\u0131z kapsam\u0131nda vermi\u015f oldu\u011fumuz h\u00fck\u00fcm ve ko\u015fullar internet sitemizi kullan\u0131m\u0131n\u0131za ili\u015fkindir. Ziyaret etmi\u015f oldu\u011funuz sitenin m\u00fclkiyeti HANSU Avukatl\u0131k B\u00fcrosu\u2019na aittir ve yine HANSU Avukatl\u0131k B\u00fcrosu taraf\u0131ndan y\u00f6netilmektedir. HANSU Avukatl\u0131k B\u00fcrosu, internet sitesinde, sitede yer verilen bilgi, g\u00f6rsel, makale gibi dosyalarda ve kullan\u0131m ko\u015fullar\u0131nda her t\u00fcrl\u00fc de\u011fi\u015fiklik yapma hakk\u0131n\u0131 sakl\u0131 tutmaktad\u0131r&#8230;.<\/p>\n","protected":false},"author":1,"featured_media":0,"parent":1953,"menu_order":338,"comment_status":"closed","ping_status":"closed","template":"","meta":[],"acf":[],"_links":{"self":[{"href":"https:\/\/hansu.av.tr\/tr\/wp-json\/wp\/v2\/pages\/3059"}],"collection":[{"href":"https:\/\/hansu.av.tr\/tr\/wp-json\/wp\/v2\/pages"}],"about":[{"href":"https:\/\/hansu.av.tr\/tr\/wp-json\/wp\/v2\/types\/page"}],"author":[{"embeddable":true,"href":"https:\/\/hansu.av.tr\/tr\/wp-json\/wp\/v2\/users\/1"}],"replies":[{"embeddable":true,"href":"https:\/\/hansu.av.tr\/tr\/wp-json\/wp\/v2\/comments?post=3059"}],"version-history":[{"count":0,"href":"https:\/\/hansu.av.tr\/tr\/wp-json\/wp\/v2\/pages\/3059\/revisions"}],"up":[{"embeddable":true,"href":"https:\/\/hansu.av.tr\/tr\/wp-json\/wp\/v2\/pages\/1953"}],"wp:attachment":[{"href":"https:\/\/hansu.av.tr\/tr\/wp-json\/wp\/v2\/media?parent=3059"}],"curies":[{"name":"wp","href":"https:\/\/api.w.org\/{rel}","templated":true}]}}