{"id":3110,"date":"2020-06-04T14:47:36","date_gmt":"2020-06-04T11:47:36","guid":{"rendered":"https:\/\/hansu.av.tr\/?page_id=3110"},"modified":"2020-10-03T12:14:33","modified_gmt":"2020-10-03T09:14:33","slug":"sirketler","status":"publish","type":"page","link":"https:\/\/hansu.av.tr\/tr\/icerik\/sirketler\/","title":{"rendered":"\u015eirketler"},"content":{"rendered":"\t\t<div data-elementor-type=\"wp-page\" data-elementor-id=\"3110\" class=\"elementor elementor-3110 elementor-3108\">\n\t\t\t\t\t\t<div class=\"elementor-inner\">\n\t\t\t\t<div class=\"elementor-section-wrap\">\n\t\t\t\t\t\t\t\t\t<section class=\"elementor-section elementor-top-section elementor-element elementor-element-40b9c9c7 elementor-section-boxed elementor-section-height-default elementor-section-height-default\" data-id=\"40b9c9c7\" data-element_type=\"section\">\n\t\t\t\t\t\t<div class=\"elementor-container elementor-column-gap-default\">\n\t\t\t\t\t\t\t<div class=\"elementor-row\">\n\t\t\t\t\t<div class=\"elementor-column elementor-col-100 elementor-top-column elementor-element elementor-element-12b04631\" data-id=\"12b04631\" data-element_type=\"column\">\n\t\t\t<div class=\"elementor-column-wrap elementor-element-populated\">\n\t\t\t\t\t\t\t<div class=\"elementor-widget-wrap\">\n\t\t\t\t\t\t<div class=\"elementor-element elementor-element-1af35c62 elementor-widget elementor-widget-text-editor\" data-id=\"1af35c62\" data-element_type=\"widget\" data-widget_type=\"text-editor.default\">\n\t\t\t\t<div class=\"elementor-widget-container\">\n\t\t\t\t\t\t\t\t<div class=\"elementor-text-editor elementor-clearfix\">\n\t\t\t\t<p>Hansu Avukatl\u0131k B\u00fcrosu, yat\u0131r\u0131mc\u0131lara, \u015firketlere, kurumlara ve yabanc\u0131 hukuk b\u00fcrolar\u0131na d\u00fcnya \u00e7ap\u0131nda stratejilerini geli\u015ftirmede ve projelerini ger\u00e7ekle\u015ftirmede destek olmak i\u00e7in kapsaml\u0131 ileti\u015fim a\u011flar\u0131 geli\u015ftirmi\u015f\u0327 olup yabanc\u0131 k\u00fclt\u00fcrler ve hukuk sistemleri hakk\u0131nda derinlemesine deneyim kazanm\u0131\u015f\u0327 avukatlar\u0131 ile birle\u015fme ve devralma, ortak giri\u015fim (Joint Venture) projeleri, gayrimenkul al\u0131mlar\u0131 ve uyum (Compliance) konular\u0131n\u0131n yan\u0131 s\u0131ra mahkeme ve tahkim prosed\u00fcrleri de dahil olmak \u00fczere kapsaml\u0131 bir yasal rehberlik sa\u011flamaktad\u0131r.<\/p><p>Hansu Avukatl\u0131k B\u00fcrosu, \u00e7e\u015fitli sekt\u00f6rlerdeki uzmanl\u0131\u011f\u0131 ile birlikte, a\u015fa\u011f\u0131daki konular ile s\u0131n\u0131rl\u0131 olmamak \u00fczere hukukun neredeyse t\u00fcm alanlar\u0131n\u0131 kapsayan yasal hizmetler vermektedir:<\/p><ul><li>Uluslararas\u0131 bor\u00e7lar\u0131n tahsili<\/li><li>Uluslararas\u0131 unsurlar i\u00e7eren uyu\u015fmazl\u0131klar\u0131n devlet mahkemelerinde veya tahkim s\u00fcre\u00e7lerinde ele\u00a0al\u0131nmas\u0131<\/li><li>Uluslararas\u0131l\u0131k i\u00e7eren sat\u0131\u015f\u0327, hizmet, da\u011f\u0131t\u0131m, acentelik s\u00f6zle\u015fmeleri de dahil olmak \u00fczere t\u00fcm\u00a0s\u00f6zle\u015fme taslaklar\u0131n\u0131n haz\u0131rlanmas\u0131, imzalanma prosed\u00fcrlerinin takibi<\/li><li>Yurtd\u0131\u015f\u0131nda \u015firket kurmak isteyen yat\u0131r\u0131mc\u0131lara \u015firketin esas s\u00f6zle\u015fmesinin haz\u0131rlanmas\u0131ndan,\u00a0yurtd\u0131\u015f\u0131 ticaret sicillerine kaydettirilmesine ve t\u00fcm i\u015fleyi\u015fin sorunsuz devam\u0131n\u0131n sa\u011flanmas\u0131na\u00a0y\u00f6nelik hukuki hizmet verilmesi<\/li><li>Yurtd\u0131\u015f\u0131nda \u015firket kurulumu ile ilgili olarak banka hesaplar\u0131n\u0131n a\u00e7\u0131lmas\u0131, izin ba\u015fvurular\u0131 gibi\u00a0gerekli ve tipik formasyon surecilerinde destek de dahil olmak \u00fczere \u015firket, \u015fube ve temsilciliklerin\u00a0kurulmas\u0131<\/li><li>Yabanc\u0131lar ile ger\u00e7ekle\u015ftirilecek olan t\u00fcm Birle\u015fme ve Devralma prosed\u00fcrlerinin y\u00fcr\u00fct\u00fclmesi<\/li><li>T\u00fcm uluslararas\u0131 ortak giri\u015flim projelerinin y\u00fcr\u00fct\u00fclmesi<\/li><li>Yurtd\u0131\u015f\u0131nda gayrimenkul edinimi ve s\u00f6z konusu gayrimenkul\u00fcn finansman\u0131 da dahil olmak \u00fczere\u00a0t\u00fcm projelerin y\u00f6netimi<\/li><li>Fikri m\u00fclkiyet, ticari markalar ve patentlerin yurtd\u0131\u015f\u0131nda da korunmas\u0131 i\u00e7in hukuki hizmetlerin\u00a0verilmesi<\/li><li>Yurtd\u0131\u015f\u0131nda ger\u00e7ekle\u015ftirmek istenen projelere y\u00f6nelik olarak ihale surecilerinin y\u00fcr\u00fct\u00fclmesi<\/li><\/ul><p>Hansu Avukatl\u0131k B\u00fcrosu, gerek yerel gerekse de uluslararas\u0131 ileti\u015fim a\u011f\u0131 ile m\u00fcvekkillerine t\u00fcm d\u00fcnyada uzman hukuki destek sa\u011flamaktad\u0131r. Bu kapsamda gerek b\u00fcnyemizdeki avukatlar gerekse de yurtd\u0131\u015f\u0131nda g\u00fc\u00e7l\u00fc\u0308 temaslar\u0131m\u0131z bulunan hukuk b\u00fcrolar\u0131 ile s\u00fcre\u00e7ler koordineli bir \u015fekilde y\u00fcr\u00fct\u00fclmektedir. Hansu Avukatl\u0131k B\u00fcrosu olarak bizler, her zaman ilgili yabanc\u0131 hukuk sistemi ve m\u00fcvekkillerimizin \u00f6zel gereksinimlerini g\u00f6z \u00f6n\u00fcne alarak uzman ekipler olu\u015fturmay\u0131 taahh\u00fct etmekteyiz. Bu kapsamda farkl\u0131 \u00fclkeler ve k\u00fclt\u00fcrlere ili\u015fkin olarak profesyonel yabanc\u0131 dil yatk\u0131nl\u0131\u011f\u0131na sahip ekibimiz ile a\u015fa\u011f\u0131daki \u00fclkelerde yetki alan\u0131m\u0131z d\u0131\u015f\u0131nda sizlere hizmet vermekteyiz:<\/p><p><strong>Alman Masas\u0131:\u00a0<\/strong><a href=\"mailto:ata.torun@hansu.av.tr\"><strong>ata.torun@hansu.av.tr<\/strong><\/a><\/p><p><strong>Birle\u015f<\/strong><strong>i<\/strong><strong>k Krall<\/strong><strong>\u0131<\/strong><strong>k Masas<\/strong><strong>\u0131<\/strong><strong>: <\/strong><strong><a class=\"ns-action\" href=\"mailto:njl@hansu.av.tr\" data-click-action=\"common.go\" data-params=\"new_window&amp;url=%23compose%2Fmailto%3Dnjl%2540hansu.av.tr\">njl@hansu.av.tr<\/a><\/strong><\/p><p><strong>Birle\u015f<\/strong><strong>i<\/strong><strong>k Arap Emirlikleri ve K\u00f6<\/strong><strong>r<\/strong><strong>fez \u00dc<\/strong><strong>l<\/strong><strong>keleri Masas<\/strong><strong>\u0131<\/strong><strong>:\u00a0<\/strong><a href=\"mailto:omer.hansu@hansu.av.tr\"><strong>omer.hansu@hansu.av.tr<\/strong><\/a><\/p><p><strong>Bel\u00e7<\/strong><strong>i<\/strong><strong>ka Masas<\/strong><strong>\u0131<\/strong><strong>:\u00a0<\/strong><a href=\"mailto:ebruozduran@hansu.av.tr\"><strong>ebruozduran@hansu.av.tr<\/strong><\/a><\/p><p><strong>I<\/strong><strong>\u0307<\/strong><strong>talya Masas<\/strong><strong>\u0131<\/strong><strong>:\u00a0<\/strong><a href=\"mailto:njl@hansu.av.tr\"><strong>njl@hansu.av.tr<\/strong><\/a><\/p>\t\t\t\t\t<\/div>\n\t\t\t\t\t\t<\/div>\n\t\t\t\t<\/div>\n\t\t\t\t\t\t<\/div>\n\t\t\t\t\t<\/div>\n\t\t<\/div>\n\t\t\t\t\t\t\t\t<\/div>\n\t\t\t\t\t<\/div>\n\t\t<\/section>\n\t\t\t\t\t\t\t\t\t<\/div>\n\t\t\t<\/div>\n\t\t\t\t\t<\/div>\n\t\t","protected":false},"excerpt":{"rendered":"<p>Hansu Avukatl\u0131k B\u00fcrosu, yat\u0131r\u0131mc\u0131lara, \u015firketlere, kurumlara ve yabanc\u0131 hukuk b\u00fcrolar\u0131na d\u00fcnya \u00e7ap\u0131nda stratejilerini geli\u015ftirmede ve projelerini ger\u00e7ekle\u015ftirmede destek olmak i\u00e7in kapsaml\u0131 ileti\u015fim a\u011flar\u0131 geli\u015ftirmi\u015f\u0327 olup yabanc\u0131 k\u00fclt\u00fcrler ve hukuk sistemleri hakk\u0131nda derinlemesine deneyim kazanm\u0131\u015f\u0327 avukatlar\u0131 ile birle\u015fme ve devralma, ortak giri\u015fim (Joint Venture) projeleri, gayrimenkul al\u0131mlar\u0131 ve uyum (Compliance) konular\u0131n\u0131n yan\u0131 s\u0131ra mahkeme ve tahkim&#8230;<\/p>\n","protected":false},"author":1,"featured_media":0,"parent":1953,"menu_order":454,"comment_status":"closed","ping_status":"closed","template":"","meta":[],"acf":[],"_links":{"self":[{"href":"https:\/\/hansu.av.tr\/tr\/wp-json\/wp\/v2\/pages\/3110"}],"collection":[{"href":"https:\/\/hansu.av.tr\/tr\/wp-json\/wp\/v2\/pages"}],"about":[{"href":"https:\/\/hansu.av.tr\/tr\/wp-json\/wp\/v2\/types\/page"}],"author":[{"embeddable":true,"href":"https:\/\/hansu.av.tr\/tr\/wp-json\/wp\/v2\/users\/1"}],"replies":[{"embeddable":true,"href":"https:\/\/hansu.av.tr\/tr\/wp-json\/wp\/v2\/comments?post=3110"}],"version-history":[{"count":2,"href":"https:\/\/hansu.av.tr\/tr\/wp-json\/wp\/v2\/pages\/3110\/revisions"}],"predecessor-version":[{"id":6391,"href":"https:\/\/hansu.av.tr\/tr\/wp-json\/wp\/v2\/pages\/3110\/revisions\/6391"}],"up":[{"embeddable":true,"href":"https:\/\/hansu.av.tr\/tr\/wp-json\/wp\/v2\/pages\/1953"}],"wp:attachment":[{"href":"https:\/\/hansu.av.tr\/tr\/wp-json\/wp\/v2\/media?parent=3110"}],"curies":[{"name":"wp","href":"https:\/\/api.w.org\/{rel}","templated":true}]}}