{"id":3131,"date":"2020-06-04T14:49:40","date_gmt":"2020-06-04T11:49:40","guid":{"rendered":"https:\/\/hansu.av.tr\/?page_id=3131"},"modified":"2020-10-03T12:15:30","modified_gmt":"2020-10-03T09:15:30","slug":"bireysel","status":"publish","type":"page","link":"https:\/\/hansu.av.tr\/tr\/icerik\/bireysel\/","title":{"rendered":"Bireysel"},"content":{"rendered":"\t\t<div data-elementor-type=\"wp-page\" data-elementor-id=\"3131\" class=\"elementor elementor-3131\">\n\t\t\t\t\t\t<div class=\"elementor-inner\">\n\t\t\t\t<div class=\"elementor-section-wrap\">\n\t\t\t\t\t\t\t\t\t<section class=\"elementor-section elementor-top-section elementor-element elementor-element-40b9c9c7 elementor-section-boxed elementor-section-height-default elementor-section-height-default\" data-id=\"40b9c9c7\" data-element_type=\"section\">\n\t\t\t\t\t\t<div class=\"elementor-container elementor-column-gap-default\">\n\t\t\t\t\t\t\t<div class=\"elementor-row\">\n\t\t\t\t\t<div class=\"elementor-column elementor-col-100 elementor-top-column elementor-element elementor-element-12b04631\" data-id=\"12b04631\" data-element_type=\"column\">\n\t\t\t<div class=\"elementor-column-wrap elementor-element-populated\">\n\t\t\t\t\t\t\t<div class=\"elementor-widget-wrap\">\n\t\t\t\t\t\t<div class=\"elementor-element elementor-element-1af35c62 elementor-widget elementor-widget-text-editor\" data-id=\"1af35c62\" data-element_type=\"widget\" data-widget_type=\"text-editor.default\">\n\t\t\t\t<div class=\"elementor-widget-container\">\n\t\t\t\t\t\t\t\t<div class=\"elementor-text-editor elementor-clearfix\">\n\t\t\t\t<p>Hansu Avukatl\u0131k B\u00fcrosu, yat\u0131r\u0131mc\u0131lara, \u015firketlere, kurumlara ve yabanc\u0131 hukuk b\u00fcrolar\u0131na d\u00fcnya \u00e7ap\u0131nda destek vermekte oldu\u011fu gibi; T\u00fcrkiye\u2019de veya yurtd\u0131\u015f\u0131nda ikamet eden ve T\u00fcrkiye yahut global olarak hukuki deste\u011fe ihtiyac\u0131 olan \u015fah\u0131slara da ihtiya\u00e7 duyulan her alanda hukuki hizmet vermektedir. D\u00fcnya \u00e7ap\u0131ndaki kapsaml\u0131 geni\u015f a\u011f\u0131 ve yabanc\u0131 k\u00fclt\u00fcrler ile hukuk sistemleri hakk\u0131nda derinlemesine deneyim kazanm\u0131\u015f avukatlar\u0131 ile Hansu Avukatl\u0131k B\u00fcrosu, \u015fah\u0131slara yurtd\u0131\u015f\u0131nda oturum izni ve vatanda\u015fl\u0131k al\u0131nmas\u0131, start-uplar\u0131n kurulmas\u0131, gayrimenkul al\u0131m\u0131 ve gayrimenkul al\u0131m yolu ile vatanda\u015fl\u0131k kazan\u0131lmas\u0131, ihalelere kat\u0131l\u0131nmas\u0131 ve yurtd\u0131\u015f\u0131nda yat\u0131r\u0131m dan\u0131\u015fmanl\u0131\u011f\u0131 hususlar\u0131nda kapsaml\u0131 bir yasal rehberlik sa\u011flamaktad\u0131r.<\/p><p>Hansu Avukatl\u0131k B\u00fcrosu, \u00e7e\u015fitli sekt\u00f6rlerdeki uzmanl\u0131\u011f\u0131 ile birlikte, a\u015fa\u011f\u0131daki konular ile s\u0131n\u0131rl\u0131 olmamak \u00fczere hukukun neredeyse t\u00fcm alanlar\u0131n\u0131 kapsayan yasal hizmetler vermektedir:<\/p><ul><li>Uluslararas\u0131 ticari pazarda yurtd\u0131\u015f\u0131ndan bir \u00fclke se\u00e7en \u015fah\u0131slara start-up hukuku bak\u0131m\u0131ndan hukuki destek verilmesi<\/li><li>Yurtd\u0131\u015f\u0131nda \u015firket kurulumu veya \u015fube ve temsilcilik a\u00e7\u0131lmas\u0131 s\u00fcre\u00e7lerinde \u015fah\u0131slara hukuki destek verilmesi<\/li><li>Yurtd\u0131\u015f\u0131nda gayrimenkul edinimi<\/li><li>Vatanda\u015fl\u0131k kazan\u0131m\u0131, oturma izin belgeleri konusunda hukuki destek<\/li><li>Gayrimenkul edinimi yolu ile vatanda\u015fl\u0131k kazan\u0131lmas\u0131<\/li><li>Yurtd\u0131\u015f\u0131nda ihaleye kat\u0131lma s\u00fcre\u00e7lerinin y\u00f6netilmesi<\/li><li>\u00c7al\u0131\u015fma izinlerinin al\u0131nmas\u0131<\/li><li>Yurtd\u0131\u015f\u0131 yat\u0131r\u0131m dan\u0131\u015fmanl\u0131\u011f\u0131 konusunda hukuki destek verilmesi<\/li><\/ul><p>Hansu Avukatl\u0131k B\u00fcrosu, gerek yerel gerekse de uluslararas\u0131 ileti\u015fim a\u011f\u0131 ile m\u00fcvekkillerine t\u00fcm d\u00fcnyada uzman hukuki destek sa\u011flamaktad\u0131r. Bu kapsamda gerek b\u00fcnyemizdeki avukatlar gerekse de yurtd\u0131\u015f\u0131nda g\u00fc\u00e7l\u00fc temaslar\u0131m\u0131z bulunan hukuk b\u00fcrolar\u0131 ile s\u00fcre\u00e7ler koordineli bir \u015fekilde y\u00fcr\u00fct\u00fclmektedir. Hansu Avukatl\u0131k B\u00fcrosu olarak bizler, her zaman ilgili yabanc\u0131 hukuk sistemi ve m\u00fcvekkillerimizin \u00f6zel gereksinimlerini g\u00f6z \u00f6n\u00fcne alarak uzman ekipler olu\u015fturmay\u0131 taahh\u00fct etmekteyiz. Bu kapsamda farkl\u0131 \u00fclkeler ve k\u00fclt\u00fcrlere ili\u015fkin olarak profesyonel yabanc\u0131 dil yatk\u0131nl\u0131\u011f\u0131na sahip ekibimiz ile a\u015fa\u011f\u0131daki \u00fclkelerde bulunan \u015fah\u0131slar ve bu \u00fclkelerde yat\u0131r\u0131m yapmak isteyen \u015fah\u0131slar bak\u0131m\u0131ndan yetki alan\u0131m\u0131z d\u0131\u015f\u0131nda sizlere hizmet vermekteyiz:<\/p><p><strong>Alman Masas\u0131:\u00a0<\/strong><a href=\"mailto:ata.torun@hansu.av.tr\"><strong>ata.torun@hansu.av.tr<\/strong><\/a><\/p><p><strong>Birle\u015f<\/strong><strong>i<\/strong><strong>k Krall<\/strong><strong>\u0131<\/strong><strong>k Masas<\/strong><strong>\u0131<\/strong><strong>: <a class=\"ns-action\" href=\"mailto:njl@hansu.av.tr\" data-click-action=\"common.go\" data-params=\"new_window&amp;url=%23compose%2Fmailto%3Dnjl%2540hansu.av.tr\">njl@hansu.av.tr<\/a><\/strong><\/p><p><strong>Birle\u015f<\/strong><strong>i<\/strong><strong>k Arap Emirlikleri ve K\u00f6<\/strong><strong>r<\/strong><strong>fez \u00dc<\/strong><strong>l<\/strong><strong>keleri Masas<\/strong><strong>\u0131<\/strong><strong>:\u00a0<\/strong><a href=\"mailto:omer.hansu@hansu.av.tr\"><strong>omer.hansu@hansu.av.tr<\/strong><\/a><\/p><p><strong>Bel\u00e7<\/strong><strong>i<\/strong><strong>ka Masas<\/strong><strong>\u0131<\/strong><strong>:\u00a0<\/strong><a href=\"mailto:ebruozduran@hansu.av.tr\"><strong>ebruozduran@hansu.av.tr<\/strong><\/a><\/p><p><strong>I<\/strong><strong>\u0307<\/strong><strong>talya Masas<\/strong><strong>\u0131<\/strong><strong>:\u00a0<\/strong><a href=\"mailto:njl@hansu.av.tr\"><strong>njl@hansu.av.tr<\/strong><\/a><\/p>\t\t\t\t\t<\/div>\n\t\t\t\t\t\t<\/div>\n\t\t\t\t<\/div>\n\t\t\t\t\t\t<\/div>\n\t\t\t\t\t<\/div>\n\t\t<\/div>\n\t\t\t\t\t\t\t\t<\/div>\n\t\t\t\t\t<\/div>\n\t\t<\/section>\n\t\t\t\t\t\t\t\t\t<\/div>\n\t\t\t<\/div>\n\t\t\t\t\t<\/div>\n\t\t","protected":false},"excerpt":{"rendered":"<p>Hansu Avukatl\u0131k B\u00fcrosu, yat\u0131r\u0131mc\u0131lara, \u015firketlere, kurumlara ve yabanc\u0131 hukuk b\u00fcrolar\u0131na d\u00fcnya \u00e7ap\u0131nda destek vermekte oldu\u011fu gibi; T\u00fcrkiye\u2019de veya yurtd\u0131\u015f\u0131nda ikamet eden ve T\u00fcrkiye yahut global olarak hukuki deste\u011fe ihtiyac\u0131 olan \u015fah\u0131slara da ihtiya\u00e7 duyulan her alanda hukuki hizmet vermektedir. D\u00fcnya \u00e7ap\u0131ndaki kapsaml\u0131 geni\u015f a\u011f\u0131 ve yabanc\u0131 k\u00fclt\u00fcrler ile hukuk sistemleri hakk\u0131nda derinlemesine deneyim kazanm\u0131\u015f avukatlar\u0131&#8230;<\/p>\n","protected":false},"author":1,"featured_media":0,"parent":1953,"menu_order":310,"comment_status":"closed","ping_status":"closed","template":"","meta":[],"acf":[],"_links":{"self":[{"href":"https:\/\/hansu.av.tr\/tr\/wp-json\/wp\/v2\/pages\/3131"}],"collection":[{"href":"https:\/\/hansu.av.tr\/tr\/wp-json\/wp\/v2\/pages"}],"about":[{"href":"https:\/\/hansu.av.tr\/tr\/wp-json\/wp\/v2\/types\/page"}],"author":[{"embeddable":true,"href":"https:\/\/hansu.av.tr\/tr\/wp-json\/wp\/v2\/users\/1"}],"replies":[{"embeddable":true,"href":"https:\/\/hansu.av.tr\/tr\/wp-json\/wp\/v2\/comments?post=3131"}],"version-history":[{"count":2,"href":"https:\/\/hansu.av.tr\/tr\/wp-json\/wp\/v2\/pages\/3131\/revisions"}],"predecessor-version":[{"id":6393,"href":"https:\/\/hansu.av.tr\/tr\/wp-json\/wp\/v2\/pages\/3131\/revisions\/6393"}],"up":[{"embeddable":true,"href":"https:\/\/hansu.av.tr\/tr\/wp-json\/wp\/v2\/pages\/1953"}],"wp:attachment":[{"href":"https:\/\/hansu.av.tr\/tr\/wp-json\/wp\/v2\/media?parent=3131"}],"curies":[{"name":"wp","href":"https:\/\/api.w.org\/{rel}","templated":true}]}}