{"id":3267,"date":"2020-06-08T10:31:26","date_gmt":"2020-06-08T07:31:26","guid":{"rendered":"https:\/\/hansu.av.tr\/?page_id=3267"},"modified":"2020-07-18T17:48:12","modified_gmt":"2020-07-18T14:48:12","slug":"saglik-ilac-ve-tibbi-cihaz-hukuku","status":"publish","type":"page","link":"https:\/\/hansu.av.tr\/tr\/uzmanlik-alanlarimiz\/saglik-ilac-ve-tibbi-cihaz-hukuku\/","title":{"rendered":"Sag\u0306l\u0131k, I\u0307lac\u0327 ve T\u0131bbi Cihaz Hukuku"},"content":{"rendered":"\t\t<div data-elementor-type=\"wp-post\" data-elementor-id=\"3267\" class=\"elementor elementor-3267\">\n\t\t\t\t\t\t<div class=\"elementor-inner\">\n\t\t\t\t<div class=\"elementor-section-wrap\">\n\t\t\t\t\t\t\t\t\t<section class=\"elementor-section elementor-top-section elementor-element elementor-element-a2e4677 elementor-section-boxed elementor-section-height-default elementor-section-height-default\" data-id=\"a2e4677\" data-element_type=\"section\">\n\t\t\t\t\t\t<div class=\"elementor-container elementor-column-gap-default\">\n\t\t\t\t\t\t\t<div class=\"elementor-row\">\n\t\t\t\t\t<div class=\"elementor-column elementor-col-100 elementor-top-column elementor-element elementor-element-345f9f1\" data-id=\"345f9f1\" data-element_type=\"column\">\n\t\t\t<div class=\"elementor-column-wrap elementor-element-populated\">\n\t\t\t\t\t\t\t<div class=\"elementor-widget-wrap\">\n\t\t\t\t\t\t<div class=\"elementor-element elementor-element-6bf24ca elementor-widget elementor-widget-text-editor\" data-id=\"6bf24ca\" data-element_type=\"widget\" data-widget_type=\"text-editor.default\">\n\t\t\t\t<div class=\"elementor-widget-container\">\n\t\t\t\t\t\t\t\t<div class=\"elementor-text-editor elementor-clearfix\">\n\t\t\t\t<p><strong>Sa\u011fl\u0131k Hukuku<\/strong><\/p><p>T\u00fcrkiye\u2019de son y\u0131llarda, hem kamu hem \u00f6zel sekt\u00f6r taraf\u0131ndan sa\u011fl\u0131k alan\u0131nda \u00f6nemli yat\u0131r\u0131mlar yap\u0131lm\u0131\u015f ve bu s\u00fcre\u00e7te \u00fclkemiz, sa\u011fl\u0131k turizminde b\u00f6lgesinin \u00f6nemli bir cazibe merkezi haline gelmi\u015ftir. \u00d6zellikle salg\u0131n s\u00fcreciyle birlikte yerli ila\u00e7 ve y\u00fcksek teknolojik t\u0131bbi cihaz \u00fcretiminde AR-GE\u2019ye ve yaz\u0131l\u0131mlara \u00f6nem verilerek yerel \u00fcretim oran\u0131n\u0131n y\u00fckseltilmesi ama\u00e7lanmaktad\u0131r. Ya\u015fam bilimleri ve sa\u011fl\u0131k hizmetlerinin vazge\u00e7ilmez bir bile\u015feni olan t\u0131bbi cihaz sekt\u00f6r\u00fc ayn\u0131 zamanda imalat sanayinin teknolojik geli\u015fimi ve \u00fclke ihracat\u0131n\u0131n y\u00fckselmesi bak\u0131m\u0131ndan da \u00e7ok \u00f6nemli bir konuma sahiptir.<\/p><p><strong>Nas\u0131l Yard\u0131mc\u0131 Olabiliriz?<\/strong><\/p><p>Bir\u00e7ok farkl\u0131 hukuk dal\u0131yla da do\u011frudan ili\u015fkisi olan Sa\u011fl\u0131k Hukuku alan\u0131nda Avukatl\u0131k B\u00fcromuz, tek elden hizmet verme konsepti kapsam\u0131nda ila\u00e7, t\u0131bbi gere\u00e7 ve sa\u011fl\u0131k sekt\u00f6r\u00fc ile farmakoloji ve biyoteknoloji alanlar\u0131nda faaliyet g\u00f6steren \u015firketlere en kapsaml\u0131 \u015fekilde \u00e7\u00f6z\u00fcmler \u00fcretmektedir. Bu ba\u011flamda, hastane, klinik ve sa\u011fl\u0131k kurulu\u015flar\u0131na ili\u015fkin projelerin geli\u015ftirilmesi ve hastane kurulu\u015fu konular\u0131nda hukuki altyap\u0131n\u0131n haz\u0131rlanmas\u0131, \u015firket kurulmas\u0131 veya sat\u0131n al\u0131nmas\u0131, projeye dair gayrimenkulun al\u0131m\u0131 veya kiralanmas\u0131na dair s\u00f6zle\u015fmelerin haz\u0131rlanmas\u0131, idareden gerekli izinlerin al\u0131nmas\u0131, ila\u00e7, t\u0131bbi cihaz ve medikal ekipmanlar\u0131n \u00fcretim, geli\u015ftirme, al\u0131m-sat\u0131m\u0131, da\u011f\u0131t\u0131m, distrib\u00fct\u00f6rl\u00fck s\u00f6zle\u015fmeleri ile gizlilik anla\u015fmalar\u0131n\u0131n haz\u0131rlanmas\u0131, ila\u00e7, t\u0131bbi cihaz pazarlama s\u00fcre\u00e7lerinin hukuki alt yap\u0131s\u0131n\u0131n\u0131n d\u00fczenlenmesi, fason \u00fcretim anla\u015fmalar\u0131 ile teknoloji transferi s\u00f6zle\u015fmelerinin haz\u0131rlanmas\u0131, ila\u00e7 ve t\u0131bbi cihaz marka, patent ve lisanslar\u0131n\u0131n al\u0131nmas\u0131na y\u00f6nelik s\u00fcrecin y\u00f6netimi, hastane ruhsatland\u0131rma s\u00fcre\u00e7lerinin y\u00fcr\u00fct\u00fclmesi, pazarlama izinlerinin al\u0131nmas\u0131, piyasada sirk\u00fclasyona sokulacak ila\u00e7 ve t\u0131bbi malzemelerin bakanl\u0131k izin s\u00fcre\u00e7lerinin y\u00fcr\u00fct\u00fclmesi ve kamu ihaleleri konular\u0131nda hukuki hizmet sunmaktay\u0131z. Bunun yan\u0131 s\u0131ra, ya\u015fam bilimleri ve sa\u011fl\u0131k hizmetlerini ilgilendiren alanlarda hastalar ba\u015fta olmak ki\u015fisel verilerin korunmas\u0131, Know-How korumas\u0131, fikri m\u00fclkiyet stratejisinin belirlenmesi, klinik ve g\u00f6zlemsel ara\u015ft\u0131rmalarda hukuki destek ile rekabet hukuku, i\u015f hukuku, \u00fcr\u00fcn g\u00fcvenli\u011fini ilgilendiren konularda hizmet vermekteyiz. Yine g\u00fcn\u00fcm\u00fczdeki teknolojik geli\u015fmeler \u0131\u015f\u0131\u011f\u0131nda \u00f6nem kazanan, Health-Tech projeleri ile telefon ve mobil cihazlarda kullan\u0131lan Sa\u011fl\u0131k Uygulamalar\u0131n\u0131n (\u201cHealth Apps\u201d) geli\u015ftirilmesi ve y\u00fcr\u00fct\u00fclmesi s\u00fcre\u00e7lerinde hukuki hizmet sunmaktay\u0131z. Ayr\u0131ca, ila\u00e7 ve t\u0131bbi cihaz marka ve patentlerinden do\u011fan davalarda, \u00f6zel sa\u011fl\u0131k kurulu\u015flar\u0131n\u0131n sa\u011fl\u0131k mevzuat\u0131 \u00e7er\u00e7evesinde idare ile ya\u015fad\u0131\u011f\u0131 uyu\u015fmazl\u0131klarda ve doktorlar ba\u015fta olmak \u00fczere sa\u011fl\u0131k personelinin t\u0131bbi hatalar\u0131ndan do\u011fan davalar\u0131n takibinde hizmet vermekteyiz.<\/p><p><strong>Kimlere Yard\u0131mc\u0131 Oluyoruz?<\/strong><\/p><p>Avukatl\u0131k B\u00fcromuz, hastaneler, klinikler ve di\u011fer sa\u011fl\u0131k kurulu\u015flar\u0131n\u0131n, eczanelerin, ila\u00e7 ve t\u0131bb\u0131 malzeme \u00fcretici ve tedarik\u00e7ilerinin, Start-uplar ile sa\u011fl\u0131k teknolojileri ve t\u0131bbi cihaz alan\u0131ndaki giri\u015fimcilerin, sigorta \u015firketlerinin ve kozmetik \u015firketleri olmak \u00fczere t\u00fcm ila\u00e7, t\u0131bbi gere\u00e7 ve sa\u011fl\u0131k sekt\u00f6r\u00fcnde faaliyet g\u00f6steren \u015firketlerin hukuki ihtiya\u00e7lar\u0131na cevap verme konusunda uzmanla\u015fm\u0131\u015ft\u0131r.<\/p>\t\t\t\t\t<\/div>\n\t\t\t\t\t\t<\/div>\n\t\t\t\t<\/div>\n\t\t\t\t\t\t<\/div>\n\t\t\t\t\t<\/div>\n\t\t<\/div>\n\t\t\t\t\t\t\t\t<\/div>\n\t\t\t\t\t<\/div>\n\t\t<\/section>\n\t\t\t\t\t\t\t\t\t<\/div>\n\t\t\t<\/div>\n\t\t\t\t\t<\/div>\n\t\t","protected":false},"excerpt":{"rendered":"<p>Sa\u011fl\u0131k Hukuku T\u00fcrkiye\u2019de son y\u0131llarda, hem kamu hem \u00f6zel sekt\u00f6r taraf\u0131ndan sa\u011fl\u0131k alan\u0131nda \u00f6nemli yat\u0131r\u0131mlar yap\u0131lm\u0131\u015f ve bu s\u00fcre\u00e7te \u00fclkemiz, sa\u011fl\u0131k turizminde b\u00f6lgesinin \u00f6nemli bir cazibe merkezi haline gelmi\u015ftir. \u00d6zellikle salg\u0131n s\u00fcreciyle birlikte yerli ila\u00e7 ve y\u00fcksek teknolojik t\u0131bbi cihaz \u00fcretiminde AR-GE\u2019ye ve yaz\u0131l\u0131mlara \u00f6nem verilerek yerel \u00fcretim oran\u0131n\u0131n y\u00fckseltilmesi ama\u00e7lanmaktad\u0131r. Ya\u015fam bilimleri ve sa\u011fl\u0131k&#8230;<\/p>\n","protected":false},"author":1,"featured_media":5692,"parent":1820,"menu_order":447,"comment_status":"closed","ping_status":"closed","template":"","meta":[],"acf":[],"_links":{"self":[{"href":"https:\/\/hansu.av.tr\/tr\/wp-json\/wp\/v2\/pages\/3267"}],"collection":[{"href":"https:\/\/hansu.av.tr\/tr\/wp-json\/wp\/v2\/pages"}],"about":[{"href":"https:\/\/hansu.av.tr\/tr\/wp-json\/wp\/v2\/types\/page"}],"author":[{"embeddable":true,"href":"https:\/\/hansu.av.tr\/tr\/wp-json\/wp\/v2\/users\/1"}],"replies":[{"embeddable":true,"href":"https:\/\/hansu.av.tr\/tr\/wp-json\/wp\/v2\/comments?post=3267"}],"version-history":[{"count":5,"href":"https:\/\/hansu.av.tr\/tr\/wp-json\/wp\/v2\/pages\/3267\/revisions"}],"predecessor-version":[{"id":6183,"href":"https:\/\/hansu.av.tr\/tr\/wp-json\/wp\/v2\/pages\/3267\/revisions\/6183"}],"up":[{"embeddable":true,"href":"https:\/\/hansu.av.tr\/tr\/wp-json\/wp\/v2\/pages\/1820"}],"wp:featuredmedia":[{"embeddable":true,"href":"https:\/\/hansu.av.tr\/tr\/wp-json\/wp\/v2\/media\/5692"}],"wp:attachment":[{"href":"https:\/\/hansu.av.tr\/tr\/wp-json\/wp\/v2\/media?parent=3267"}],"curies":[{"name":"wp","href":"https:\/\/api.w.org\/{rel}","templated":true}]}}