{"id":3456,"date":"2020-06-10T18:30:41","date_gmt":"2020-06-10T15:30:41","guid":{"rendered":"https:\/\/hansu.av.tr\/?page_id=3456"},"modified":"2020-06-10T18:31:31","modified_gmt":"2020-06-10T15:31:31","slug":"kimya-ve-petrol-urunleri","status":"publish","type":"page","link":"https:\/\/hansu.av.tr\/tr\/icerik\/kimya-ve-petrol-urunleri\/","title":{"rendered":"Kimya ve Petrol \u00dcr\u00fcnleri"},"content":{"rendered":"\t\t<div data-elementor-type=\"wp-page\" data-elementor-id=\"3456\" class=\"elementor elementor-3456\">\n\t\t\t\t\t\t<div class=\"elementor-inner\">\n\t\t\t\t<div class=\"elementor-section-wrap\">\n\t\t\t\t\t\t\t\t\t<section class=\"elementor-section elementor-top-section elementor-element elementor-element-40b9c9c7 elementor-section-boxed elementor-section-height-default elementor-section-height-default\" data-id=\"40b9c9c7\" data-element_type=\"section\">\n\t\t\t\t\t\t<div class=\"elementor-container elementor-column-gap-default\">\n\t\t\t\t\t\t\t<div class=\"elementor-row\">\n\t\t\t\t\t<div class=\"elementor-column elementor-col-100 elementor-top-column elementor-element elementor-element-12b04631\" data-id=\"12b04631\" data-element_type=\"column\">\n\t\t\t<div class=\"elementor-column-wrap elementor-element-populated\">\n\t\t\t\t\t\t\t<div class=\"elementor-widget-wrap\">\n\t\t\t\t\t\t<div class=\"elementor-element elementor-element-1af35c62 elementor-widget elementor-widget-text-editor\" data-id=\"1af35c62\" data-element_type=\"widget\" data-widget_type=\"text-editor.default\">\n\t\t\t\t<div class=\"elementor-widget-container\">\n\t\t\t\t\t\t\t\t<div class=\"elementor-text-editor elementor-clearfix\">\n\t\t\t\t<p>Globalle\u015fen d\u00fcnyada en \u00f6nemli sekt\u00f6rlerden biri olan kimya sanayi, pek \u00e7ok \u00e7e\u015fitli sekt\u00f6re y\u00f6nelik hammadde ve ara mal temin ederek gerek \u00fcretim gerekse de d\u0131\u015f ticarette \u00fclke ekonomilerine olduk\u00e7a b\u00fcy\u00fck katk\u0131 sa\u011flamaktad\u0131r. Geli\u015fmekte olan pazarlardaki h\u0131zl\u0131 b\u00fcy\u00fcme, \u00f6nemli yeni akt\u00f6rlerin pazarlara dahil olmas\u0131 ve benzeri g\u00f6r\u00fclmemi\u015f seviyelerde birle\u015fme ve sat\u0131n almalar, kimya ve petrol \u015firketleri ile bu \u015firketlerin faaliyet g\u00f6sterdi\u011fi alanlara yat\u0131r\u0131m yapanlar i\u00e7in hem zorluklar hem de f\u0131rsatlar yaratmaktad\u0131r. Bu kapsamda Avukatl\u0131k B\u00fcromuz a\u015fa\u011f\u0131daki faaliyetler ile s\u0131n\u0131rl\u0131 olmaks\u0131z\u0131n, kimya ve petrol sekt\u00f6rlerinde faaliyet g\u00f6steren t\u00fcm pazar akt\u00f6rlerine gerekli hukuki deneyimi tek elden sunmaktad\u0131r.<\/p><ul><li>Kimya Ve Petrol Alan\u0131nda Faaliyet G\u00f6steren Ve Bu Alanda Yat\u0131r\u0131m Yapan \u015eirketlerin Birle\u015fme Ve Devralma Prosed\u00fcrlerinin Y\u00fcr\u00fct\u00fclmesi,<\/li><li>\u00dcr\u00fcn ve Ticaret D\u00fczenleme Gibi Sekt\u00f6re \u00d6zg\u00fc Konularda Hukuki Hizmet,<\/li><li>Petrokimya \u015eirketlerinde Vergisel Uyu\u015fmazl\u0131klar\u0131n \u00c7\u00f6z\u00fcm\u00fc ve Vergi Mahkemeleri \u00d6n\u00fcnde Temsil,<\/li><li>Vergi, Sosyal G\u00fcvenlik, G\u00fcmr\u00fck Mevzuatlar\u0131 \u00c7er\u00e7evesinde Ulusal Ve Uluslararas\u0131 Petrokimya \u015eirketleri \u0130\u00e7in Vergi, Sosyal G\u00fcvenlik, G\u00fcmr\u00fck Avantajlar\u0131, Te\u015fvikleri \u0130le Hukuki Sorunlar\u0131n \u00c7\u00f6z\u00fcm\u00fcnde Hukuki Destek,<\/li><li>\u015eirketlere \u00d6zg\u00fc Ki\u015fiselle\u015ftirilmi\u015f Yakla\u015f\u0131mlar,<\/li><li>Mevzuata Uygunluk Denetimi S\u00fcre\u00e7lerinin Y\u00fcr\u00fct\u00fclmesi,<\/li><li>Tedarik S\u00f6zle\u015fmelerinin D\u00fczenlenmesi,<\/li><li>Hisse Devri S\u00f6zle\u015fmelerinin D\u00fczenlenmesi ve \u015eirket Ana S\u00f6zle\u015fmelerinin Tanzimi,<\/li><li>Petrol Tesisi Kurulum Projelerinin Hukuki Altyap\u0131lar\u0131n\u0131n Olu\u015fturulmas\u0131, Bakanl\u0131k \u0130zinlerinin Al\u0131nmas\u0131 ve Gerekli \u0130dari Merciler \u00d6n\u00fcnde T\u00fcm Prosed\u00fcrlerin Y\u00f6netilmesi.<\/li><\/ul>\t\t\t\t\t<\/div>\n\t\t\t\t\t\t<\/div>\n\t\t\t\t<\/div>\n\t\t\t\t\t\t<\/div>\n\t\t\t\t\t<\/div>\n\t\t<\/div>\n\t\t\t\t\t\t\t\t<\/div>\n\t\t\t\t\t<\/div>\n\t\t<\/section>\n\t\t\t\t\t\t\t\t\t<\/div>\n\t\t\t<\/div>\n\t\t\t\t\t<\/div>\n\t\t","protected":false},"excerpt":{"rendered":"<p>Globalle\u015fen d\u00fcnyada en \u00f6nemli sekt\u00f6rlerden biri olan kimya sanayi, pek \u00e7ok \u00e7e\u015fitli sekt\u00f6re y\u00f6nelik hammadde ve ara mal temin ederek gerek \u00fcretim gerekse de d\u0131\u015f ticarette \u00fclke ekonomilerine olduk\u00e7a b\u00fcy\u00fck katk\u0131 sa\u011flamaktad\u0131r. Geli\u015fmekte olan pazarlardaki h\u0131zl\u0131 b\u00fcy\u00fcme, \u00f6nemli yeni akt\u00f6rlerin pazarlara dahil olmas\u0131 ve benzeri g\u00f6r\u00fclmemi\u015f seviyelerde birle\u015fme ve sat\u0131n almalar, kimya ve petrol \u015firketleri&#8230;<\/p>\n","protected":false},"author":1,"featured_media":0,"parent":1953,"menu_order":388,"comment_status":"closed","ping_status":"closed","template":"","meta":[],"acf":[],"_links":{"self":[{"href":"https:\/\/hansu.av.tr\/tr\/wp-json\/wp\/v2\/pages\/3456"}],"collection":[{"href":"https:\/\/hansu.av.tr\/tr\/wp-json\/wp\/v2\/pages"}],"about":[{"href":"https:\/\/hansu.av.tr\/tr\/wp-json\/wp\/v2\/types\/page"}],"author":[{"embeddable":true,"href":"https:\/\/hansu.av.tr\/tr\/wp-json\/wp\/v2\/users\/1"}],"replies":[{"embeddable":true,"href":"https:\/\/hansu.av.tr\/tr\/wp-json\/wp\/v2\/comments?post=3456"}],"version-history":[{"count":0,"href":"https:\/\/hansu.av.tr\/tr\/wp-json\/wp\/v2\/pages\/3456\/revisions"}],"up":[{"embeddable":true,"href":"https:\/\/hansu.av.tr\/tr\/wp-json\/wp\/v2\/pages\/1953"}],"wp:attachment":[{"href":"https:\/\/hansu.av.tr\/tr\/wp-json\/wp\/v2\/media?parent=3456"}],"curies":[{"name":"wp","href":"https:\/\/api.w.org\/{rel}","templated":true}]}}