{"id":3514,"date":"2020-07-06T14:50:34","date_gmt":"2020-07-06T11:50:34","guid":{"rendered":"https:\/\/hansu.av.tr\/?page_id=3514"},"modified":"2020-07-09T17:50:31","modified_gmt":"2020-07-09T14:50:31","slug":"gayrimenkul-ve-kira","status":"publish","type":"page","link":"https:\/\/hansu.av.tr\/tr\/sektorler\/gayrimenkul-ve-kira\/","title":{"rendered":"Gayrimenkul ve Kira"},"content":{"rendered":"\t\t<div data-elementor-type=\"wp-page\" data-elementor-id=\"3514\" class=\"elementor elementor-3514 elementor-3512\">\n\t\t\t\t\t\t<div class=\"elementor-inner\">\n\t\t\t\t<div class=\"elementor-section-wrap\">\n\t\t\t\t\t\t\t\t\t<section class=\"elementor-section elementor-top-section elementor-element elementor-element-40b9c9c7 elementor-section-boxed elementor-section-height-default elementor-section-height-default\" data-id=\"40b9c9c7\" data-element_type=\"section\">\n\t\t\t\t\t\t<div class=\"elementor-container elementor-column-gap-default\">\n\t\t\t\t\t\t\t<div class=\"elementor-row\">\n\t\t\t\t\t<div class=\"elementor-column elementor-col-100 elementor-top-column elementor-element elementor-element-12b04631\" data-id=\"12b04631\" data-element_type=\"column\">\n\t\t\t<div class=\"elementor-column-wrap elementor-element-populated\">\n\t\t\t\t\t\t\t<div class=\"elementor-widget-wrap\">\n\t\t\t\t\t\t<div class=\"elementor-element elementor-element-1af35c62 elementor-widget elementor-widget-text-editor\" data-id=\"1af35c62\" data-element_type=\"widget\" data-widget_type=\"text-editor.default\">\n\t\t\t\t<div class=\"elementor-widget-container\">\n\t\t\t\t\t\t\t\t<div class=\"elementor-text-editor elementor-clearfix\">\n\t\t\t\t<ul><li>Kat kar\u015f\u0131l\u0131\u011f\u0131 in\u015faat s\u00f6zle\u015fmelerinin haz\u0131rlanmas\u0131 ve uygulanmas\u0131<\/li><li>Gayrimenkul proje koordinasyonu<\/li><li>Tapu iptal tescil davalar\u0131nda temsil<\/li><li>Tevhid, ifraz, fera\u011f ve icbar i\u015flemleri ile bu konularda y\u00fcr\u00fct\u00fclen davalar<\/li><li>Yat\u0131r\u0131mc\u0131 ve in\u015faat \u015firketlerini bir araya getiren b\u00fcy\u00fck \u00f6l\u00e7ekli Projelerin finansman ve ortakl\u0131k yap\u0131lar\u0131na ili\u015fkin s\u00f6zle\u015fme s\u00fcre\u00e7lerinin y\u00fcr\u00fct\u00fclmesi<\/li><li>Kira s\u00f6zle\u015fmelerinin haz\u0131rlanmas\u0131<\/li><li>Kira tespit, uyarlama ve tahliye davalar\u0131n\u0131n y\u00fcr\u00fct\u00fclmesi<\/li><li>Kat kar\u015f\u0131l\u0131\u011f\u0131 in\u015faat s\u00f6zle\u015fmelerinin geriye ve ileriye y\u00f6nelik feshi ve ilgili davalarda temsil<\/li><li>Finansal kiralama s\u00f6zle\u015fmeleri<\/li><li>\u0130n\u015faat ruhsat\u0131 ve sair idari i\u015flem s\u00fcre\u00e7lerini koordinasyonu<\/li><li>Proje uygulamalar\u0131nda vergisel y\u00fck\u00fcml\u00fcl\u00fcklerin minimize edilmesi<\/li><li>Tarihi eser niteli\u011findeki gayrimenkullerin restore edilmesi, gerekli s\u00f6zle\u015fme ve idari s\u00fcrecin takibi<\/li><li>\u0130mar planlar\u0131na kar\u015f\u0131 itiraz ve dava s\u00fcre\u00e7lerinin takibi<\/li><li>Kadastro uygulamalar\u0131n\u0131n takibi ve ilgili dava s\u00fcre\u00e7lerinin y\u00fcr\u00fct\u00fclmesi<\/li><li>Miras hukukundan kaynaklanan her t\u00fcrl\u00fc gayrimenkul dava s\u00fcre\u00e7lerinin takibi<\/li><\/ul>\t\t\t\t\t<\/div>\n\t\t\t\t\t\t<\/div>\n\t\t\t\t<\/div>\n\t\t\t\t\t\t<\/div>\n\t\t\t\t\t<\/div>\n\t\t<\/div>\n\t\t\t\t\t\t\t\t<\/div>\n\t\t\t\t\t<\/div>\n\t\t<\/section>\n\t\t\t\t\t\t\t\t\t<\/div>\n\t\t\t<\/div>\n\t\t\t\t\t<\/div>\n\t\t","protected":false},"excerpt":{"rendered":"<p>Kat kar\u015f\u0131l\u0131\u011f\u0131 in\u015faat s\u00f6zle\u015fmelerinin haz\u0131rlanmas\u0131 ve uygulanmas\u0131 Gayrimenkul proje koordinasyonu Tapu iptal tescil davalar\u0131nda temsil Tevhid, ifraz, fera\u011f ve icbar i\u015flemleri ile bu konularda y\u00fcr\u00fct\u00fclen davalar Yat\u0131r\u0131mc\u0131 ve in\u015faat \u015firketlerini bir araya getiren b\u00fcy\u00fck \u00f6l\u00e7ekli Projelerin finansman ve ortakl\u0131k yap\u0131lar\u0131na ili\u015fkin s\u00f6zle\u015fme s\u00fcre\u00e7lerinin y\u00fcr\u00fct\u00fclmesi Kira s\u00f6zle\u015fmelerinin haz\u0131rlanmas\u0131 Kira tespit, uyarlama ve tahliye davalar\u0131n\u0131n y\u00fcr\u00fct\u00fclmesi Kat&#8230;<\/p>\n","protected":false},"author":1,"featured_media":4809,"parent":4555,"menu_order":473,"comment_status":"closed","ping_status":"closed","template":"","meta":[],"acf":[],"_links":{"self":[{"href":"https:\/\/hansu.av.tr\/tr\/wp-json\/wp\/v2\/pages\/3514"}],"collection":[{"href":"https:\/\/hansu.av.tr\/tr\/wp-json\/wp\/v2\/pages"}],"about":[{"href":"https:\/\/hansu.av.tr\/tr\/wp-json\/wp\/v2\/types\/page"}],"author":[{"embeddable":true,"href":"https:\/\/hansu.av.tr\/tr\/wp-json\/wp\/v2\/users\/1"}],"replies":[{"embeddable":true,"href":"https:\/\/hansu.av.tr\/tr\/wp-json\/wp\/v2\/comments?post=3514"}],"version-history":[{"count":0,"href":"https:\/\/hansu.av.tr\/tr\/wp-json\/wp\/v2\/pages\/3514\/revisions"}],"up":[{"embeddable":true,"href":"https:\/\/hansu.av.tr\/tr\/wp-json\/wp\/v2\/pages\/4555"}],"wp:featuredmedia":[{"embeddable":true,"href":"https:\/\/hansu.av.tr\/tr\/wp-json\/wp\/v2\/media\/4809"}],"wp:attachment":[{"href":"https:\/\/hansu.av.tr\/tr\/wp-json\/wp\/v2\/media?parent=3514"}],"curies":[{"name":"wp","href":"https:\/\/api.w.org\/{rel}","templated":true}]}}