{"id":3520,"date":"2020-07-06T11:26:18","date_gmt":"2020-07-06T08:26:18","guid":{"rendered":"https:\/\/hansu.av.tr\/?page_id=3520"},"modified":"2020-07-09T17:49:59","modified_gmt":"2020-07-09T14:49:59","slug":"enerji-ve-maden-sektoru","status":"publish","type":"page","link":"https:\/\/hansu.av.tr\/tr\/sektorler\/enerji-ve-maden-sektoru\/","title":{"rendered":"Enerji ve Maden Sekt\u00f6r\u00fc"},"content":{"rendered":"\t\t<div data-elementor-type=\"wp-page\" data-elementor-id=\"3520\" class=\"elementor elementor-3520 elementor-3518\">\n\t\t\t\t\t\t<div class=\"elementor-inner\">\n\t\t\t\t<div class=\"elementor-section-wrap\">\n\t\t\t\t\t\t\t\t\t<section class=\"elementor-section elementor-top-section elementor-element elementor-element-40b9c9c7 elementor-section-boxed elementor-section-height-default elementor-section-height-default\" data-id=\"40b9c9c7\" data-element_type=\"section\">\n\t\t\t\t\t\t<div class=\"elementor-container elementor-column-gap-default\">\n\t\t\t\t\t\t\t<div class=\"elementor-row\">\n\t\t\t\t\t<div class=\"elementor-column elementor-col-100 elementor-top-column elementor-element elementor-element-12b04631\" data-id=\"12b04631\" data-element_type=\"column\">\n\t\t\t<div class=\"elementor-column-wrap elementor-element-populated\">\n\t\t\t\t\t\t\t<div class=\"elementor-widget-wrap\">\n\t\t\t\t\t\t<div class=\"elementor-element elementor-element-1af35c62 elementor-widget elementor-widget-text-editor\" data-id=\"1af35c62\" data-element_type=\"widget\" data-widget_type=\"text-editor.default\">\n\t\t\t\t<div class=\"elementor-widget-container\">\n\t\t\t\t\t\t\t\t<div class=\"elementor-text-editor elementor-clearfix\">\n\t\t\t\t<ul><li>Enerji Piyasas\u0131 ile ilgili Lisans, izin ve ruhsata y\u00f6nelik her t\u00fcr i\u015flemler<\/li><li>EPDK ile ilgili her t\u00fcrl\u00fc prosed\u00fcr\u00fcn ger\u00e7ekle\u015ftirilmesi<\/li><li>Enerji projelerinin finansman\u0131 konusunda hukuki dan\u0131\u015fmanl\u0131k<\/li><li>Enerji \u015firketlerinin kurulumu, bu \u015firketler ile ilgili due diligence raporlar\u0131n\u0131n haz\u0131rlanmas\u0131, hisse devirleri<\/li><li>Enerji sekt\u00f6r\u00fcnde kamula\u015ft\u0131rma, \u00f6zelle\u015ftirme, birle\u015fme ve devralma s\u00fcre\u00e7lerinde hukuki dan\u0131\u015fmanl\u0131k ve avukatl\u0131k hizmetleri<\/li><li>Su, r\u00fczgar, g\u00fcne\u015f gibi yenilenebilir enerji kaynaklar\u0131ndan elektrik \u00fcretimi santrallerinin kurulumuna ili\u015fkin ba\u015fvuru ve di\u011fer i\u015flemler<\/li><li>\u00c7ED raporunun al\u0131nmas\u0131 ve \u00c7ED raporuna kar\u015f\u0131 a\u00e7\u0131lan davalar\u0131n takibi<\/li><li>Enerji hukukundaki reg\u00fclasyonlara y\u00f6nelik hukuki dan\u0131\u015fmanl\u0131k<\/li><li>Sondaj ve rehabilitasyon s\u00f6zle\u015fmeleri<\/li><li>Elektrik Piyasas\u0131nda Elektrik \u00dcretimi, Da\u011f\u0131t\u0131m ve Sat\u0131\u015f\u0131<\/li><li>Karbon sal\u0131n\u0131m\u0131n\u0131 azaltma s\u00f6zle\u015fmesi, \u00fcretim payla\u015f\u0131m s\u00f6zle\u015fmesi, enerji sekt\u00f6r\u00fcndeki in\u015faat s\u00f6zle\u015fmeleri, elektrik ba\u011flant\u0131 ve nakil s\u00f6zle\u015fmesi, t\u00fcrbin ve kurulum s\u00f6zle\u015fmesi, vergi da\u011f\u0131t\u0131m s\u00f6zle\u015fmesi, r\u00f6d\u00f6vans s\u00f6zle\u015fmesi, da\u011f\u0131t\u0131c\u0131 bayi ana s\u00f6zle\u015fmeleri, EPC ve PPA s\u00f6zle\u015fmelerinin haz\u0131rlanmas\u0131<\/li><li>Elektrik enerjisi t\u00fcketicilerinin kay\u0131p ka\u00e7ak bedeli, saya\u00e7 okuma, perakande sat\u0131\u015f hizmet bedeli, sistem kullan\u0131m bedeli alt\u0131nda elektrik da\u011f\u0131t\u0131m \u015firketlerine \u00f6dedikleri bedelin iadesine y\u00f6nelik hukuki hizmetlerin y\u00fcr\u00fct\u00fclmesi<\/li><li>\u00d6zelle\u015ftirme yolu ile hidroelektrik santrallerinin sat\u0131n al\u0131nmas\u0131<\/li><li>EPDK ve idari makamlarca kesilen para cezalar\u0131n\u0131n iptali<\/li><li>Akaryak\u0131t ve LPG da\u011f\u0131t\u0131m \u015firketleri ile \u015firket bayilerine hukuki dan\u0131\u015fmanl\u0131k<\/li><li>Elektrik ve do\u011falgaz Perakende da\u011f\u0131t\u0131m \u015firketlerinin alacaklar\u0131n\u0131n kurumsal olarak tahsili ve icrai s\u00fcrecinin takibi<\/li><li>Maden aramaya ili\u015fkin ruhsat ve izinlerin al\u0131nmas\u0131, ruhsat devri i\u015flemleri<\/li><li>Madencilik sekt\u00f6r\u00fcnde durum tespiti, arazi tahsisi, arazi al\u0131m\u0131 ve birle\u015ftirme, imtiyaz kazan\u0131m\u0131, lisanslama, intifa ve irtifak tesisis,<\/li><li>Maden oca\u011f\u0131 i\u015fletme kira s\u00f6zle\u015fmeleri<\/li><li>\u00c7evre etkisi de\u011ferlendirme hizmetleri<\/li><li>Madencilik faaliyetlerinin finansman ve g\u00fcvenlile\u015ftirme \u00e7al\u0131\u015fmalar\u0131,<\/li><li>\u00d6\u011f\u00fctme, \u00fccret kar\u015f\u0131l\u0131\u011f\u0131 i\u015fleme ve ar\u0131tma s\u00f6zle\u015fmelerinin de\u011ferlendirilmesi, tasla\u011f\u0131n\u0131n haz\u0131rlanmas\u0131 ve uygulamaya konmas\u0131<\/li><li>Madenler ve maden ruhsatlar\u0131 \u00fczerine rehin, haciz, ipotek ve ihtiyati tedbir konulmas\u0131.<\/li><li>Maden oca\u011f\u0131 kazalar\u0131 davalar\u0131<\/li><li>Maden Devlet haklar\u0131 ve teminat iratlar\u0131 konusunda olu\u015fan ihtilaflar,<\/li><li>Maden ruhsatlar\u0131 ile; su havzalar\u0131, milli parklar, yaban hayat\u0131 alanlar\u0131, sit alanlar\u0131, zeytinlik alanlar, tar\u0131m alanlar\u0131, organize sanayi b\u00f6lgeleri ile \u00f6zel \u00e7evre koruma b\u00f6lgelerinin \u00e7ak\u0131\u015fmas\u0131ndan do\u011fan ihtilaflar,<\/li><li>Madencilik faaliyetlerinin; \u00f6zel m\u00fclkiyet, imar alanlar\u0131 i\u00e7erisinde kalmas\u0131 ve \u00e7evre d\u00fczeni planlar\u0131 ile ili\u015fkisinden do\u011fan uyu\u015fmazl\u0131klar.<\/li><li>Maden ihaleleri ile ilgili usul ve esastan kaynaklanan davalar.<\/li><\/ul>\t\t\t\t\t<\/div>\n\t\t\t\t\t\t<\/div>\n\t\t\t\t<\/div>\n\t\t\t\t\t\t<\/div>\n\t\t\t\t\t<\/div>\n\t\t<\/div>\n\t\t\t\t\t\t\t\t<\/div>\n\t\t\t\t\t<\/div>\n\t\t<\/section>\n\t\t\t\t\t\t\t\t\t<\/div>\n\t\t\t<\/div>\n\t\t\t\t\t<\/div>\n\t\t","protected":false},"excerpt":{"rendered":"<p>Enerji Piyasas\u0131 ile ilgili Lisans, izin ve ruhsata y\u00f6nelik her t\u00fcr i\u015flemler EPDK ile ilgili her t\u00fcrl\u00fc prosed\u00fcr\u00fcn ger\u00e7ekle\u015ftirilmesi Enerji projelerinin finansman\u0131 konusunda hukuki dan\u0131\u015fmanl\u0131k Enerji \u015firketlerinin kurulumu, bu \u015firketler ile ilgili due diligence raporlar\u0131n\u0131n haz\u0131rlanmas\u0131, hisse devirleri Enerji sekt\u00f6r\u00fcnde kamula\u015ft\u0131rma, \u00f6zelle\u015ftirme, birle\u015fme ve devralma s\u00fcre\u00e7lerinde hukuki dan\u0131\u015fmanl\u0131k ve avukatl\u0131k hizmetleri Su, r\u00fczgar, g\u00fcne\u015f gibi&#8230;<\/p>\n","protected":false},"author":1,"featured_media":4812,"parent":4555,"menu_order":352,"comment_status":"closed","ping_status":"closed","template":"","meta":[],"acf":[],"_links":{"self":[{"href":"https:\/\/hansu.av.tr\/tr\/wp-json\/wp\/v2\/pages\/3520"}],"collection":[{"href":"https:\/\/hansu.av.tr\/tr\/wp-json\/wp\/v2\/pages"}],"about":[{"href":"https:\/\/hansu.av.tr\/tr\/wp-json\/wp\/v2\/types\/page"}],"author":[{"embeddable":true,"href":"https:\/\/hansu.av.tr\/tr\/wp-json\/wp\/v2\/users\/1"}],"replies":[{"embeddable":true,"href":"https:\/\/hansu.av.tr\/tr\/wp-json\/wp\/v2\/comments?post=3520"}],"version-history":[{"count":0,"href":"https:\/\/hansu.av.tr\/tr\/wp-json\/wp\/v2\/pages\/3520\/revisions"}],"up":[{"embeddable":true,"href":"https:\/\/hansu.av.tr\/tr\/wp-json\/wp\/v2\/pages\/4555"}],"wp:featuredmedia":[{"embeddable":true,"href":"https:\/\/hansu.av.tr\/tr\/wp-json\/wp\/v2\/media\/4812"}],"wp:attachment":[{"href":"https:\/\/hansu.av.tr\/tr\/wp-json\/wp\/v2\/media?parent=3520"}],"curies":[{"name":"wp","href":"https:\/\/api.w.org\/{rel}","templated":true}]}}