{"id":3526,"date":"2020-07-06T11:32:52","date_gmt":"2020-07-06T08:32:52","guid":{"rendered":"https:\/\/hansu.av.tr\/?page_id=3526"},"modified":"2020-07-09T17:31:38","modified_gmt":"2020-07-09T14:31:38","slug":"kimya-ve-petrol-urunleri","status":"publish","type":"page","link":"https:\/\/hansu.av.tr\/tr\/sektorler\/kimya-ve-petrol-urunleri\/","title":{"rendered":"Kimya ve Petrol \u00dcr\u00fcnleri"},"content":{"rendered":"\t\t<div data-elementor-type=\"wp-page\" data-elementor-id=\"3526\" class=\"elementor elementor-3526 elementor-3524\">\n\t\t\t\t\t\t<div class=\"elementor-inner\">\n\t\t\t\t<div class=\"elementor-section-wrap\">\n\t\t\t\t\t\t\t\t\t<section class=\"elementor-section elementor-top-section elementor-element elementor-element-40b9c9c7 elementor-section-boxed elementor-section-height-default elementor-section-height-default\" data-id=\"40b9c9c7\" data-element_type=\"section\">\n\t\t\t\t\t\t<div class=\"elementor-container elementor-column-gap-default\">\n\t\t\t\t\t\t\t<div class=\"elementor-row\">\n\t\t\t\t\t<div class=\"elementor-column elementor-col-100 elementor-top-column elementor-element elementor-element-12b04631\" data-id=\"12b04631\" data-element_type=\"column\">\n\t\t\t<div class=\"elementor-column-wrap elementor-element-populated\">\n\t\t\t\t\t\t\t<div class=\"elementor-widget-wrap\">\n\t\t\t\t\t\t<div class=\"elementor-element elementor-element-1af35c62 elementor-widget elementor-widget-text-editor\" data-id=\"1af35c62\" data-element_type=\"widget\" data-widget_type=\"text-editor.default\">\n\t\t\t\t<div class=\"elementor-widget-container\">\n\t\t\t\t\t\t\t\t<div class=\"elementor-text-editor elementor-clearfix\">\n\t\t\t\t<ul><li>Kimya Ve Petrol Alan\u0131nda Faaliyet G\u00f6steren Ve Bu Alanda Yat\u0131r\u0131m Yapan \u015eirketlerin Birle\u015fme Ve Devralma Prosed\u00fcrlerinin Y\u00fcr\u00fct\u00fclmesi,<\/li><li>\u00dcr\u00fcn ve Ticaret D\u00fczenleme Gibi Sekt\u00f6re \u00d6zg\u00fc Konularda Hukuki Hizmet,<\/li><li>Petrokimya \u015eirketlerinde Vergisel Uyu\u015fmazl\u0131klar\u0131n \u00c7\u00f6z\u00fcm\u00fc ve Vergi Mahkemeleri \u00d6n\u00fcnde Temsil,<\/li><li>Vergi, Sosyal G\u00fcvenlik, G\u00fcmr\u00fck Mevzuatlar\u0131 \u00c7er\u00e7evesinde Ulusal Ve Uluslararas\u0131 Petrokimya \u015eirketleri \u0130\u00e7in Vergi, Sosyal G\u00fcvenlik, G\u00fcmr\u00fck Avantajlar\u0131, Te\u015fvikleri \u0130le Hukuki Sorunlar\u0131n \u00c7\u00f6z\u00fcm\u00fcnde Hukuki Destek,<\/li><li>\u015eirketlere \u00d6zg\u00fc Ki\u015fiselle\u015ftirilmi\u015f Yakla\u015f\u0131mlar,<\/li><li>Mevzuata Uygunluk Denetimi S\u00fcre\u00e7lerinin Y\u00fcr\u00fct\u00fclmesi,<\/li><li>Tedarik S\u00f6zle\u015fmelerinin D\u00fczenlenmesi,<\/li><li>Hisse Devri S\u00f6zle\u015fmelerinin D\u00fczenlenmesi ve \u015eirket Ana S\u00f6zle\u015fmelerinin Tanzimi,<\/li><li>Petrol Tesisi Kurulum Projelerinin Hukuki Altyap\u0131lar\u0131n\u0131n Olu\u015fturulmas\u0131, Bakanl\u0131k \u0130zinlerinin Al\u0131nmas\u0131 ve Gerekli \u0130dari Merciler \u00d6n\u00fcnde T\u00fcm Prosed\u00fcrlerin Y\u00f6netilmesi.<\/li><\/ul>\t\t\t\t\t<\/div>\n\t\t\t\t\t\t<\/div>\n\t\t\t\t<\/div>\n\t\t\t\t\t\t<\/div>\n\t\t\t\t\t<\/div>\n\t\t<\/div>\n\t\t\t\t\t\t\t\t<\/div>\n\t\t\t\t\t<\/div>\n\t\t<\/section>\n\t\t\t\t\t\t\t\t\t<\/div>\n\t\t\t<\/div>\n\t\t\t\t\t<\/div>\n\t\t","protected":false},"excerpt":{"rendered":"<p>Kimya Ve Petrol Alan\u0131nda Faaliyet G\u00f6steren Ve Bu Alanda Yat\u0131r\u0131m Yapan \u015eirketlerin Birle\u015fme Ve Devralma Prosed\u00fcrlerinin Y\u00fcr\u00fct\u00fclmesi, \u00dcr\u00fcn ve Ticaret D\u00fczenleme Gibi Sekt\u00f6re \u00d6zg\u00fc Konularda Hukuki Hizmet, Petrokimya \u015eirketlerinde Vergisel Uyu\u015fmazl\u0131klar\u0131n \u00c7\u00f6z\u00fcm\u00fc ve Vergi Mahkemeleri \u00d6n\u00fcnde Temsil, Vergi, Sosyal G\u00fcvenlik, G\u00fcmr\u00fck Mevzuatlar\u0131 \u00c7er\u00e7evesinde Ulusal Ve Uluslararas\u0131 Petrokimya \u015eirketleri \u0130\u00e7in Vergi, Sosyal G\u00fcvenlik, G\u00fcmr\u00fck Avantajlar\u0131, Te\u015fvikleri&#8230;<\/p>\n","protected":false},"author":1,"featured_media":4816,"parent":4555,"menu_order":209,"comment_status":"closed","ping_status":"closed","template":"","meta":[],"acf":[],"_links":{"self":[{"href":"https:\/\/hansu.av.tr\/tr\/wp-json\/wp\/v2\/pages\/3526"}],"collection":[{"href":"https:\/\/hansu.av.tr\/tr\/wp-json\/wp\/v2\/pages"}],"about":[{"href":"https:\/\/hansu.av.tr\/tr\/wp-json\/wp\/v2\/types\/page"}],"author":[{"embeddable":true,"href":"https:\/\/hansu.av.tr\/tr\/wp-json\/wp\/v2\/users\/1"}],"replies":[{"embeddable":true,"href":"https:\/\/hansu.av.tr\/tr\/wp-json\/wp\/v2\/comments?post=3526"}],"version-history":[{"count":0,"href":"https:\/\/hansu.av.tr\/tr\/wp-json\/wp\/v2\/pages\/3526\/revisions"}],"up":[{"embeddable":true,"href":"https:\/\/hansu.av.tr\/tr\/wp-json\/wp\/v2\/pages\/4555"}],"wp:featuredmedia":[{"embeddable":true,"href":"https:\/\/hansu.av.tr\/tr\/wp-json\/wp\/v2\/media\/4816"}],"wp:attachment":[{"href":"https:\/\/hansu.av.tr\/tr\/wp-json\/wp\/v2\/media?parent=3526"}],"curies":[{"name":"wp","href":"https:\/\/api.w.org\/{rel}","templated":true}]}}