{"id":3532,"date":"2020-07-06T11:36:55","date_gmt":"2020-07-06T08:36:55","guid":{"rendered":"https:\/\/hansu.av.tr\/?page_id=3532"},"modified":"2020-07-09T17:33:57","modified_gmt":"2020-07-09T14:33:57","slug":"sigorta-ve-reasurans","status":"publish","type":"page","link":"https:\/\/hansu.av.tr\/tr\/sektorler\/sigorta-ve-reasurans\/","title":{"rendered":"Sigorta ve Reas\u00fcrans"},"content":{"rendered":"\t\t<div data-elementor-type=\"wp-page\" data-elementor-id=\"3532\" class=\"elementor elementor-3532 elementor-3530\">\n\t\t\t\t\t\t<div class=\"elementor-inner\">\n\t\t\t\t<div class=\"elementor-section-wrap\">\n\t\t\t\t\t\t\t\t\t<section class=\"elementor-section elementor-top-section elementor-element elementor-element-40b9c9c7 elementor-section-boxed elementor-section-height-default elementor-section-height-default\" data-id=\"40b9c9c7\" data-element_type=\"section\">\n\t\t\t\t\t\t<div class=\"elementor-container elementor-column-gap-default\">\n\t\t\t\t\t\t\t<div class=\"elementor-row\">\n\t\t\t\t\t<div class=\"elementor-column elementor-col-100 elementor-top-column elementor-element elementor-element-12b04631\" data-id=\"12b04631\" data-element_type=\"column\">\n\t\t\t<div class=\"elementor-column-wrap elementor-element-populated\">\n\t\t\t\t\t\t\t<div class=\"elementor-widget-wrap\">\n\t\t\t\t\t\t<div class=\"elementor-element elementor-element-1af35c62 elementor-widget elementor-widget-text-editor\" data-id=\"1af35c62\" data-element_type=\"widget\" data-widget_type=\"text-editor.default\">\n\t\t\t\t<div class=\"elementor-widget-container\">\n\t\t\t\t\t\t\t\t<div class=\"elementor-text-editor elementor-clearfix\">\n\t\t\t\t<ul><li>Sigorta R\u00fccu Davalar\u0131,<\/li><li>Sigorta Hukukunun D\u00fczenleyici ve Operasyonel Y\u00f6nleri,<\/li><li>Sigorta \u015eirketlerinin Kurulu\u015fu,<\/li><li>Paylar\u0131n Devral\u0131nmas\u0131,<\/li><li>\u0130n\u015faattan, M\u00fchendislikten ve Mekanikten Kaynaklanan Kusurlar, Ki\u015fisel Yaralanmalar ve \u00dc\u00e7\u00fcnc\u00fc \u015eah\u0131s Sorumluluk Poli\u00e7eleri,<\/li><li>\u015eirket Y\u00f6neticileri, \u0130\u015fverenler ve Direkt\u00f6rlerin Sorumlulu\u011funu D\u00fczenleyen Poli\u00e7eler,<\/li><li>Veri korumas\u0131,<\/li><li>Sigorta Hukuku\u2019ndan Kaynaklanan Taleplerin De\u011ferlendirilmesi ve D\u00fczeltilmesi,<\/li><\/ul>\t\t\t\t\t<\/div>\n\t\t\t\t\t\t<\/div>\n\t\t\t\t<\/div>\n\t\t\t\t\t\t<\/div>\n\t\t\t\t\t<\/div>\n\t\t<\/div>\n\t\t\t\t\t\t\t\t<\/div>\n\t\t\t\t\t<\/div>\n\t\t<\/section>\n\t\t\t\t\t\t\t\t\t<\/div>\n\t\t\t<\/div>\n\t\t\t\t\t<\/div>\n\t\t","protected":false},"excerpt":{"rendered":"<p>Sigorta R\u00fccu Davalar\u0131, Sigorta Hukukunun D\u00fczenleyici ve Operasyonel Y\u00f6nleri, Sigorta \u015eirketlerinin Kurulu\u015fu, Paylar\u0131n Devral\u0131nmas\u0131, \u0130n\u015faattan, M\u00fchendislikten ve Mekanikten Kaynaklanan Kusurlar, Ki\u015fisel Yaralanmalar ve \u00dc\u00e7\u00fcnc\u00fc \u015eah\u0131s Sorumluluk Poli\u00e7eleri, \u015eirket Y\u00f6neticileri, \u0130\u015fverenler ve Direkt\u00f6rlerin Sorumlulu\u011funu D\u00fczenleyen Poli\u00e7eler, Veri korumas\u0131, Sigorta Hukuku\u2019ndan Kaynaklanan Taleplerin De\u011ferlendirilmesi ve D\u00fczeltilmesi,<\/p>\n","protected":false},"author":1,"featured_media":4821,"parent":4555,"menu_order":470,"comment_status":"closed","ping_status":"closed","template":"","meta":[],"acf":[],"_links":{"self":[{"href":"https:\/\/hansu.av.tr\/tr\/wp-json\/wp\/v2\/pages\/3532"}],"collection":[{"href":"https:\/\/hansu.av.tr\/tr\/wp-json\/wp\/v2\/pages"}],"about":[{"href":"https:\/\/hansu.av.tr\/tr\/wp-json\/wp\/v2\/types\/page"}],"author":[{"embeddable":true,"href":"https:\/\/hansu.av.tr\/tr\/wp-json\/wp\/v2\/users\/1"}],"replies":[{"embeddable":true,"href":"https:\/\/hansu.av.tr\/tr\/wp-json\/wp\/v2\/comments?post=3532"}],"version-history":[{"count":0,"href":"https:\/\/hansu.av.tr\/tr\/wp-json\/wp\/v2\/pages\/3532\/revisions"}],"up":[{"embeddable":true,"href":"https:\/\/hansu.av.tr\/tr\/wp-json\/wp\/v2\/pages\/4555"}],"wp:featuredmedia":[{"embeddable":true,"href":"https:\/\/hansu.av.tr\/tr\/wp-json\/wp\/v2\/media\/4821"}],"wp:attachment":[{"href":"https:\/\/hansu.av.tr\/tr\/wp-json\/wp\/v2\/media?parent=3532"}],"curies":[{"name":"wp","href":"https:\/\/api.w.org\/{rel}","templated":true}]}}