{"id":3538,"date":"2020-07-06T11:38:22","date_gmt":"2020-07-06T08:38:22","guid":{"rendered":"https:\/\/hansu.av.tr\/?page_id=3538"},"modified":"2020-07-09T17:50:08","modified_gmt":"2020-07-09T14:50:08","slug":"saglik-tibbi-gerecler-ve-ilac","status":"publish","type":"page","link":"https:\/\/hansu.av.tr\/tr\/sektorler\/saglik-tibbi-gerecler-ve-ilac\/","title":{"rendered":"Sa\u011fl\u0131k, T\u0131bbi Gere\u00e7ler ve \u0130la\u00e7"},"content":{"rendered":"\t\t<div data-elementor-type=\"wp-page\" data-elementor-id=\"3538\" class=\"elementor elementor-3538 elementor-3536\">\n\t\t\t\t\t\t<div class=\"elementor-inner\">\n\t\t\t\t<div class=\"elementor-section-wrap\">\n\t\t\t\t\t\t\t\t\t<section class=\"elementor-section elementor-top-section elementor-element elementor-element-40b9c9c7 elementor-section-boxed elementor-section-height-default elementor-section-height-default\" data-id=\"40b9c9c7\" data-element_type=\"section\">\n\t\t\t\t\t\t<div class=\"elementor-container elementor-column-gap-default\">\n\t\t\t\t\t\t\t<div class=\"elementor-row\">\n\t\t\t\t\t<div class=\"elementor-column elementor-col-100 elementor-top-column elementor-element elementor-element-12b04631\" data-id=\"12b04631\" data-element_type=\"column\">\n\t\t\t<div class=\"elementor-column-wrap elementor-element-populated\">\n\t\t\t\t\t\t\t<div class=\"elementor-widget-wrap\">\n\t\t\t\t\t\t<div class=\"elementor-element elementor-element-1af35c62 elementor-widget elementor-widget-text-editor\" data-id=\"1af35c62\" data-element_type=\"widget\" data-widget_type=\"text-editor.default\">\n\t\t\t\t<div class=\"elementor-widget-container\">\n\t\t\t\t\t\t\t\t<div class=\"elementor-text-editor elementor-clearfix\">\n\t\t\t\t<ul><li>Sa\u011fl\u0131k Yat\u0131r\u0131mlar\u0131n\u0131n Geli\u015ftirilmesinde Hukuki Dan\u0131\u015fmanl\u0131k,<\/li><li>Hastane ve Her T\u00fcrl\u00fc Sa\u011fl\u0131k Yat\u0131r\u0131m\u0131 \u0130\u00e7in \u00d6zellikle Uzun S\u00fcreli Ortak Giri\u015fim, \u0130n\u015faat, Kira, \u00dcst ve \u0130ntifa Hakk\u0131 S\u00f6zle\u015fmelerinin Haz\u0131rlanmas\u0131,<\/li><li>Hastane ve Benzeri Sa\u011fl\u0131k Yat\u0131r\u0131mlar\u0131n\u0131n \u0130mar, \u0130zin, Ruhsat vb. S\u00fcre\u00e7lerinde Hukuki Dan\u0131\u015fmanl\u0131k Verilmesi,<\/li><li>\u0130la\u00e7 ve Medikal Ekipmanlar\u0131n Patentlerinin Al\u0131nmas\u0131na Y\u00f6nelik S\u00fcre\u00e7ler,<\/li><li>Pazarlama \u0130zinlerinin Al\u0131nmas\u0131,<\/li><li>Piyasada Sirk\u00fclasyona Sokulacak \u0130la\u00e7 ve T\u0131bbi Malzemelerin Bakanl\u0131k \u0130zin S\u00fcre\u00e7lerinin Y\u00fcr\u00fct\u00fclmesi,<\/li><li>Fason \u00dcretim Anla\u015fmalar\u0131,<\/li><li>Rekabet Hukuku,<\/li><li>Veri Korumas\u0131, Know-How Korumas\u0131, Klinik ve G\u00f6zlemsel Ara\u015ft\u0131rmalarda Hukuki Destek,<\/li><li>Hisse Devirleri ve Ticari \u0130\u015flemler,<\/li><li>\u00dccretlendirme ve Tazminat,<\/li><li>Kamu \u0130haleleri,<\/li><li>\u00dcr\u00fcn G\u00fcvenli\u011fi,<\/li><li>Fikri M\u00fclkiyet Stratejisinin Belirlenmesi.<\/li><\/ul>\t\t\t\t\t<\/div>\n\t\t\t\t\t\t<\/div>\n\t\t\t\t<\/div>\n\t\t\t\t\t\t<\/div>\n\t\t\t\t\t<\/div>\n\t\t<\/div>\n\t\t\t\t\t\t\t\t<\/div>\n\t\t\t\t\t<\/div>\n\t\t<\/section>\n\t\t\t\t\t\t\t\t\t<\/div>\n\t\t\t<\/div>\n\t\t\t\t\t<\/div>\n\t\t","protected":false},"excerpt":{"rendered":"<p>Sa\u011fl\u0131k Yat\u0131r\u0131mlar\u0131n\u0131n Geli\u015ftirilmesinde Hukuki Dan\u0131\u015fmanl\u0131k, Hastane ve Her T\u00fcrl\u00fc Sa\u011fl\u0131k Yat\u0131r\u0131m\u0131 \u0130\u00e7in \u00d6zellikle Uzun S\u00fcreli Ortak Giri\u015fim, \u0130n\u015faat, Kira, \u00dcst ve \u0130ntifa Hakk\u0131 S\u00f6zle\u015fmelerinin Haz\u0131rlanmas\u0131, Hastane ve Benzeri Sa\u011fl\u0131k Yat\u0131r\u0131mlar\u0131n\u0131n \u0130mar, \u0130zin, Ruhsat vb. S\u00fcre\u00e7lerinde Hukuki Dan\u0131\u015fmanl\u0131k Verilmesi, \u0130la\u00e7 ve Medikal Ekipmanlar\u0131n Patentlerinin Al\u0131nmas\u0131na Y\u00f6nelik S\u00fcre\u00e7ler, Pazarlama \u0130zinlerinin Al\u0131nmas\u0131, Piyasada Sirk\u00fclasyona Sokulacak \u0130la\u00e7 ve T\u0131bbi&#8230;<\/p>\n","protected":false},"author":1,"featured_media":4824,"parent":4555,"menu_order":277,"comment_status":"closed","ping_status":"closed","template":"","meta":[],"acf":[],"_links":{"self":[{"href":"https:\/\/hansu.av.tr\/tr\/wp-json\/wp\/v2\/pages\/3538"}],"collection":[{"href":"https:\/\/hansu.av.tr\/tr\/wp-json\/wp\/v2\/pages"}],"about":[{"href":"https:\/\/hansu.av.tr\/tr\/wp-json\/wp\/v2\/types\/page"}],"author":[{"embeddable":true,"href":"https:\/\/hansu.av.tr\/tr\/wp-json\/wp\/v2\/users\/1"}],"replies":[{"embeddable":true,"href":"https:\/\/hansu.av.tr\/tr\/wp-json\/wp\/v2\/comments?post=3538"}],"version-history":[{"count":0,"href":"https:\/\/hansu.av.tr\/tr\/wp-json\/wp\/v2\/pages\/3538\/revisions"}],"up":[{"embeddable":true,"href":"https:\/\/hansu.av.tr\/tr\/wp-json\/wp\/v2\/pages\/4555"}],"wp:featuredmedia":[{"embeddable":true,"href":"https:\/\/hansu.av.tr\/tr\/wp-json\/wp\/v2\/media\/4824"}],"wp:attachment":[{"href":"https:\/\/hansu.av.tr\/tr\/wp-json\/wp\/v2\/media?parent=3538"}],"curies":[{"name":"wp","href":"https:\/\/api.w.org\/{rel}","templated":true}]}}