{"id":3544,"date":"2020-07-06T11:40:40","date_gmt":"2020-07-06T08:40:40","guid":{"rendered":"https:\/\/hansu.av.tr\/?page_id=3544"},"modified":"2020-07-09T17:37:10","modified_gmt":"2020-07-09T14:37:10","slug":"teknoloji-medya-ve-telekomunikasyon","status":"publish","type":"page","link":"https:\/\/hansu.av.tr\/tr\/sektorler\/teknoloji-medya-ve-telekomunikasyon\/","title":{"rendered":"Teknoloji, Medya ve Telekom\u00fcnikasyon"},"content":{"rendered":"\t\t<div data-elementor-type=\"wp-page\" data-elementor-id=\"3544\" class=\"elementor elementor-3544 elementor-3542\">\n\t\t\t\t\t\t<div class=\"elementor-inner\">\n\t\t\t\t<div class=\"elementor-section-wrap\">\n\t\t\t\t\t\t\t\t\t<section class=\"elementor-section elementor-top-section elementor-element elementor-element-40b9c9c7 elementor-section-boxed elementor-section-height-default elementor-section-height-default\" data-id=\"40b9c9c7\" data-element_type=\"section\">\n\t\t\t\t\t\t<div class=\"elementor-container elementor-column-gap-default\">\n\t\t\t\t\t\t\t<div class=\"elementor-row\">\n\t\t\t\t\t<div class=\"elementor-column elementor-col-100 elementor-top-column elementor-element elementor-element-12b04631\" data-id=\"12b04631\" data-element_type=\"column\">\n\t\t\t<div class=\"elementor-column-wrap elementor-element-populated\">\n\t\t\t\t\t\t\t<div class=\"elementor-widget-wrap\">\n\t\t\t\t\t\t<div class=\"elementor-element elementor-element-1af35c62 elementor-widget elementor-widget-text-editor\" data-id=\"1af35c62\" data-element_type=\"widget\" data-widget_type=\"text-editor.default\">\n\t\t\t\t<div class=\"elementor-widget-container\">\n\t\t\t\t\t\t\t\t<div class=\"elementor-text-editor elementor-clearfix\">\n\t\t\t\t<ul><li>Bilgi Teknolojileri ve \u0130leti\u015fim Kurumu, Radyo ve Televizyon \u00dcst Kurulu, T\u00fcrkiye Radyo Televizyon Kurumu, Reklam Kurulu, Milli Piyango \u0130daresi gibi idari merciler nezdinde temsil,<\/li><li>Teknoloji, Medya ve Telekom\u00fcnikasyon Mevzuatlar\u0131na Uygunluk Denetimi,<\/li><li>Bas\u0131l\u0131 ve G\u00f6rsel Yay\u0131nda Ki\u015filik Haklar\u0131n\u0131n Korunmas\u0131,<\/li><li>Veri Korumas\u0131 Mevzuat\u0131na Uygunluk Denetimi,<\/li><li>Telekom\u00fcnikasyon Projelerinin Ba\u015flat\u0131lmas\u0131, Hayata Ge\u00e7irilmesi ve Devaml\u0131l\u0131\u011f\u0131n\u0131n Sa\u011flanmas\u0131,<\/li><li>Elektronik Telekom\u00fcnikasyon Hizmetleri Altyap\u0131s\u0131n\u0131n Kurulmas\u0131 S\u00fcre\u00e7lerinde Hukuki Destek,<\/li><li>Veri Transferleri,<\/li><li>Gizlilik Politikalar\u0131, Kullan\u0131m \u015eartlar\u0131 ve \u00c7erez Konular\u0131nda Hukuki Metinlerin Olu\u015fturulmas\u0131.<\/li><\/ul>\t\t\t\t\t<\/div>\n\t\t\t\t\t\t<\/div>\n\t\t\t\t<\/div>\n\t\t\t\t\t\t<\/div>\n\t\t\t\t\t<\/div>\n\t\t<\/div>\n\t\t\t\t\t\t\t\t<\/div>\n\t\t\t\t\t<\/div>\n\t\t<\/section>\n\t\t\t\t\t\t\t\t\t<\/div>\n\t\t\t<\/div>\n\t\t\t\t\t<\/div>\n\t\t","protected":false},"excerpt":{"rendered":"<p>Bilgi Teknolojileri ve \u0130leti\u015fim Kurumu, Radyo ve Televizyon \u00dcst Kurulu, T\u00fcrkiye Radyo Televizyon Kurumu, Reklam Kurulu, Milli Piyango \u0130daresi gibi idari merciler nezdinde temsil, Teknoloji, Medya ve Telekom\u00fcnikasyon Mevzuatlar\u0131na Uygunluk Denetimi, Bas\u0131l\u0131 ve G\u00f6rsel Yay\u0131nda Ki\u015filik Haklar\u0131n\u0131n Korunmas\u0131, Veri Korumas\u0131 Mevzuat\u0131na Uygunluk Denetimi, Telekom\u00fcnikasyon Projelerinin Ba\u015flat\u0131lmas\u0131, Hayata Ge\u00e7irilmesi ve Devaml\u0131l\u0131\u011f\u0131n\u0131n Sa\u011flanmas\u0131, Elektronik Telekom\u00fcnikasyon Hizmetleri Altyap\u0131s\u0131n\u0131n&#8230;<\/p>\n","protected":false},"author":1,"featured_media":4828,"parent":4555,"menu_order":476,"comment_status":"closed","ping_status":"closed","template":"","meta":[],"acf":[],"_links":{"self":[{"href":"https:\/\/hansu.av.tr\/tr\/wp-json\/wp\/v2\/pages\/3544"}],"collection":[{"href":"https:\/\/hansu.av.tr\/tr\/wp-json\/wp\/v2\/pages"}],"about":[{"href":"https:\/\/hansu.av.tr\/tr\/wp-json\/wp\/v2\/types\/page"}],"author":[{"embeddable":true,"href":"https:\/\/hansu.av.tr\/tr\/wp-json\/wp\/v2\/users\/1"}],"replies":[{"embeddable":true,"href":"https:\/\/hansu.av.tr\/tr\/wp-json\/wp\/v2\/comments?post=3544"}],"version-history":[{"count":0,"href":"https:\/\/hansu.av.tr\/tr\/wp-json\/wp\/v2\/pages\/3544\/revisions"}],"up":[{"embeddable":true,"href":"https:\/\/hansu.av.tr\/tr\/wp-json\/wp\/v2\/pages\/4555"}],"wp:featuredmedia":[{"embeddable":true,"href":"https:\/\/hansu.av.tr\/tr\/wp-json\/wp\/v2\/media\/4828"}],"wp:attachment":[{"href":"https:\/\/hansu.av.tr\/tr\/wp-json\/wp\/v2\/media?parent=3544"}],"curies":[{"name":"wp","href":"https:\/\/api.w.org\/{rel}","templated":true}]}}