{"id":3550,"date":"2020-07-06T11:42:40","date_gmt":"2020-07-06T08:42:40","guid":{"rendered":"https:\/\/hansu.av.tr\/?page_id=3550"},"modified":"2020-07-09T17:39:13","modified_gmt":"2020-07-09T14:39:13","slug":"otomotiv","status":"publish","type":"page","link":"https:\/\/hansu.av.tr\/tr\/sektorler\/otomotiv\/","title":{"rendered":"Otomotiv"},"content":{"rendered":"\t\t<div data-elementor-type=\"wp-page\" data-elementor-id=\"3550\" class=\"elementor elementor-3550 elementor-3548\">\n\t\t\t\t\t\t<div class=\"elementor-inner\">\n\t\t\t\t<div class=\"elementor-section-wrap\">\n\t\t\t\t\t\t\t\t\t<section class=\"elementor-section elementor-top-section elementor-element elementor-element-40b9c9c7 elementor-section-boxed elementor-section-height-default elementor-section-height-default\" data-id=\"40b9c9c7\" data-element_type=\"section\">\n\t\t\t\t\t\t<div class=\"elementor-container elementor-column-gap-default\">\n\t\t\t\t\t\t\t<div class=\"elementor-row\">\n\t\t\t\t\t<div class=\"elementor-column elementor-col-100 elementor-top-column elementor-element elementor-element-12b04631\" data-id=\"12b04631\" data-element_type=\"column\">\n\t\t\t<div class=\"elementor-column-wrap elementor-element-populated\">\n\t\t\t\t\t\t\t<div class=\"elementor-widget-wrap\">\n\t\t\t\t\t\t<div class=\"elementor-element elementor-element-1af35c62 elementor-widget elementor-widget-text-editor\" data-id=\"1af35c62\" data-element_type=\"widget\" data-widget_type=\"text-editor.default\">\n\t\t\t\t<div class=\"elementor-widget-container\">\n\t\t\t\t\t\t\t\t<div class=\"elementor-text-editor elementor-clearfix\">\n\t\t\t\t<ul><li>Tedarik S\u00f6zle\u015fmelerinin, Da\u011f\u0131t\u0131m S\u00f6zle\u015fmelerinin, Lojistik, Yaz\u0131l\u0131m ve Teknoloji S\u00f6zle\u015fmelerinin Haz\u0131rlanmas\u0131,<\/li><li>\u00dcr\u00fcn G\u00fcvenli\u011fi, \u00dcreticinin Sorumlulu\u011fu, Geri \u00c7a\u011f\u0131rma Uygulamalar\u0131n\u0131n Y\u00f6netilmesi ve Mevzuata Uygunluk Denetiminin Yap\u0131lmas\u0131,<\/li><li>Fikri M\u00fclkiyet Stratejilerinin Belirlenmesi ve Fikri \u2013 S\u0131nai M\u00fclkiyetin Korunmas\u0131,<\/li><li>Yat\u0131r\u0131m Anla\u015fmalar\u0131n\u0131n Haz\u0131rlanmas\u0131 ve Stratejilerin Belirlenmesi,<\/li><li>Birle\u015fme ve Devralmalar,<\/li><li>Rekabet Hukuku,<\/li><li>\u00c7evre Hukuku Mevzuatlar\u0131na Uygunluk Denetiminin Yap\u0131lmas\u0131,<\/li><li>\u0130thalat ve \u0130hracat Kontrolleri ve S\u00fcre\u00e7lerin Y\u00fcr\u00fct\u00fclmesi,<\/li><li>Verilerin Korunmas\u0131 ve Mevzuata Uygunluk,<\/li><\/ul>\t\t\t\t\t<\/div>\n\t\t\t\t\t\t<\/div>\n\t\t\t\t<\/div>\n\t\t\t\t\t\t<\/div>\n\t\t\t\t\t<\/div>\n\t\t<\/div>\n\t\t\t\t\t\t\t\t<\/div>\n\t\t\t\t\t<\/div>\n\t\t<\/section>\n\t\t\t\t\t\t\t\t\t<\/div>\n\t\t\t<\/div>\n\t\t\t\t\t<\/div>\n\t\t","protected":false},"excerpt":{"rendered":"<p>Tedarik S\u00f6zle\u015fmelerinin, Da\u011f\u0131t\u0131m S\u00f6zle\u015fmelerinin, Lojistik, Yaz\u0131l\u0131m ve Teknoloji S\u00f6zle\u015fmelerinin Haz\u0131rlanmas\u0131, \u00dcr\u00fcn G\u00fcvenli\u011fi, \u00dcreticinin Sorumlulu\u011fu, Geri \u00c7a\u011f\u0131rma Uygulamalar\u0131n\u0131n Y\u00f6netilmesi ve Mevzuata Uygunluk Denetiminin Yap\u0131lmas\u0131, Fikri M\u00fclkiyet Stratejilerinin Belirlenmesi ve Fikri \u2013 S\u0131nai M\u00fclkiyetin Korunmas\u0131, Yat\u0131r\u0131m Anla\u015fmalar\u0131n\u0131n Haz\u0131rlanmas\u0131 ve Stratejilerin Belirlenmesi, Birle\u015fme ve Devralmalar, Rekabet Hukuku, \u00c7evre Hukuku Mevzuatlar\u0131na Uygunluk Denetiminin Yap\u0131lmas\u0131, \u0130thalat ve \u0130hracat Kontrolleri ve&#8230;<\/p>\n","protected":false},"author":1,"featured_media":4832,"parent":4555,"menu_order":486,"comment_status":"closed","ping_status":"closed","template":"","meta":[],"acf":[],"_links":{"self":[{"href":"https:\/\/hansu.av.tr\/tr\/wp-json\/wp\/v2\/pages\/3550"}],"collection":[{"href":"https:\/\/hansu.av.tr\/tr\/wp-json\/wp\/v2\/pages"}],"about":[{"href":"https:\/\/hansu.av.tr\/tr\/wp-json\/wp\/v2\/types\/page"}],"author":[{"embeddable":true,"href":"https:\/\/hansu.av.tr\/tr\/wp-json\/wp\/v2\/users\/1"}],"replies":[{"embeddable":true,"href":"https:\/\/hansu.av.tr\/tr\/wp-json\/wp\/v2\/comments?post=3550"}],"version-history":[{"count":0,"href":"https:\/\/hansu.av.tr\/tr\/wp-json\/wp\/v2\/pages\/3550\/revisions"}],"up":[{"embeddable":true,"href":"https:\/\/hansu.av.tr\/tr\/wp-json\/wp\/v2\/pages\/4555"}],"wp:featuredmedia":[{"embeddable":true,"href":"https:\/\/hansu.av.tr\/tr\/wp-json\/wp\/v2\/media\/4832"}],"wp:attachment":[{"href":"https:\/\/hansu.av.tr\/tr\/wp-json\/wp\/v2\/media?parent=3550"}],"curies":[{"name":"wp","href":"https:\/\/api.w.org\/{rel}","templated":true}]}}