{"id":3557,"date":"2020-07-06T14:42:07","date_gmt":"2020-07-06T11:42:07","guid":{"rendered":"https:\/\/hansu.av.tr\/?page_id=3557"},"modified":"2020-07-09T17:50:16","modified_gmt":"2020-07-09T14:50:16","slug":"tasimacilik-ve-lojistik","status":"publish","type":"page","link":"https:\/\/hansu.av.tr\/tr\/sektorler\/tasimacilik-ve-lojistik\/","title":{"rendered":"Ta\u015f\u0131mac\u0131l\u0131k ve Lojistik"},"content":{"rendered":"\t\t<div data-elementor-type=\"wp-page\" data-elementor-id=\"3557\" class=\"elementor elementor-3557 elementor-3555\">\n\t\t\t\t\t\t<div class=\"elementor-inner\">\n\t\t\t\t<div class=\"elementor-section-wrap\">\n\t\t\t\t\t\t\t\t\t<section class=\"elementor-section elementor-top-section elementor-element elementor-element-40b9c9c7 elementor-section-boxed elementor-section-height-default elementor-section-height-default\" data-id=\"40b9c9c7\" data-element_type=\"section\">\n\t\t\t\t\t\t<div class=\"elementor-container elementor-column-gap-default\">\n\t\t\t\t\t\t\t<div class=\"elementor-row\">\n\t\t\t\t\t<div class=\"elementor-column elementor-col-100 elementor-top-column elementor-element elementor-element-12b04631\" data-id=\"12b04631\" data-element_type=\"column\">\n\t\t\t<div class=\"elementor-column-wrap elementor-element-populated\">\n\t\t\t\t\t\t\t<div class=\"elementor-widget-wrap\">\n\t\t\t\t\t\t<div class=\"elementor-element elementor-element-1af35c62 elementor-widget elementor-widget-text-editor\" data-id=\"1af35c62\" data-element_type=\"widget\" data-widget_type=\"text-editor.default\">\n\t\t\t\t<div class=\"elementor-widget-container\">\n\t\t\t\t\t\t\t\t<div class=\"elementor-text-editor elementor-clearfix\">\n\t\t\t\t<ul><li>Y\u00fck\u00fcn Kay\u0131p, Hasar Veya Ge\u00e7 Teslimi Kaynakl\u0131 Tazminat Davalar\u0131n Takibi<\/li><li>Ta\u015f\u0131y\u0131c\u0131lar\u0131n Kendi Aras\u0131ndaki Veya Ta\u015f\u0131ma \u0130\u015fleri Komisyoncular\u0131n\u0131n A\u00e7t\u0131\u011f\u0131 R\u00fccu Davalar\u0131n\u0131n Takibi<\/li><li>Sigorta \u015eirketlerinin Ta\u015f\u0131y\u0131c\u0131 Firmalara A\u00e7t\u0131\u011f\u0131 R\u00fccu Davalar\u0131n\u0131n Takibi<\/li><li>Navlun \u00dccretine \u0130li\u015fkin Davalar\u0131n Takibi<\/li><li>Tahkim Kurumlar\u0131nda A\u00e7\u0131lan Davalar\u0131n Takibi<\/li><li>\u0130cra \u0130\u015flemlerinin Takibi<\/li><li>Ulusal Ve Uluslararas\u0131 Ta\u015f\u0131mac\u0131l\u0131k (\u00d6zellikle CMR, Montreal Ve Var\u015fova Konvansiyonu, Lahey, Lahey-Visby Kurallar\u0131) \u0130le Lojistik Alan\u0131ndaki Mevzuata \u0130li\u015fkin Hukuki Dan\u0131\u015fmanl\u0131k Verilmesi<\/li><li>S\u00f6zle\u015fme Ve Genel \u0130\u015flem Ko\u015fullar\u0131n\u0131n \u0130ncelenmesi Ve D\u00fczenlenmesi<\/li><li>Ta\u015f\u0131mac\u0131l\u0131k ve Lojistik \u015eirketlerine \u015eirket Kurma, \u015eirket Sat\u0131n Alma ve \u015eirket Birle\u015fmeleri Alan\u0131nda Hukuki Hizmet Verilmesi<\/li><li>Ta\u015f\u0131mac\u0131l\u0131k, Depoloma ve Lojistik Projelerinde Gayrimenkul Al\u0131m Ve Sat\u0131m\u0131, Kiralanmas\u0131 ve Gerekli \u0130zinlerin Al\u0131nmas\u0131 Olmak \u00dczere Gayrimenkul Hukuku Alan\u0131nda Dan\u0131\u015fmanl\u0131k Hizmeti Verilmesi<\/li><li>Ta\u015f\u0131mac\u0131l\u0131k ve Lojistik \u015eirketlerinin Markalar\u0131 Ba\u015fta Olmak \u00fczere Fikri Ve S\u0131nai Haklar\u0131n\u0131n Korunmas\u0131<\/li><li>Ta\u015f\u0131mac\u0131l\u0131k ve Lojistik \u015eirketlerine S\u00fcr\u00fcc\u00fcler Ba\u015fta Olmak \u00dczere \u00c7al\u0131\u015fanlar\u0131yla Yapt\u0131klar\u0131 \u0130\u015f S\u00f6zle\u015fmelerinin \u0130ncelenmesi ve D\u00fczenlenmesi ile \u0130\u015f Hukukunu \u0130lgilendiren T\u00fcm Konularda Hukuki Dan\u0131\u015fmanl\u0131k Hizmeti Verilmesi<\/li><li>Ta\u015f\u0131mac\u0131l\u0131k ve Lojistik \u015eirketlerinin Faaliyetleri S\u0131ras\u0131nda Edindikleri Ki\u015fisel Veriler Sebebiyle Verilerin \u0130\u015flenmesi ve Korunmas\u0131na \u0130li\u015fkin Mevzuata Dair Hukuki Dan\u0131\u015fmanl\u0131k Hizmeti Verilmesi<\/li><\/ul>\t\t\t\t\t<\/div>\n\t\t\t\t\t\t<\/div>\n\t\t\t\t<\/div>\n\t\t\t\t\t\t<\/div>\n\t\t\t\t\t<\/div>\n\t\t<\/div>\n\t\t\t\t\t\t\t\t<\/div>\n\t\t\t\t\t<\/div>\n\t\t<\/section>\n\t\t\t\t\t\t\t\t\t<\/div>\n\t\t\t<\/div>\n\t\t\t\t\t<\/div>\n\t\t","protected":false},"excerpt":{"rendered":"<p>Y\u00fck\u00fcn Kay\u0131p, Hasar Veya Ge\u00e7 Teslimi Kaynakl\u0131 Tazminat Davalar\u0131n Takibi Ta\u015f\u0131y\u0131c\u0131lar\u0131n Kendi Aras\u0131ndaki Veya Ta\u015f\u0131ma \u0130\u015fleri Komisyoncular\u0131n\u0131n A\u00e7t\u0131\u011f\u0131 R\u00fccu Davalar\u0131n\u0131n Takibi Sigorta \u015eirketlerinin Ta\u015f\u0131y\u0131c\u0131 Firmalara A\u00e7t\u0131\u011f\u0131 R\u00fccu Davalar\u0131n\u0131n Takibi Navlun \u00dccretine \u0130li\u015fkin Davalar\u0131n Takibi Tahkim Kurumlar\u0131nda A\u00e7\u0131lan Davalar\u0131n Takibi \u0130cra \u0130\u015flemlerinin Takibi Ulusal Ve Uluslararas\u0131 Ta\u015f\u0131mac\u0131l\u0131k (\u00d6zellikle CMR, Montreal Ve Var\u015fova Konvansiyonu, Lahey, Lahey-Visby Kurallar\u0131)&#8230;<\/p>\n","protected":false},"author":1,"featured_media":4836,"parent":4555,"menu_order":262,"comment_status":"closed","ping_status":"closed","template":"","meta":[],"acf":[],"_links":{"self":[{"href":"https:\/\/hansu.av.tr\/tr\/wp-json\/wp\/v2\/pages\/3557"}],"collection":[{"href":"https:\/\/hansu.av.tr\/tr\/wp-json\/wp\/v2\/pages"}],"about":[{"href":"https:\/\/hansu.av.tr\/tr\/wp-json\/wp\/v2\/types\/page"}],"author":[{"embeddable":true,"href":"https:\/\/hansu.av.tr\/tr\/wp-json\/wp\/v2\/users\/1"}],"replies":[{"embeddable":true,"href":"https:\/\/hansu.av.tr\/tr\/wp-json\/wp\/v2\/comments?post=3557"}],"version-history":[{"count":0,"href":"https:\/\/hansu.av.tr\/tr\/wp-json\/wp\/v2\/pages\/3557\/revisions"}],"up":[{"embeddable":true,"href":"https:\/\/hansu.av.tr\/tr\/wp-json\/wp\/v2\/pages\/4555"}],"wp:featuredmedia":[{"embeddable":true,"href":"https:\/\/hansu.av.tr\/tr\/wp-json\/wp\/v2\/media\/4836"}],"wp:attachment":[{"href":"https:\/\/hansu.av.tr\/tr\/wp-json\/wp\/v2\/media?parent=3557"}],"curies":[{"name":"wp","href":"https:\/\/api.w.org\/{rel}","templated":true}]}}