{"id":3563,"date":"2020-07-06T14:01:36","date_gmt":"2020-07-06T11:01:36","guid":{"rendered":"https:\/\/hansu.av.tr\/?page_id=3563"},"modified":"2020-07-09T17:40:22","modified_gmt":"2020-07-09T14:40:22","slug":"turizm","status":"publish","type":"page","link":"https:\/\/hansu.av.tr\/tr\/sektorler\/turizm\/","title":{"rendered":"Turizm"},"content":{"rendered":"\t\t<div data-elementor-type=\"wp-page\" data-elementor-id=\"3563\" class=\"elementor elementor-3563 elementor-3561\">\n\t\t\t\t\t\t<div class=\"elementor-inner\">\n\t\t\t\t<div class=\"elementor-section-wrap\">\n\t\t\t\t\t\t\t\t\t<section class=\"elementor-section elementor-top-section elementor-element elementor-element-40b9c9c7 elementor-section-boxed elementor-section-height-default elementor-section-height-default\" data-id=\"40b9c9c7\" data-element_type=\"section\">\n\t\t\t\t\t\t<div class=\"elementor-container elementor-column-gap-default\">\n\t\t\t\t\t\t\t<div class=\"elementor-row\">\n\t\t\t\t\t<div class=\"elementor-column elementor-col-100 elementor-top-column elementor-element elementor-element-12b04631\" data-id=\"12b04631\" data-element_type=\"column\">\n\t\t\t<div class=\"elementor-column-wrap elementor-element-populated\">\n\t\t\t\t\t\t\t<div class=\"elementor-widget-wrap\">\n\t\t\t\t\t\t<div class=\"elementor-element elementor-element-1af35c62 elementor-widget elementor-widget-text-editor\" data-id=\"1af35c62\" data-element_type=\"widget\" data-widget_type=\"text-editor.default\">\n\t\t\t\t<div class=\"elementor-widget-container\">\n\t\t\t\t\t\t\t\t<div class=\"elementor-text-editor elementor-clearfix\">\n\t\t\t\t<ul><li>Yerli Ve Yabanc\u0131 Turistler \u0130le Turizm End\u00fcstrisi Kurulu\u015flar\u0131na Kamu Ve \u00d6zel Hukuk Kurallar\u0131 Ve Turizm Hukuku Kapsam\u0131nda Dan\u0131\u015fmanl\u0131k Hizmeti Verilmesi,<\/li><li>Seyahat Acentalar\u0131n\u0131n Kurulu\u015f A\u015famas\u0131nda Temsili Ve Yasal Prosed\u00fcr\u00fcn \u0130\u015fletilmesi,<\/li><li>Turizm Bakanl\u0131\u011f\u0131 Nezdinde Kar\u015f\u0131la\u015f\u0131lan Hukuki Problemlerin \u00c7\u00f6z\u00fcm\u00fc,<\/li><li>T\u00fcrkiye\u2019de Ve Yurtd\u0131\u015f\u0131nda Seyahat Eden Yabanc\u0131 Ve Yerli Turistlerin Zarar G\u00f6rmeleri Halinde Seyahat Acentelerine Veya Gerekli Kurumlara Ba\u015fvurular\u0131 Noktas\u0131nda Temsili Ve Gerekli Hukuki Prosed\u00fcr\u00fcn \u0130\u015fletilmesi,<\/li><li>Turizm \u015eirketlerinin Kurulumu Ve Hukuki S\u00fcre\u00e7lerin Takibi,<\/li><li>Marinalar Ve Limanlara \u0130li\u015fkin Ba\u011flama S\u00f6zle\u015fmelerinin D\u00fczenlenmesi Ve Takibi,<\/li><li>Marinalar\u0131n B\u00fcrokratik \u0130\u015flemlerinin Takibi Ve \u0130\u015f Y\u00f6netimi,<\/li><li>Hotel Kiralama Ve \u0130\u015fletme \u015e\u00f6zle\u015fmeleri,<\/li><li>Konser Ve Konferans Organizasyonlar\u0131na \u0130li\u015fkin S\u00f6zle\u015fmeler \u0130le Reklam S\u00f6zle\u015fmelerinin D\u00fczenlenmesi Ve Takibi,<\/li><li>Sat\u0131n Alma S\u00f6zle\u015fmeleri,<\/li><li>Lisans S\u00f6zle\u015fmeleri.<\/li><\/ul>\t\t\t\t\t<\/div>\n\t\t\t\t\t\t<\/div>\n\t\t\t\t<\/div>\n\t\t\t\t\t\t<\/div>\n\t\t\t\t\t<\/div>\n\t\t<\/div>\n\t\t\t\t\t\t\t\t<\/div>\n\t\t\t\t\t<\/div>\n\t\t<\/section>\n\t\t\t\t\t\t\t\t\t<\/div>\n\t\t\t<\/div>\n\t\t\t\t\t<\/div>\n\t\t","protected":false},"excerpt":{"rendered":"<p>Yerli Ve Yabanc\u0131 Turistler \u0130le Turizm End\u00fcstrisi Kurulu\u015flar\u0131na Kamu Ve \u00d6zel Hukuk Kurallar\u0131 Ve Turizm Hukuku Kapsam\u0131nda Dan\u0131\u015fmanl\u0131k Hizmeti Verilmesi, Seyahat Acentalar\u0131n\u0131n Kurulu\u015f A\u015famas\u0131nda Temsili Ve Yasal Prosed\u00fcr\u00fcn \u0130\u015fletilmesi, Turizm Bakanl\u0131\u011f\u0131 Nezdinde Kar\u015f\u0131la\u015f\u0131lan Hukuki Problemlerin \u00c7\u00f6z\u00fcm\u00fc, T\u00fcrkiye\u2019de Ve Yurtd\u0131\u015f\u0131nda Seyahat Eden Yabanc\u0131 Ve Yerli Turistlerin Zarar G\u00f6rmeleri Halinde Seyahat Acentelerine Veya Gerekli Kurumlara Ba\u015fvurular\u0131 Noktas\u0131nda&#8230;<\/p>\n","protected":false},"author":1,"featured_media":4840,"parent":4555,"menu_order":265,"comment_status":"closed","ping_status":"closed","template":"","meta":[],"acf":[],"_links":{"self":[{"href":"https:\/\/hansu.av.tr\/tr\/wp-json\/wp\/v2\/pages\/3563"}],"collection":[{"href":"https:\/\/hansu.av.tr\/tr\/wp-json\/wp\/v2\/pages"}],"about":[{"href":"https:\/\/hansu.av.tr\/tr\/wp-json\/wp\/v2\/types\/page"}],"author":[{"embeddable":true,"href":"https:\/\/hansu.av.tr\/tr\/wp-json\/wp\/v2\/users\/1"}],"replies":[{"embeddable":true,"href":"https:\/\/hansu.av.tr\/tr\/wp-json\/wp\/v2\/comments?post=3563"}],"version-history":[{"count":0,"href":"https:\/\/hansu.av.tr\/tr\/wp-json\/wp\/v2\/pages\/3563\/revisions"}],"up":[{"embeddable":true,"href":"https:\/\/hansu.av.tr\/tr\/wp-json\/wp\/v2\/pages\/4555"}],"wp:featuredmedia":[{"embeddable":true,"href":"https:\/\/hansu.av.tr\/tr\/wp-json\/wp\/v2\/media\/4840"}],"wp:attachment":[{"href":"https:\/\/hansu.av.tr\/tr\/wp-json\/wp\/v2\/media?parent=3563"}],"curies":[{"name":"wp","href":"https:\/\/api.w.org\/{rel}","templated":true}]}}