{"id":3569,"date":"2020-07-06T14:04:59","date_gmt":"2020-07-06T11:04:59","guid":{"rendered":"https:\/\/hansu.av.tr\/?page_id=3569"},"modified":"2020-07-09T17:41:07","modified_gmt":"2020-07-09T14:41:07","slug":"tuketici-ve-perakende","status":"publish","type":"page","link":"https:\/\/hansu.av.tr\/tr\/sektorler\/tuketici-ve-perakende\/","title":{"rendered":"T\u00fcketici ve Perakende"},"content":{"rendered":"\t\t<div data-elementor-type=\"wp-page\" data-elementor-id=\"3569\" class=\"elementor elementor-3569 elementor-3567\">\n\t\t\t\t\t\t<div class=\"elementor-inner\">\n\t\t\t\t<div class=\"elementor-section-wrap\">\n\t\t\t\t\t\t\t\t\t<section class=\"elementor-section elementor-top-section elementor-element elementor-element-40b9c9c7 elementor-section-boxed elementor-section-height-default elementor-section-height-default\" data-id=\"40b9c9c7\" data-element_type=\"section\">\n\t\t\t\t\t\t<div class=\"elementor-container elementor-column-gap-default\">\n\t\t\t\t\t\t\t<div class=\"elementor-row\">\n\t\t\t\t\t<div class=\"elementor-column elementor-col-100 elementor-top-column elementor-element elementor-element-12b04631\" data-id=\"12b04631\" data-element_type=\"column\">\n\t\t\t<div class=\"elementor-column-wrap elementor-element-populated\">\n\t\t\t\t\t\t\t<div class=\"elementor-widget-wrap\">\n\t\t\t\t\t\t<div class=\"elementor-element elementor-element-1af35c62 elementor-widget elementor-widget-text-editor\" data-id=\"1af35c62\" data-element_type=\"widget\" data-widget_type=\"text-editor.default\">\n\t\t\t\t<div class=\"elementor-widget-container\">\n\t\t\t\t\t\t\t\t<div class=\"elementor-text-editor elementor-clearfix\">\n\t\t\t\t<ul><li>Tip s\u00f6zle\u015fmelerin haz\u0131rlanmas\u0131,<\/li><li>Tedarik\u00e7iler ve distrib\u00fct\u00f6rlerle s\u00f6zle\u015fme yapma,<\/li><li>Perakende s\u00f6zle\u015fmelerinin mevzuata uygun bir \u015fekilde haz\u0131rlanmas\u0131,<\/li><li>Perakende sekt\u00f6r\u00fcn\u00fcn yeni uygulamalar\u0131 hakk\u0131nda g\u00f6r\u00fc\u015f vermek,<\/li><li>\u0130hracat s\u00f6zle\u015fmeleri,<\/li><li>Garanti belgeleri, etiket ve taahh\u00fctlerin haz\u0131rlanmas\u0131,<\/li><li>Bak\u0131m ve destek a\u011flar\u0131,<\/li><li>Bayilik ve distrib\u00fct\u00f6rl\u00fck ili\u015fkileri,<\/li><li>Telif hakk\u0131 ve ticari marka ihlali,<\/li><li>Veri koruma,<\/li><li>Rekabet sorunlar\u0131,<\/li><li>T\u00fcketici ve reklam mevzuat\u0131 uyar\u0131nca ilan ve yay\u0131n \u00f6ncesi yasal kontrollerinin sa\u011flanmas\u0131 ve g\u00f6r\u00fc\u015f bildirilmesi,<\/li><li>Stratejik ortakl\u0131klar, birle\u015fme ve sat\u0131n alma,<\/li><li>Yeniden yap\u0131land\u0131rmalar,<\/li><li>Kurumsal y\u00f6netim ve uyumluluk,<\/li><li>\u0130htilaflar\u0131n \u00e7\u00f6z\u00fcm\u00fc, dava ve icra takipleri.<\/li><\/ul>\t\t\t\t\t<\/div>\n\t\t\t\t\t\t<\/div>\n\t\t\t\t<\/div>\n\t\t\t\t\t\t<\/div>\n\t\t\t\t\t<\/div>\n\t\t<\/div>\n\t\t\t\t\t\t\t\t<\/div>\n\t\t\t\t\t<\/div>\n\t\t<\/section>\n\t\t\t\t\t\t\t\t\t<\/div>\n\t\t\t<\/div>\n\t\t\t\t\t<\/div>\n\t\t","protected":false},"excerpt":{"rendered":"<p>Tip s\u00f6zle\u015fmelerin haz\u0131rlanmas\u0131, Tedarik\u00e7iler ve distrib\u00fct\u00f6rlerle s\u00f6zle\u015fme yapma, Perakende s\u00f6zle\u015fmelerinin mevzuata uygun bir \u015fekilde haz\u0131rlanmas\u0131, Perakende sekt\u00f6r\u00fcn\u00fcn yeni uygulamalar\u0131 hakk\u0131nda g\u00f6r\u00fc\u015f vermek, \u0130hracat s\u00f6zle\u015fmeleri, Garanti belgeleri, etiket ve taahh\u00fctlerin haz\u0131rlanmas\u0131, Bak\u0131m ve destek a\u011flar\u0131, Bayilik ve distrib\u00fct\u00f6rl\u00fck ili\u015fkileri, Telif hakk\u0131 ve ticari marka ihlali, Veri koruma, Rekabet sorunlar\u0131, T\u00fcketici ve reklam mevzuat\u0131 uyar\u0131nca ilan ve&#8230;<\/p>\n","protected":false},"author":1,"featured_media":4844,"parent":4555,"menu_order":270,"comment_status":"closed","ping_status":"closed","template":"","meta":[],"acf":[],"_links":{"self":[{"href":"https:\/\/hansu.av.tr\/tr\/wp-json\/wp\/v2\/pages\/3569"}],"collection":[{"href":"https:\/\/hansu.av.tr\/tr\/wp-json\/wp\/v2\/pages"}],"about":[{"href":"https:\/\/hansu.av.tr\/tr\/wp-json\/wp\/v2\/types\/page"}],"author":[{"embeddable":true,"href":"https:\/\/hansu.av.tr\/tr\/wp-json\/wp\/v2\/users\/1"}],"replies":[{"embeddable":true,"href":"https:\/\/hansu.av.tr\/tr\/wp-json\/wp\/v2\/comments?post=3569"}],"version-history":[{"count":0,"href":"https:\/\/hansu.av.tr\/tr\/wp-json\/wp\/v2\/pages\/3569\/revisions"}],"up":[{"embeddable":true,"href":"https:\/\/hansu.av.tr\/tr\/wp-json\/wp\/v2\/pages\/4555"}],"wp:featuredmedia":[{"embeddable":true,"href":"https:\/\/hansu.av.tr\/tr\/wp-json\/wp\/v2\/media\/4844"}],"wp:attachment":[{"href":"https:\/\/hansu.av.tr\/tr\/wp-json\/wp\/v2\/media?parent=3569"}],"curies":[{"name":"wp","href":"https:\/\/api.w.org\/{rel}","templated":true}]}}