{"id":3575,"date":"2020-07-06T14:07:37","date_gmt":"2020-07-06T11:07:37","guid":{"rendered":"https:\/\/hansu.av.tr\/?page_id=3575"},"modified":"2020-07-09T17:41:58","modified_gmt":"2020-07-09T14:41:58","slug":"oyun-e-spor-ve-eglence","status":"publish","type":"page","link":"https:\/\/hansu.av.tr\/tr\/sektorler\/oyun-e-spor-ve-eglence\/","title":{"rendered":"Oyun \/ E-Spor ve E\u011flence"},"content":{"rendered":"\t\t<div data-elementor-type=\"wp-page\" data-elementor-id=\"3575\" class=\"elementor elementor-3575 elementor-3573\">\n\t\t\t\t\t\t<div class=\"elementor-inner\">\n\t\t\t\t<div class=\"elementor-section-wrap\">\n\t\t\t\t\t\t\t\t\t<section class=\"elementor-section elementor-top-section elementor-element elementor-element-40b9c9c7 elementor-section-boxed elementor-section-height-default elementor-section-height-default\" data-id=\"40b9c9c7\" data-element_type=\"section\">\n\t\t\t\t\t\t<div class=\"elementor-container elementor-column-gap-default\">\n\t\t\t\t\t\t\t<div class=\"elementor-row\">\n\t\t\t\t\t<div class=\"elementor-column elementor-col-100 elementor-top-column elementor-element elementor-element-12b04631\" data-id=\"12b04631\" data-element_type=\"column\">\n\t\t\t<div class=\"elementor-column-wrap elementor-element-populated\">\n\t\t\t\t\t\t\t<div class=\"elementor-widget-wrap\">\n\t\t\t\t\t\t<div class=\"elementor-element elementor-element-1af35c62 elementor-widget elementor-widget-text-editor\" data-id=\"1af35c62\" data-element_type=\"widget\" data-widget_type=\"text-editor.default\">\n\t\t\t\t<div class=\"elementor-widget-container\">\n\t\t\t\t\t\t\t\t<div class=\"elementor-text-editor elementor-clearfix\">\n\t\t\t\t<ul><li>Dijital oyun piyasas\u0131nda faaliyet g\u00f6sterecek \u015firketlerin kurulu\u015fu ve i\u015fleyi\u015fine ili\u015fkin (\u015firket esas s\u00f6zle\u015fmesinin, ortakl\u0131k s\u00f6zle\u015fmesinin haz\u0131rlanmas\u0131 vb.) her t\u00fcrl\u00fc hukuki deste\u011fin verilmesi,<\/li><li>Oyunun teknik unsurlar\u0131n\u0131 i\u00e7eren yaz\u0131l\u0131mlar\u0131n (ara y\u00fcz, program ak\u0131\u015f\u0131, m\u00fczik dosyalar\u0131 vs.) telif korunmas\u0131 ile oyun kaynak kodlar\u0131n\u0131n haks\u0131z rekabet h\u00fck\u00fcmleri kapsam\u0131nda korunmas\u0131,<\/li><li>Oyunlar\u0131n tasar\u0131mlar\u0131n\u0131n tasar\u0131m, isimlerinin ise marka tescili ile korunmas\u0131,<\/li><li>Oyuncu-geli\u015ftirici, oyuncu-yay\u0131nc\u0131, oyuncu-oyuncu, lisans veren-lisans alan, marka hakk\u0131 sahibi-marka hakk\u0131n\u0131 kullanan vb. kimseler aras\u0131nda akdedilecek dijital oyun s\u00f6zle\u015fmelerinin haz\u0131rlanmas\u0131 ve mahkeme d\u0131\u015f\u0131 \u00e7\u00f6z\u00fcm yollar\u0131,<\/li><li>Oyun sahibinin mali ve manevi haklar\u0131n\u0131n korunmas\u0131,<\/li><li>Hak sahibinden izinsiz olarak oyunun \u00e7o\u011falt\u0131lmas\u0131 ve oyunun internet \u00fczerinden umuma iletimi vb. fiillerle yap\u0131lan hakka tecav\u00fcz\u00fcn engellenmesi,<\/li><li>Oyun i\u00e7i ihlallerin (Kullan\u0131c\u0131lar\u0131n \u015fifrelerinin ele ge\u00e7irilmesi, oyuncular\u0131n karakterlerinin \u00e7al\u0131nmas\u0131, hesaplar\u0131n\u0131n \u00fc\u00e7\u00fcnc\u00fc \u015fah\u0131slar\u0131n eline ge\u00e7mesi, oyuncular\u0131n birbirilerine hakaret etmesi vb.) engellenmesine dair giri\u015fimlerin ger\u00e7ekle\u015ftirilmesi.<\/li><li>Oyun da\u011f\u0131t\u0131m ve pazarlama esnas\u0131nda gerekli idari (bandrol vb.) ve hukuki ba\u015fvurular\u0131n yap\u0131lmas\u0131,<\/li><li>Dijital oyunlar\u0131n haz\u0131rlanmas\u0131, piyasaya arz\u0131 ve da\u011f\u0131t\u0131m\u0131 s\u00fcrecine dair s\u00f6zle\u015fmelerin haz\u0131rlanmas\u0131 ve s\u00fcrecin y\u00f6netilmesi,<\/li><li>Oyun kullan\u0131c\u0131 s\u00f6zle\u015fmelerinin ve KVKK ayd\u0131nlatma metninin haz\u0131rlanmas\u0131 ile hukuka uygunluklar\u0131n\u0131n sa\u011flanmas\u0131,<\/li><li>Online ve offline oyunlarda ihtiya\u00e7 duyulan ki\u015fisel verilerin saklanmas\u0131 hususunda hukuki alt yap\u0131n\u0131n olu\u015fturulmas\u0131,<\/li><li>Oyuncu-Kul\u00fcp Y\u00f6netimi, Oyuncu-Sponsor, Oyuncu-Menajerlik firmalar\u0131, Kl\u00fcp Y\u00f6netimi-Sponsor, Kul\u00fcp Y\u00f6netimi-Yay\u0131nc\u0131 vb. aras\u0131ndaki E-spor s\u00f6zle\u015fmelerinin haz\u0131rlanmas\u0131, de\u011ferlendirilmesi gibi hukuki hizmet ve desteklerin verilmesi,<\/li><li>E-Spor oyuncular\u0131n\u0131n ve kul\u00fcplerin kar\u015f\u0131la\u015fabilecekleri disiplin, idari, hukuki ve cezai yapt\u0131r\u0131mlar kar\u015f\u0131s\u0131nda hukuki destek verilmesi,<\/li><li>T\u00fcrkiye E-Spor Federasyonu y\u00f6netmelik ve talimatlar\u0131 kapsam\u0131nda yerine getirilmesi gereken sorumluluklar\u0131n (lisans alma, tescil, e-spor salonu yeterlilik belgesi alma vb.) saptanmas\u0131 ve ifas\u0131 ile ilgili y\u00f6netmelik ve talimatlar\u0131n ihlalinden yahut elde edilen haklar\u0131n iptalinden do\u011fan hukuki uyu\u015fmazl\u0131klar\u0131n y\u00fcr\u00fct\u00fclmesi,<\/li><li>E-Spor organizasyonlar\u0131nda yay\u0131nc\u0131lar, organizat\u00f6rler, tak\u0131mlar veya oyuncular aras\u0131nda kurulacak yay\u0131n, tan\u0131t\u0131m vb. s\u00f6zle\u015fmelerin d\u00fczenlenmesi ve de\u011ferlendirilmesi.<\/li><\/ul>\t\t\t\t\t<\/div>\n\t\t\t\t\t\t<\/div>\n\t\t\t\t<\/div>\n\t\t\t\t\t\t<\/div>\n\t\t\t\t\t<\/div>\n\t\t<\/div>\n\t\t\t\t\t\t\t\t<\/div>\n\t\t\t\t\t<\/div>\n\t\t<\/section>\n\t\t\t\t\t\t\t\t\t<\/div>\n\t\t\t<\/div>\n\t\t\t\t\t<\/div>\n\t\t","protected":false},"excerpt":{"rendered":"<p>Dijital oyun piyasas\u0131nda faaliyet g\u00f6sterecek \u015firketlerin kurulu\u015fu ve i\u015fleyi\u015fine ili\u015fkin (\u015firket esas s\u00f6zle\u015fmesinin, ortakl\u0131k s\u00f6zle\u015fmesinin haz\u0131rlanmas\u0131 vb.) her t\u00fcrl\u00fc hukuki deste\u011fin verilmesi, Oyunun teknik unsurlar\u0131n\u0131 i\u00e7eren yaz\u0131l\u0131mlar\u0131n (ara y\u00fcz, program ak\u0131\u015f\u0131, m\u00fczik dosyalar\u0131 vs.) telif korunmas\u0131 ile oyun kaynak kodlar\u0131n\u0131n haks\u0131z rekabet h\u00fck\u00fcmleri kapsam\u0131nda korunmas\u0131, Oyunlar\u0131n tasar\u0131mlar\u0131n\u0131n tasar\u0131m, isimlerinin ise marka tescili ile korunmas\u0131, Oyuncu-geli\u015ftirici,&#8230;<\/p>\n","protected":false},"author":1,"featured_media":4847,"parent":4555,"menu_order":274,"comment_status":"closed","ping_status":"closed","template":"","meta":[],"acf":[],"_links":{"self":[{"href":"https:\/\/hansu.av.tr\/tr\/wp-json\/wp\/v2\/pages\/3575"}],"collection":[{"href":"https:\/\/hansu.av.tr\/tr\/wp-json\/wp\/v2\/pages"}],"about":[{"href":"https:\/\/hansu.av.tr\/tr\/wp-json\/wp\/v2\/types\/page"}],"author":[{"embeddable":true,"href":"https:\/\/hansu.av.tr\/tr\/wp-json\/wp\/v2\/users\/1"}],"replies":[{"embeddable":true,"href":"https:\/\/hansu.av.tr\/tr\/wp-json\/wp\/v2\/comments?post=3575"}],"version-history":[{"count":0,"href":"https:\/\/hansu.av.tr\/tr\/wp-json\/wp\/v2\/pages\/3575\/revisions"}],"up":[{"embeddable":true,"href":"https:\/\/hansu.av.tr\/tr\/wp-json\/wp\/v2\/pages\/4555"}],"wp:featuredmedia":[{"embeddable":true,"href":"https:\/\/hansu.av.tr\/tr\/wp-json\/wp\/v2\/media\/4847"}],"wp:attachment":[{"href":"https:\/\/hansu.av.tr\/tr\/wp-json\/wp\/v2\/media?parent=3575"}],"curies":[{"name":"wp","href":"https:\/\/api.w.org\/{rel}","templated":true}]}}