{"id":4555,"date":"2020-06-26T13:52:15","date_gmt":"2020-06-26T10:52:15","guid":{"rendered":"https:\/\/hansu.av.tr\/sektorler\/"},"modified":"2020-06-26T13:52:16","modified_gmt":"2020-06-26T10:52:16","slug":"sektorler","status":"publish","type":"page","link":"https:\/\/hansu.av.tr\/tr\/sektorler\/","title":{"rendered":"Sekt\u00f6rler"},"content":{"rendered":"\t\t<div data-elementor-type=\"wp-page\" data-elementor-id=\"4555\" class=\"elementor elementor-4555 elementor-3795\">\n\t\t\t\t\t\t<div class=\"elementor-inner\">\n\t\t\t\t<div class=\"elementor-section-wrap\">\n\t\t\t\t\t\t\t\t\t<section class=\"elementor-section elementor-top-section elementor-element elementor-element-6fbce1b elementor-section-stretched elementor-section-height-min-height elementor-section-items-bottom elementor-section-boxed elementor-section-height-default\" data-id=\"6fbce1b\" data-element_type=\"section\" data-settings=\"{&quot;stretch_section&quot;:&quot;section-stretched&quot;,&quot;background_background&quot;:&quot;classic&quot;,&quot;shape_divider_bottom&quot;:&quot;arrow&quot;}\">\n\t\t\t\t\t\t\t<div class=\"elementor-background-overlay\"><\/div>\n\t\t\t\t\t\t<div class=\"elementor-shape elementor-shape-bottom\" data-negative=\"false\">\n\t\t\t<svg xmlns=\"http:\/\/www.w3.org\/2000\/svg\" viewBox=\"0 0 700 10\" preserveAspectRatio=\"none\">\n\t<path class=\"elementor-shape-fill\" d=\"M350,10L340,0h20L350,10z\"\/>\n<\/svg>\t\t<\/div>\n\t\t\t\t\t<div class=\"elementor-container elementor-column-gap-default\">\n\t\t\t\t\t\t\t<div class=\"elementor-row\">\n\t\t\t\t\t<div class=\"elementor-column elementor-col-100 elementor-top-column elementor-element elementor-element-1fab686\" data-id=\"1fab686\" data-element_type=\"column\">\n\t\t\t<div class=\"elementor-column-wrap elementor-element-populated\">\n\t\t\t\t\t\t\t<div class=\"elementor-widget-wrap\">\n\t\t\t\t\t\t\t\t<\/div>\n\t\t\t\t\t<\/div>\n\t\t<\/div>\n\t\t\t\t\t\t\t\t<\/div>\n\t\t\t\t\t<\/div>\n\t\t<\/section>\n\t\t\t\t<section class=\"elementor-section elementor-top-section elementor-element elementor-element-833ccd2 elementor-section-boxed elementor-section-height-default elementor-section-height-default\" data-id=\"833ccd2\" data-element_type=\"section\">\n\t\t\t\t\t\t<div class=\"elementor-container elementor-column-gap-default\">\n\t\t\t\t\t\t\t<div class=\"elementor-row\">\n\t\t\t\t\t<div class=\"elementor-column elementor-col-100 elementor-top-column elementor-element elementor-element-d7042b3\" data-id=\"d7042b3\" data-element_type=\"column\">\n\t\t\t<div class=\"elementor-column-wrap elementor-element-populated\">\n\t\t\t\t\t\t\t<div class=\"elementor-widget-wrap\">\n\t\t\t\t\t\t<div class=\"elementor-element elementor-element-8cbd2db elementor-grid-4 elementor-grid-tablet-2 elementor-grid-mobile-1 elementor-posts--thumbnail-top elementor-card-shadow-yes elementor-posts__hover-gradient elementor-widget elementor-widget-posts\" data-id=\"8cbd2db\" data-element_type=\"widget\" data-settings=\"{&quot;cards_columns&quot;:&quot;4&quot;,&quot;cards_row_gap&quot;:{&quot;unit&quot;:&quot;px&quot;,&quot;size&quot;:25,&quot;sizes&quot;:[]},&quot;cards_columns_tablet&quot;:&quot;2&quot;,&quot;cards_columns_mobile&quot;:&quot;1&quot;,&quot;cards_row_gap_tablet&quot;:{&quot;unit&quot;:&quot;px&quot;,&quot;size&quot;:&quot;&quot;,&quot;sizes&quot;:[]},&quot;cards_row_gap_mobile&quot;:{&quot;unit&quot;:&quot;px&quot;,&quot;size&quot;:&quot;&quot;,&quot;sizes&quot;:[]}}\" data-widget_type=\"posts.cards\">\n\t\t\t\t<div class=\"elementor-widget-container\">\n\t\t\t\t\t<div class=\"elementor-posts-container elementor-posts elementor-posts--skin-cards elementor-grid\">\n\t\t\t\t<article class=\"elementor-post elementor-grid-item post-5108 page type-page status-publish has-post-thumbnail hentry\">\n\t\t\t<div class=\"elementor-post__card\">\n\t\t\t\t<a class=\"elementor-post__thumbnail__link\" href=\"https:\/\/hansu.av.tr\/tr\/sektorler\/ticaret-ve-sirketler\/\" ><div class=\"elementor-post__thumbnail\"><img width=\"1920\" height=\"1080\" src=\"https:\/\/hansu.av.tr\/wp-content\/uploads\/2020\/06\/001_Business-and-Corporate_Hansu_Law.jpg\" class=\"attachment-full size-full\" alt=\"\" loading=\"lazy\" srcset=\"https:\/\/hansu.av.tr\/wp-content\/uploads\/2020\/06\/001_Business-and-Corporate_Hansu_Law.jpg 1920w, https:\/\/hansu.av.tr\/wp-content\/uploads\/2020\/06\/001_Business-and-Corporate_Hansu_Law-300x169.jpg 300w, https:\/\/hansu.av.tr\/wp-content\/uploads\/2020\/06\/001_Business-and-Corporate_Hansu_Law-1024x576.jpg 1024w, https:\/\/hansu.av.tr\/wp-content\/uploads\/2020\/06\/001_Business-and-Corporate_Hansu_Law-1536x864.jpg 1536w\" sizes=\"(max-width: 1920px) 100vw, 1920px\" \/><\/div><\/a>\n\t\t\t\t<div class=\"elementor-post__text\">\n\t\t\t\t<h3 class=\"elementor-post__title\">\n\t\t\t<a href=\"https:\/\/hansu.av.tr\/tr\/sektorler\/ticaret-ve-sirketler\/\" >\n\t\t\t\tTicaret ve \u015eirketler\t\t\t<\/a>\n\t\t<\/h3>\n\t\t\t\t<\/div>\n\t\t\t\t\t<\/div>\n\t\t<\/article>\n\t\t\t\t<article class=\"elementor-post elementor-grid-item post-3520 page type-page status-publish has-post-thumbnail hentry\">\n\t\t\t<div class=\"elementor-post__card\">\n\t\t\t\t<a class=\"elementor-post__thumbnail__link\" href=\"https:\/\/hansu.av.tr\/tr\/sektorler\/enerji-ve-maden-sektoru\/\" ><div class=\"elementor-post__thumbnail\"><img width=\"1920\" height=\"1080\" src=\"https:\/\/hansu.av.tr\/wp-content\/uploads\/2020\/06\/003_Energy-and-Mining_Hansu_Law.jpg\" class=\"attachment-full size-full\" alt=\"\" loading=\"lazy\" srcset=\"https:\/\/hansu.av.tr\/wp-content\/uploads\/2020\/06\/003_Energy-and-Mining_Hansu_Law.jpg 1920w, https:\/\/hansu.av.tr\/wp-content\/uploads\/2020\/06\/003_Energy-and-Mining_Hansu_Law-300x169.jpg 300w, https:\/\/hansu.av.tr\/wp-content\/uploads\/2020\/06\/003_Energy-and-Mining_Hansu_Law-1024x576.jpg 1024w, https:\/\/hansu.av.tr\/wp-content\/uploads\/2020\/06\/003_Energy-and-Mining_Hansu_Law-1536x864.jpg 1536w\" sizes=\"(max-width: 1920px) 100vw, 1920px\" \/><\/div><\/a>\n\t\t\t\t<div class=\"elementor-post__text\">\n\t\t\t\t<h3 class=\"elementor-post__title\">\n\t\t\t<a href=\"https:\/\/hansu.av.tr\/tr\/sektorler\/enerji-ve-maden-sektoru\/\" >\n\t\t\t\tEnerji ve Maden Sekt\u00f6r\u00fc\t\t\t<\/a>\n\t\t<\/h3>\n\t\t\t\t<\/div>\n\t\t\t\t\t<\/div>\n\t\t<\/article>\n\t\t\t\t<article class=\"elementor-post elementor-grid-item post-3526 page type-page status-publish has-post-thumbnail hentry\">\n\t\t\t<div class=\"elementor-post__card\">\n\t\t\t\t<a class=\"elementor-post__thumbnail__link\" href=\"https:\/\/hansu.av.tr\/tr\/sektorler\/kimya-ve-petrol-urunleri\/\" ><div class=\"elementor-post__thumbnail\"><img width=\"1920\" height=\"1080\" src=\"https:\/\/hansu.av.tr\/wp-content\/uploads\/2020\/06\/004_Chemicals-and-Petroleum-Products_Hansu_Law.jpg\" class=\"attachment-full size-full\" alt=\"\" loading=\"lazy\" srcset=\"https:\/\/hansu.av.tr\/wp-content\/uploads\/2020\/06\/004_Chemicals-and-Petroleum-Products_Hansu_Law.jpg 1920w, https:\/\/hansu.av.tr\/wp-content\/uploads\/2020\/06\/004_Chemicals-and-Petroleum-Products_Hansu_Law-300x169.jpg 300w, https:\/\/hansu.av.tr\/wp-content\/uploads\/2020\/06\/004_Chemicals-and-Petroleum-Products_Hansu_Law-1024x576.jpg 1024w, https:\/\/hansu.av.tr\/wp-content\/uploads\/2020\/06\/004_Chemicals-and-Petroleum-Products_Hansu_Law-1536x864.jpg 1536w\" sizes=\"(max-width: 1920px) 100vw, 1920px\" \/><\/div><\/a>\n\t\t\t\t<div class=\"elementor-post__text\">\n\t\t\t\t<h3 class=\"elementor-post__title\">\n\t\t\t<a href=\"https:\/\/hansu.av.tr\/tr\/sektorler\/kimya-ve-petrol-urunleri\/\" >\n\t\t\t\tKimya ve Petrol \u00dcr\u00fcnleri\t\t\t<\/a>\n\t\t<\/h3>\n\t\t\t\t<\/div>\n\t\t\t\t\t<\/div>\n\t\t<\/article>\n\t\t\t\t<article class=\"elementor-post elementor-grid-item post-3532 page type-page status-publish has-post-thumbnail hentry\">\n\t\t\t<div class=\"elementor-post__card\">\n\t\t\t\t<a class=\"elementor-post__thumbnail__link\" href=\"https:\/\/hansu.av.tr\/tr\/sektorler\/sigorta-ve-reasurans\/\" ><div class=\"elementor-post__thumbnail\"><img width=\"1920\" height=\"1080\" src=\"https:\/\/hansu.av.tr\/wp-content\/uploads\/2020\/06\/005_Insurance-and-Reassurance_Hansu_Law.jpg\" class=\"attachment-full size-full\" alt=\"\" loading=\"lazy\" srcset=\"https:\/\/hansu.av.tr\/wp-content\/uploads\/2020\/06\/005_Insurance-and-Reassurance_Hansu_Law.jpg 1920w, https:\/\/hansu.av.tr\/wp-content\/uploads\/2020\/06\/005_Insurance-and-Reassurance_Hansu_Law-300x169.jpg 300w, https:\/\/hansu.av.tr\/wp-content\/uploads\/2020\/06\/005_Insurance-and-Reassurance_Hansu_Law-1024x576.jpg 1024w, https:\/\/hansu.av.tr\/wp-content\/uploads\/2020\/06\/005_Insurance-and-Reassurance_Hansu_Law-1536x864.jpg 1536w\" sizes=\"(max-width: 1920px) 100vw, 1920px\" \/><\/div><\/a>\n\t\t\t\t<div class=\"elementor-post__text\">\n\t\t\t\t<h3 class=\"elementor-post__title\">\n\t\t\t<a href=\"https:\/\/hansu.av.tr\/tr\/sektorler\/sigorta-ve-reasurans\/\" >\n\t\t\t\tSigorta ve Reas\u00fcrans\t\t\t<\/a>\n\t\t<\/h3>\n\t\t\t\t<\/div>\n\t\t\t\t\t<\/div>\n\t\t<\/article>\n\t\t\t\t<article class=\"elementor-post elementor-grid-item post-3538 page type-page status-publish has-post-thumbnail hentry\">\n\t\t\t<div class=\"elementor-post__card\">\n\t\t\t\t<a class=\"elementor-post__thumbnail__link\" href=\"https:\/\/hansu.av.tr\/tr\/sektorler\/saglik-tibbi-gerecler-ve-ilac\/\" ><div class=\"elementor-post__thumbnail\"><img width=\"1920\" height=\"1080\" src=\"https:\/\/hansu.av.tr\/wp-content\/uploads\/2020\/06\/006_Medical-Supplies_Hansu_Law.jpg\" class=\"attachment-full size-full\" alt=\"\" loading=\"lazy\" srcset=\"https:\/\/hansu.av.tr\/wp-content\/uploads\/2020\/06\/006_Medical-Supplies_Hansu_Law.jpg 1920w, https:\/\/hansu.av.tr\/wp-content\/uploads\/2020\/06\/006_Medical-Supplies_Hansu_Law-300x169.jpg 300w, https:\/\/hansu.av.tr\/wp-content\/uploads\/2020\/06\/006_Medical-Supplies_Hansu_Law-1024x576.jpg 1024w, https:\/\/hansu.av.tr\/wp-content\/uploads\/2020\/06\/006_Medical-Supplies_Hansu_Law-1536x864.jpg 1536w\" sizes=\"(max-width: 1920px) 100vw, 1920px\" \/><\/div><\/a>\n\t\t\t\t<div class=\"elementor-post__text\">\n\t\t\t\t<h3 class=\"elementor-post__title\">\n\t\t\t<a href=\"https:\/\/hansu.av.tr\/tr\/sektorler\/saglik-tibbi-gerecler-ve-ilac\/\" >\n\t\t\t\tSa\u011fl\u0131k, T\u0131bbi Gere\u00e7ler ve \u0130la\u00e7\t\t\t<\/a>\n\t\t<\/h3>\n\t\t\t\t<\/div>\n\t\t\t\t\t<\/div>\n\t\t<\/article>\n\t\t\t\t<article class=\"elementor-post elementor-grid-item post-3544 page type-page status-publish has-post-thumbnail hentry\">\n\t\t\t<div class=\"elementor-post__card\">\n\t\t\t\t<a class=\"elementor-post__thumbnail__link\" href=\"https:\/\/hansu.av.tr\/tr\/sektorler\/teknoloji-medya-ve-telekomunikasyon\/\" ><div class=\"elementor-post__thumbnail\"><img width=\"1920\" height=\"1080\" src=\"https:\/\/hansu.av.tr\/wp-content\/uploads\/2020\/06\/007_Technology-Media-and-IT_Hansu_Law.jpg\" class=\"attachment-full size-full\" alt=\"\" loading=\"lazy\" srcset=\"https:\/\/hansu.av.tr\/wp-content\/uploads\/2020\/06\/007_Technology-Media-and-IT_Hansu_Law.jpg 1920w, https:\/\/hansu.av.tr\/wp-content\/uploads\/2020\/06\/007_Technology-Media-and-IT_Hansu_Law-300x169.jpg 300w, https:\/\/hansu.av.tr\/wp-content\/uploads\/2020\/06\/007_Technology-Media-and-IT_Hansu_Law-1024x576.jpg 1024w, https:\/\/hansu.av.tr\/wp-content\/uploads\/2020\/06\/007_Technology-Media-and-IT_Hansu_Law-1536x864.jpg 1536w\" sizes=\"(max-width: 1920px) 100vw, 1920px\" \/><\/div><\/a>\n\t\t\t\t<div class=\"elementor-post__text\">\n\t\t\t\t<h3 class=\"elementor-post__title\">\n\t\t\t<a href=\"https:\/\/hansu.av.tr\/tr\/sektorler\/teknoloji-medya-ve-telekomunikasyon\/\" >\n\t\t\t\tTeknoloji, Medya ve Telekom\u00fcnikasyon\t\t\t<\/a>\n\t\t<\/h3>\n\t\t\t\t<\/div>\n\t\t\t\t\t<\/div>\n\t\t<\/article>\n\t\t\t\t<article class=\"elementor-post elementor-grid-item post-3550 page type-page status-publish has-post-thumbnail hentry\">\n\t\t\t<div class=\"elementor-post__card\">\n\t\t\t\t<a class=\"elementor-post__thumbnail__link\" href=\"https:\/\/hansu.av.tr\/tr\/sektorler\/otomotiv\/\" ><div class=\"elementor-post__thumbnail\"><img width=\"1920\" height=\"1080\" src=\"https:\/\/hansu.av.tr\/wp-content\/uploads\/2020\/06\/008_Automotive_Hansu_Law.jpg\" class=\"attachment-full size-full\" alt=\"\" loading=\"lazy\" srcset=\"https:\/\/hansu.av.tr\/wp-content\/uploads\/2020\/06\/008_Automotive_Hansu_Law.jpg 1920w, https:\/\/hansu.av.tr\/wp-content\/uploads\/2020\/06\/008_Automotive_Hansu_Law-300x169.jpg 300w, https:\/\/hansu.av.tr\/wp-content\/uploads\/2020\/06\/008_Automotive_Hansu_Law-1024x576.jpg 1024w, https:\/\/hansu.av.tr\/wp-content\/uploads\/2020\/06\/008_Automotive_Hansu_Law-1536x864.jpg 1536w\" sizes=\"(max-width: 1920px) 100vw, 1920px\" \/><\/div><\/a>\n\t\t\t\t<div class=\"elementor-post__text\">\n\t\t\t\t<h3 class=\"elementor-post__title\">\n\t\t\t<a href=\"https:\/\/hansu.av.tr\/tr\/sektorler\/otomotiv\/\" >\n\t\t\t\tOtomotiv\t\t\t<\/a>\n\t\t<\/h3>\n\t\t\t\t<\/div>\n\t\t\t\t\t<\/div>\n\t\t<\/article>\n\t\t\t\t<article class=\"elementor-post elementor-grid-item post-3563 page type-page status-publish has-post-thumbnail hentry\">\n\t\t\t<div class=\"elementor-post__card\">\n\t\t\t\t<a class=\"elementor-post__thumbnail__link\" href=\"https:\/\/hansu.av.tr\/tr\/sektorler\/turizm\/\" ><div class=\"elementor-post__thumbnail\"><img width=\"1920\" height=\"1080\" src=\"https:\/\/hansu.av.tr\/wp-content\/uploads\/2020\/06\/010_Tourism_Hansu_Law.jpg\" class=\"attachment-full size-full\" alt=\"\" loading=\"lazy\" srcset=\"https:\/\/hansu.av.tr\/wp-content\/uploads\/2020\/06\/010_Tourism_Hansu_Law.jpg 1920w, https:\/\/hansu.av.tr\/wp-content\/uploads\/2020\/06\/010_Tourism_Hansu_Law-300x169.jpg 300w, https:\/\/hansu.av.tr\/wp-content\/uploads\/2020\/06\/010_Tourism_Hansu_Law-1024x576.jpg 1024w, https:\/\/hansu.av.tr\/wp-content\/uploads\/2020\/06\/010_Tourism_Hansu_Law-1536x864.jpg 1536w\" sizes=\"(max-width: 1920px) 100vw, 1920px\" \/><\/div><\/a>\n\t\t\t\t<div class=\"elementor-post__text\">\n\t\t\t\t<h3 class=\"elementor-post__title\">\n\t\t\t<a href=\"https:\/\/hansu.av.tr\/tr\/sektorler\/turizm\/\" >\n\t\t\t\tTurizm\t\t\t<\/a>\n\t\t<\/h3>\n\t\t\t\t<\/div>\n\t\t\t\t\t<\/div>\n\t\t<\/article>\n\t\t\t\t<article class=\"elementor-post elementor-grid-item post-3569 page type-page status-publish has-post-thumbnail hentry\">\n\t\t\t<div class=\"elementor-post__card\">\n\t\t\t\t<a class=\"elementor-post__thumbnail__link\" href=\"https:\/\/hansu.av.tr\/tr\/sektorler\/tuketici-ve-perakende\/\" ><div class=\"elementor-post__thumbnail\"><img width=\"1920\" height=\"1080\" src=\"https:\/\/hansu.av.tr\/wp-content\/uploads\/2020\/06\/011_Consumer-and-Retail_Hansu_Law.jpg\" class=\"attachment-full size-full\" alt=\"\" loading=\"lazy\" srcset=\"https:\/\/hansu.av.tr\/wp-content\/uploads\/2020\/06\/011_Consumer-and-Retail_Hansu_Law.jpg 1920w, https:\/\/hansu.av.tr\/wp-content\/uploads\/2020\/06\/011_Consumer-and-Retail_Hansu_Law-300x169.jpg 300w, https:\/\/hansu.av.tr\/wp-content\/uploads\/2020\/06\/011_Consumer-and-Retail_Hansu_Law-1024x576.jpg 1024w, https:\/\/hansu.av.tr\/wp-content\/uploads\/2020\/06\/011_Consumer-and-Retail_Hansu_Law-1536x864.jpg 1536w\" sizes=\"(max-width: 1920px) 100vw, 1920px\" \/><\/div><\/a>\n\t\t\t\t<div class=\"elementor-post__text\">\n\t\t\t\t<h3 class=\"elementor-post__title\">\n\t\t\t<a href=\"https:\/\/hansu.av.tr\/tr\/sektorler\/tuketici-ve-perakende\/\" >\n\t\t\t\tT\u00fcketici ve Perakende\t\t\t<\/a>\n\t\t<\/h3>\n\t\t\t\t<\/div>\n\t\t\t\t\t<\/div>\n\t\t<\/article>\n\t\t\t\t<article class=\"elementor-post elementor-grid-item post-3575 page type-page status-publish has-post-thumbnail hentry\">\n\t\t\t<div class=\"elementor-post__card\">\n\t\t\t\t<a class=\"elementor-post__thumbnail__link\" href=\"https:\/\/hansu.av.tr\/tr\/sektorler\/oyun-e-spor-ve-eglence\/\" ><div class=\"elementor-post__thumbnail\"><img width=\"1920\" height=\"1080\" src=\"https:\/\/hansu.av.tr\/wp-content\/uploads\/2020\/06\/012_Game_E-Sports_Entertainment_Hansu_Law.jpg\" class=\"attachment-full size-full\" alt=\"\" loading=\"lazy\" srcset=\"https:\/\/hansu.av.tr\/wp-content\/uploads\/2020\/06\/012_Game_E-Sports_Entertainment_Hansu_Law.jpg 1920w, https:\/\/hansu.av.tr\/wp-content\/uploads\/2020\/06\/012_Game_E-Sports_Entertainment_Hansu_Law-300x169.jpg 300w, https:\/\/hansu.av.tr\/wp-content\/uploads\/2020\/06\/012_Game_E-Sports_Entertainment_Hansu_Law-1024x576.jpg 1024w, https:\/\/hansu.av.tr\/wp-content\/uploads\/2020\/06\/012_Game_E-Sports_Entertainment_Hansu_Law-1536x864.jpg 1536w\" sizes=\"(max-width: 1920px) 100vw, 1920px\" \/><\/div><\/a>\n\t\t\t\t<div class=\"elementor-post__text\">\n\t\t\t\t<h3 class=\"elementor-post__title\">\n\t\t\t<a href=\"https:\/\/hansu.av.tr\/tr\/sektorler\/oyun-e-spor-ve-eglence\/\" >\n\t\t\t\tOyun \/ E-Spor ve E\u011flence\t\t\t<\/a>\n\t\t<\/h3>\n\t\t\t\t<\/div>\n\t\t\t\t\t<\/div>\n\t\t<\/article>\n\t\t\t\t<article class=\"elementor-post elementor-grid-item post-3557 page type-page status-publish has-post-thumbnail hentry\">\n\t\t\t<div class=\"elementor-post__card\">\n\t\t\t\t<a class=\"elementor-post__thumbnail__link\" href=\"https:\/\/hansu.av.tr\/tr\/sektorler\/tasimacilik-ve-lojistik\/\" ><div class=\"elementor-post__thumbnail\"><img width=\"1920\" height=\"1080\" src=\"https:\/\/hansu.av.tr\/wp-content\/uploads\/2020\/06\/009_Transportation-and-Logistics_Hansu_Law.jpg\" class=\"attachment-full size-full\" alt=\"\" loading=\"lazy\" srcset=\"https:\/\/hansu.av.tr\/wp-content\/uploads\/2020\/06\/009_Transportation-and-Logistics_Hansu_Law.jpg 1920w, https:\/\/hansu.av.tr\/wp-content\/uploads\/2020\/06\/009_Transportation-and-Logistics_Hansu_Law-300x169.jpg 300w, https:\/\/hansu.av.tr\/wp-content\/uploads\/2020\/06\/009_Transportation-and-Logistics_Hansu_Law-1024x576.jpg 1024w, https:\/\/hansu.av.tr\/wp-content\/uploads\/2020\/06\/009_Transportation-and-Logistics_Hansu_Law-1536x864.jpg 1536w\" sizes=\"(max-width: 1920px) 100vw, 1920px\" \/><\/div><\/a>\n\t\t\t\t<div class=\"elementor-post__text\">\n\t\t\t\t<h3 class=\"elementor-post__title\">\n\t\t\t<a href=\"https:\/\/hansu.av.tr\/tr\/sektorler\/tasimacilik-ve-lojistik\/\" >\n\t\t\t\tTa\u015f\u0131mac\u0131l\u0131k ve Lojistik\t\t\t<\/a>\n\t\t<\/h3>\n\t\t\t\t<\/div>\n\t\t\t\t\t<\/div>\n\t\t<\/article>\n\t\t\t\t<article class=\"elementor-post elementor-grid-item post-3514 page type-page status-publish has-post-thumbnail hentry\">\n\t\t\t<div class=\"elementor-post__card\">\n\t\t\t\t<a class=\"elementor-post__thumbnail__link\" href=\"https:\/\/hansu.av.tr\/tr\/sektorler\/gayrimenkul-ve-kira\/\" ><div class=\"elementor-post__thumbnail\"><img width=\"1920\" height=\"1080\" src=\"https:\/\/hansu.av.tr\/wp-content\/uploads\/2020\/06\/002_Real-Estate-and-Leasing_Hansu_Law.jpg\" class=\"attachment-full size-full\" alt=\"\" loading=\"lazy\" srcset=\"https:\/\/hansu.av.tr\/wp-content\/uploads\/2020\/06\/002_Real-Estate-and-Leasing_Hansu_Law.jpg 1920w, https:\/\/hansu.av.tr\/wp-content\/uploads\/2020\/06\/002_Real-Estate-and-Leasing_Hansu_Law-300x169.jpg 300w, https:\/\/hansu.av.tr\/wp-content\/uploads\/2020\/06\/002_Real-Estate-and-Leasing_Hansu_Law-1024x576.jpg 1024w, https:\/\/hansu.av.tr\/wp-content\/uploads\/2020\/06\/002_Real-Estate-and-Leasing_Hansu_Law-1536x864.jpg 1536w\" sizes=\"(max-width: 1920px) 100vw, 1920px\" \/><\/div><\/a>\n\t\t\t\t<div class=\"elementor-post__text\">\n\t\t\t\t<h3 class=\"elementor-post__title\">\n\t\t\t<a href=\"https:\/\/hansu.av.tr\/tr\/sektorler\/gayrimenkul-ve-kira\/\" >\n\t\t\t\tGayrimenkul ve Kira\t\t\t<\/a>\n\t\t<\/h3>\n\t\t\t\t<\/div>\n\t\t\t\t\t<\/div>\n\t\t<\/article>\n\t\t\t\t<\/div>\n\n\n\t\t\n\t\t\t\t<\/div>\n\t\t\t\t<\/div>\n\t\t\t\t\t\t<\/div>\n\t\t\t\t\t<\/div>\n\t\t<\/div>\n\t\t\t\t\t\t\t\t<\/div>\n\t\t\t\t\t<\/div>\n\t\t<\/section>\n\t\t\t\t\t\t\t\t\t<\/div>\n\t\t\t<\/div>\n\t\t\t\t\t<\/div>\n\t\t","protected":false},"excerpt":{"rendered":"","protected":false},"author":1,"featured_media":0,"parent":0,"menu_order":464,"comment_status":"closed","ping_status":"closed","template":"","meta":[],"acf":[],"_links":{"self":[{"href":"https:\/\/hansu.av.tr\/tr\/wp-json\/wp\/v2\/pages\/4555"}],"collection":[{"href":"https:\/\/hansu.av.tr\/tr\/wp-json\/wp\/v2\/pages"}],"about":[{"href":"https:\/\/hansu.av.tr\/tr\/wp-json\/wp\/v2\/types\/page"}],"author":[{"embeddable":true,"href":"https:\/\/hansu.av.tr\/tr\/wp-json\/wp\/v2\/users\/1"}],"replies":[{"embeddable":true,"href":"https:\/\/hansu.av.tr\/tr\/wp-json\/wp\/v2\/comments?post=4555"}],"version-history":[{"count":0,"href":"https:\/\/hansu.av.tr\/tr\/wp-json\/wp\/v2\/pages\/4555\/revisions"}],"wp:attachment":[{"href":"https:\/\/hansu.av.tr\/tr\/wp-json\/wp\/v2\/media?parent=4555"}],"curies":[{"name":"wp","href":"https:\/\/api.w.org\/{rel}","templated":true}]}}