{"id":5108,"date":"2020-07-06T11:09:28","date_gmt":"2020-07-06T08:09:28","guid":{"rendered":"https:\/\/hansu.av.tr\/sektorler\/ticaret-ve-sirketler-2\/"},"modified":"2020-07-09T17:49:35","modified_gmt":"2020-07-09T14:49:35","slug":"ticaret-ve-sirketler","status":"publish","type":"page","link":"https:\/\/hansu.av.tr\/tr\/sektorler\/ticaret-ve-sirketler\/","title":{"rendered":"Ticaret ve \u015eirketler"},"content":{"rendered":"\t\t<div data-elementor-type=\"wp-page\" data-elementor-id=\"5108\" class=\"elementor elementor-5108 elementor-3505\">\n\t\t\t\t\t\t<div class=\"elementor-inner\">\n\t\t\t\t<div class=\"elementor-section-wrap\">\n\t\t\t\t\t\t\t\t\t<section class=\"elementor-section elementor-top-section elementor-element elementor-element-40b9c9c7 elementor-section-boxed elementor-section-height-default elementor-section-height-default\" data-id=\"40b9c9c7\" data-element_type=\"section\">\n\t\t\t\t\t\t<div class=\"elementor-container elementor-column-gap-default\">\n\t\t\t\t\t\t\t<div class=\"elementor-row\">\n\t\t\t\t\t<div class=\"elementor-column elementor-col-100 elementor-top-column elementor-element elementor-element-12b04631\" data-id=\"12b04631\" data-element_type=\"column\">\n\t\t\t<div class=\"elementor-column-wrap elementor-element-populated\">\n\t\t\t\t\t\t\t<div class=\"elementor-widget-wrap\">\n\t\t\t\t\t\t<div class=\"elementor-element elementor-element-1af35c62 elementor-widget elementor-widget-text-editor\" data-id=\"1af35c62\" data-element_type=\"widget\" data-widget_type=\"text-editor.default\">\n\t\t\t\t<div class=\"elementor-widget-container\">\n\t\t\t\t\t\t\t\t<div class=\"elementor-text-editor elementor-clearfix\">\n\t\t\t\t<ul><li>\u015eirket Birle\u015fme ve Devralmalar\u0131,<\/li><li>Her T\u00fcrl\u00fc Hisse Devir, Sat\u0131\u015f\u0327, Hizmet, Da\u011f\u0131t\u0131m, Acentelik S\u00f6zle\u015fmeleri De Dahil Olmak \u00dczere T\u00fcmS\u00f6zle\u015fme Taslaklar\u0131n\u0131n Haz\u0131rlanmas\u0131, \u0130mzalanma Prosed\u00fcrlerinin Takibi<\/li><li>\u015eirket Hisselerinin Rehni,<\/li><li>Anonim ve Limited \u015eirketlerde Kayy\u0131m Atama S\u00fcre\u00e7lerinde Hukuki Destek Verilmesi,<\/li><li>Anonim \u015eirket Genel Kurul Kararlar\u0131n\u0131n \u0130ptali Prosed\u00fcrlerinde Dava A\u00e7mak da Dahil Olmak \u00dczere Hukuki Destek Verilmesi,<\/li><li>\u015eirket Y\u00f6netimi,<\/li><li>\u015eirket Verilerinin ve Ki\u015fisel Verilerin Korunmas\u0131,<\/li><li>Uluslararas\u0131 Bor\u00e7lar\u0131n Tahsili,<\/li><li>Yat\u0131r\u0131m Dan\u0131\u015fmanl\u0131\u011f\u0131,<\/li><li>Fikri ve S\u0131nai M\u00fclkiyetin, Ticari S\u0131rlar\u0131n Korunmas\u0131,<\/li><li>Vergilendirme ve G\u00fcmr\u00fck \u0130\u015flemleri ile \u0130hracat &amp; \u0130thalat,<\/li><li>Sermaye Artt\u0131rma ve Azaltma,<\/li><li>E-Ticaret &amp; Elektronik Para ve \u00d6deme Sistemleri,<\/li><li>Giri\u015fimcilik Hukuku,<\/li><li>Ticari Uyu\u015fmazl\u0131klar\u0131n Alternatif Uyu\u015fmazl\u0131k \u00c7\u00f6z\u00fcm Yolu Olarak Tahkim Kurulu\u015flar\u0131nda G\u00f6r\u00fclmesi Esnas\u0131nda \u015eirket Temsili,<\/li><li>Yurti\u00e7i Ve Yurtd\u0131\u015f\u0131nda \u015eirket Kurulumu \u0130le \u0130lgili Olarak Banka Hesaplar\u0131n\u0131n A\u00e7\u0131lmas\u0131, \u0130zin Ba\u015fvurular\u0131 Gibi Gerekli Ve Tipik Formasyon Surecilerinde Destek De Dahil Olmak \u00dczere \u015eirket, \u015eube Ve Temsilciliklerin Kurulmas\u0131,<\/li><li>\u015eirket Kurmak \u0130steyen Yat\u0131r\u0131mc\u0131lara \u015eirketin Esas S\u00f6zle\u015fmesinin Haz\u0131rlanmas\u0131ndan, Yurtd\u0131\u015f\u0131 Ticaret Sicillerine Kaydettirilmesine Ve T\u00fcm \u0130\u015fleyi\u015fin Sorunsuz Devam\u0131n\u0131n Sa\u011flanmas\u0131na Y\u00f6nelik Hukuki Hizmet Verilmesi.<\/li><\/ul>\t\t\t\t\t<\/div>\n\t\t\t\t\t\t<\/div>\n\t\t\t\t<\/div>\n\t\t\t\t\t\t<\/div>\n\t\t\t\t\t<\/div>\n\t\t<\/div>\n\t\t\t\t\t\t\t\t<\/div>\n\t\t\t\t\t<\/div>\n\t\t<\/section>\n\t\t\t\t\t\t\t\t\t<\/div>\n\t\t\t<\/div>\n\t\t\t\t\t<\/div>\n\t\t","protected":false},"excerpt":{"rendered":"<p>\u015eirket Birle\u015fme ve Devralmalar\u0131, Her T\u00fcrl\u00fc Hisse Devir, Sat\u0131\u015f\u0327, Hizmet, Da\u011f\u0131t\u0131m, Acentelik S\u00f6zle\u015fmeleri De Dahil Olmak \u00dczere T\u00fcmS\u00f6zle\u015fme Taslaklar\u0131n\u0131n Haz\u0131rlanmas\u0131, \u0130mzalanma Prosed\u00fcrlerinin Takibi \u015eirket Hisselerinin Rehni, Anonim ve Limited \u015eirketlerde Kayy\u0131m Atama S\u00fcre\u00e7lerinde Hukuki Destek Verilmesi, Anonim \u015eirket Genel Kurul Kararlar\u0131n\u0131n \u0130ptali Prosed\u00fcrlerinde Dava A\u00e7mak da Dahil Olmak \u00dczere Hukuki Destek Verilmesi, \u015eirket Y\u00f6netimi, \u015eirket&#8230;<\/p>\n","protected":false},"author":1,"featured_media":4806,"parent":4555,"menu_order":497,"comment_status":"closed","ping_status":"closed","template":"","meta":[],"acf":[],"_links":{"self":[{"href":"https:\/\/hansu.av.tr\/tr\/wp-json\/wp\/v2\/pages\/5108"}],"collection":[{"href":"https:\/\/hansu.av.tr\/tr\/wp-json\/wp\/v2\/pages"}],"about":[{"href":"https:\/\/hansu.av.tr\/tr\/wp-json\/wp\/v2\/types\/page"}],"author":[{"embeddable":true,"href":"https:\/\/hansu.av.tr\/tr\/wp-json\/wp\/v2\/users\/1"}],"replies":[{"embeddable":true,"href":"https:\/\/hansu.av.tr\/tr\/wp-json\/wp\/v2\/comments?post=5108"}],"version-history":[{"count":0,"href":"https:\/\/hansu.av.tr\/tr\/wp-json\/wp\/v2\/pages\/5108\/revisions"}],"up":[{"embeddable":true,"href":"https:\/\/hansu.av.tr\/tr\/wp-json\/wp\/v2\/pages\/4555"}],"wp:featuredmedia":[{"embeddable":true,"href":"https:\/\/hansu.av.tr\/tr\/wp-json\/wp\/v2\/media\/4806"}],"wp:attachment":[{"href":"https:\/\/hansu.av.tr\/tr\/wp-json\/wp\/v2\/media?parent=5108"}],"curies":[{"name":"wp","href":"https:\/\/api.w.org\/{rel}","templated":true}]}}