{"id":5907,"date":"2020-07-17T17:53:55","date_gmt":"2020-07-17T14:53:55","guid":{"rendered":"https:\/\/hansu.av.tr\/?page_id=5907"},"modified":"2020-07-20T12:58:20","modified_gmt":"2020-07-20T09:58:20","slug":"uluslararasi-tahkim-2","status":"publish","type":"page","link":"https:\/\/hansu.av.tr\/tr\/uzmanlik-alanlarimiz\/uluslararasi-tahkim-2\/","title":{"rendered":"Uluslararas\u0131 Tahkim"},"content":{"rendered":"\t\t<div data-elementor-type=\"wp-post\" data-elementor-id=\"5907\" class=\"elementor elementor-5907\">\n\t\t\t\t\t\t<div class=\"elementor-inner\">\n\t\t\t\t<div class=\"elementor-section-wrap\">\n\t\t\t\t\t\t\t\t\t<section class=\"elementor-section elementor-top-section elementor-element elementor-element-c1c2316 elementor-section-boxed elementor-section-height-default elementor-section-height-default\" data-id=\"c1c2316\" data-element_type=\"section\">\n\t\t\t\t\t\t<div class=\"elementor-container elementor-column-gap-default\">\n\t\t\t\t\t\t\t<div class=\"elementor-row\">\n\t\t\t\t\t<div class=\"elementor-column elementor-col-100 elementor-top-column elementor-element elementor-element-2dc1d0a\" data-id=\"2dc1d0a\" data-element_type=\"column\">\n\t\t\t<div class=\"elementor-column-wrap elementor-element-populated\">\n\t\t\t\t\t\t\t<div class=\"elementor-widget-wrap\">\n\t\t\t\t\t\t<div class=\"elementor-element elementor-element-8fa43b6 elementor-widget elementor-widget-text-editor\" data-id=\"8fa43b6\" data-element_type=\"widget\" data-widget_type=\"text-editor.default\">\n\t\t\t\t<div class=\"elementor-widget-container\">\n\t\t\t\t\t\t\t\t<div class=\"elementor-text-editor elementor-clearfix\">\n\t\t\t\t<p>Nas\u0131l yard\u0131m edebiliriz?<\/p><p>Hukuk b\u00fcromuz, m\u00fc\u015fterilerine uluslararas\u0131 ticari i\u015flemlerde ve yat\u0131r\u0131mc\u0131lar ile devletler aras\u0131ndaki anla\u015fmazl\u0131klarda kapsaml\u0131 tek elden hukuki dan\u0131\u015fmanl\u0131k sunarak tahkim i\u015flemlerinin y\u00fcr\u00fct\u00fclmesinde uzmanla\u015fm\u0131\u015ft\u0131r. Bu hukuk alan\u0131nda ba\u015far\u0131l\u0131 bir akademik kariyere sahip olan ve yabanc\u0131 dil konu\u015fan deneyimli avukatlar\u0131m\u0131z, m\u00fc\u015fterilerimizi ICC, AAA, ISTAC, LCIA ve ICSID gibi tahkim mahkemelerinden \u00f6nce ve yerel mahkemelerden ba\u015far\u0131yla temsil etmektedir. Hukuk b\u00fcromuz ayr\u0131ca, T\u00fcrkiye taraf\u0131ndan da onaylanan New York S\u00f6zle\u015fmesi&#8217;ne dayanan kapsaml\u0131 tahkim uygulama deneyimine sahiptir. Uluslararas\u0131 tahkim, hem ad hoc tahkim \u015feklinde hem de belirli tahkim kurumlar\u0131n\u0131n kurallar\u0131 temelinde ger\u00e7ekle\u015ftirilebilen yasal bir s\u00fcre\u00e7tir. Bu ba\u011flamda, m\u00fc\u015fterilerimize taraflar aras\u0131nda imzalanacak ticari s\u00f6zle\u015fmelere ba\u011flanmas\u0131 gereken tahkim \u015fartlar\u0131n\u0131n tasar\u0131m\u0131, UNCITRAL kurallar\u0131n\u0131n uygulanmas\u0131 ve bir ihtilaf durumunda ilgili kural ve uygulamaya g\u00f6re tahkim ba\u015flang\u0131c\u0131 hakk\u0131nda tavsiyelerde bulunmaktay\u0131z. t\u00fcm s\u00fcre\u00e7 m\u00fczakereler dahil. Ayr\u0131ca, hukuk b\u00fcromuzun gecikme uygunsuz oldu\u011fu hallerde acil tahkim yarg\u0131lamas\u0131nda ve ge\u00e7ici yasal koruma konusunda geni\u015f deneyime sahiptir.<\/p><p>Kimi destekliyoruz?<\/p><p>Hukuk firmam\u0131z, yat\u0131r\u0131mc\u0131 ile devletler aras\u0131nda hukuki bir anla\u015fmazl\u0131k oldu\u011funda \u015firketler ve yat\u0131r\u0131mc\u0131lar i\u00e7in kapsaml\u0131 hukuki dan\u0131\u015fmanl\u0131k sunmaktad\u0131r ve tahkim \u015fart\u0131n\u0131n tasar\u0131m\u0131ndan \u00f6d\u00fcl\u00fcn uygulanmas\u0131na kadar t\u00fcm s\u00fcreci koordine etmektedir.<\/p>\t\t\t\t\t<\/div>\n\t\t\t\t\t\t<\/div>\n\t\t\t\t<\/div>\n\t\t\t\t\t\t<\/div>\n\t\t\t\t\t<\/div>\n\t\t<\/div>\n\t\t\t\t\t\t\t\t<\/div>\n\t\t\t\t\t<\/div>\n\t\t<\/section>\n\t\t\t\t\t\t\t\t\t<\/div>\n\t\t\t<\/div>\n\t\t\t\t\t<\/div>\n\t\t","protected":false},"excerpt":{"rendered":"<p>Nas\u0131l yard\u0131m edebiliriz? Hukuk b\u00fcromuz, m\u00fc\u015fterilerine uluslararas\u0131 ticari i\u015flemlerde ve yat\u0131r\u0131mc\u0131lar ile devletler aras\u0131ndaki anla\u015fmazl\u0131klarda kapsaml\u0131 tek elden hukuki dan\u0131\u015fmanl\u0131k sunarak tahkim i\u015flemlerinin y\u00fcr\u00fct\u00fclmesinde uzmanla\u015fm\u0131\u015ft\u0131r. Bu hukuk alan\u0131nda ba\u015far\u0131l\u0131 bir akademik kariyere sahip olan ve yabanc\u0131 dil konu\u015fan deneyimli avukatlar\u0131m\u0131z, m\u00fc\u015fterilerimizi ICC, AAA, ISTAC, LCIA ve ICSID gibi tahkim mahkemelerinden \u00f6nce ve yerel mahkemelerden ba\u015far\u0131yla&#8230;<\/p>\n","protected":false},"author":1,"featured_media":5707,"parent":1820,"menu_order":410,"comment_status":"closed","ping_status":"closed","template":"","meta":[],"acf":[],"_links":{"self":[{"href":"https:\/\/hansu.av.tr\/tr\/wp-json\/wp\/v2\/pages\/5907"}],"collection":[{"href":"https:\/\/hansu.av.tr\/tr\/wp-json\/wp\/v2\/pages"}],"about":[{"href":"https:\/\/hansu.av.tr\/tr\/wp-json\/wp\/v2\/types\/page"}],"author":[{"embeddable":true,"href":"https:\/\/hansu.av.tr\/tr\/wp-json\/wp\/v2\/users\/1"}],"replies":[{"embeddable":true,"href":"https:\/\/hansu.av.tr\/tr\/wp-json\/wp\/v2\/comments?post=5907"}],"version-history":[{"count":3,"href":"https:\/\/hansu.av.tr\/tr\/wp-json\/wp\/v2\/pages\/5907\/revisions"}],"predecessor-version":[{"id":6203,"href":"https:\/\/hansu.av.tr\/tr\/wp-json\/wp\/v2\/pages\/5907\/revisions\/6203"}],"up":[{"embeddable":true,"href":"https:\/\/hansu.av.tr\/tr\/wp-json\/wp\/v2\/pages\/1820"}],"wp:featuredmedia":[{"embeddable":true,"href":"https:\/\/hansu.av.tr\/tr\/wp-json\/wp\/v2\/media\/5707"}],"wp:attachment":[{"href":"https:\/\/hansu.av.tr\/tr\/wp-json\/wp\/v2\/media?parent=5907"}],"curies":[{"name":"wp","href":"https:\/\/api.w.org\/{rel}","templated":true}]}}