{"id":6646,"date":"2021-04-19T12:40:24","date_gmt":"2021-04-19T09:40:24","guid":{"rendered":"https:\/\/hansu.av.tr\/icerik\/deneme-icerik-sayfasi\/"},"modified":"2021-04-19T12:40:24","modified_gmt":"2021-04-19T09:40:24","slug":"deneme-icerik-sayfasi","status":"publish","type":"page","link":"https:\/\/hansu.av.tr\/tr\/icerik\/deneme-icerik-sayfasi\/","title":{"rendered":"Deneme i\u00e7erik sayfas\u0131"},"content":{"rendered":"\t\t<div data-elementor-type=\"wp-page\" data-elementor-id=\"6646\" class=\"elementor elementor-6646 elementor-6614\">\n\t\t\t\t\t\t<div class=\"elementor-inner\">\n\t\t\t\t<div class=\"elementor-section-wrap\">\n\t\t\t\t\t\t\t\t\t<section class=\"elementor-section elementor-top-section elementor-element elementor-element-d94105b elementor-section-stretched elementor-section-boxed elementor-section-height-default elementor-section-height-default\" data-id=\"d94105b\" data-element_type=\"section\" data-settings=\"{&quot;stretch_section&quot;:&quot;section-stretched&quot;}\">\n\t\t\t\t\t\t<div class=\"elementor-container elementor-column-gap-default\">\n\t\t\t\t\t\t\t<div class=\"elementor-row\">\n\t\t\t\t\t<div class=\"elementor-column elementor-col-100 elementor-top-column elementor-element elementor-element-10c3264\" data-id=\"10c3264\" data-element_type=\"column\">\n\t\t\t<div class=\"elementor-column-wrap elementor-element-populated\">\n\t\t\t\t\t\t\t<div class=\"elementor-widget-wrap\">\n\t\t\t\t\t\t<div class=\"elementor-element elementor-element-3b6e07b elementor-cta--layout-image-above elementor-cta--valign-middle elementor-cta--skin-classic elementor-animated-content elementor-widget elementor-widget-call-to-action\" data-id=\"3b6e07b\" data-element_type=\"widget\" data-widget_type=\"call-to-action.default\">\n\t\t\t\t<div class=\"elementor-widget-container\">\n\t\t\t\t\t<div class=\"elementor-cta\">\n\t\t\t\t\t<div class=\"elementor-cta__bg-wrapper\">\n\t\t\t\t<div class=\"elementor-cta__bg elementor-bg\" style=\"background-image: url(https:\/\/hansu.av.tr\/wp-content\/uploads\/2021\/04\/01_istanbul_Mansetler_HANSU-1.jpg);\"><\/div>\n\t\t\t\t<div class=\"elementor-cta__bg-overlay\"><\/div>\n\t\t\t<\/div>\n\t\t\t\t\t\t\t\t<\/div>\n\t\t\t\t<\/div>\n\t\t\t\t<\/div>\n\t\t\t\t<div class=\"elementor-element elementor-element-5c90a94 elementor-widget elementor-widget-spacer\" data-id=\"5c90a94\" data-element_type=\"widget\" data-widget_type=\"spacer.default\">\n\t\t\t\t<div class=\"elementor-widget-container\">\n\t\t\t\t\t<div class=\"elementor-spacer\">\n\t\t\t<div class=\"elementor-spacer-inner\"><\/div>\n\t\t<\/div>\n\t\t\t\t<\/div>\n\t\t\t\t<\/div>\n\t\t\t\t\t\t<\/div>\n\t\t\t\t\t<\/div>\n\t\t<\/div>\n\t\t\t\t\t\t\t\t<\/div>\n\t\t\t\t\t<\/div>\n\t\t<\/section>\n\t\t\t\t<section class=\"elementor-section elementor-top-section elementor-element elementor-element-bb670b2 elementor-section-boxed elementor-section-height-default elementor-section-height-default\" data-id=\"bb670b2\" data-element_type=\"section\">\n\t\t\t\t\t\t<div class=\"elementor-container elementor-column-gap-default\">\n\t\t\t\t\t\t\t<div class=\"elementor-row\">\n\t\t\t\t\t<div class=\"elementor-column elementor-col-50 elementor-top-column elementor-element elementor-element-349a26a\" data-id=\"349a26a\" data-element_type=\"column\">\n\t\t\t<div class=\"elementor-column-wrap elementor-element-populated\">\n\t\t\t\t\t\t\t<div class=\"elementor-widget-wrap\">\n\t\t\t\t\t\t<div class=\"elementor-element elementor-element-57b3319 elementor-widget elementor-widget-heading\" data-id=\"57b3319\" data-element_type=\"widget\" data-widget_type=\"heading.default\">\n\t\t\t\t<div class=\"elementor-widget-container\">\n\t\t\t<h2 class=\"elementor-heading-title elementor-size-default\">T\u0130CARET HUKUKU<\/h2>\t\t<\/div>\n\t\t\t\t<\/div>\n\t\t\t\t\t\t<\/div>\n\t\t\t\t\t<\/div>\n\t\t<\/div>\n\t\t\t\t<div class=\"elementor-column elementor-col-50 elementor-top-column elementor-element elementor-element-a948aa4\" data-id=\"a948aa4\" data-element_type=\"column\">\n\t\t\t<div class=\"elementor-column-wrap elementor-element-populated\">\n\t\t\t\t\t\t\t<div class=\"elementor-widget-wrap\">\n\t\t\t\t\t\t<div class=\"elementor-element elementor-element-4901dd6 elementor-widget elementor-widget-text-editor\" data-id=\"4901dd6\" data-element_type=\"widget\" data-widget_type=\"text-editor.default\">\n\t\t\t\t<div class=\"elementor-widget-container\">\n\t\t\t\t\t\t\t\t<div class=\"elementor-text-editor elementor-clearfix\">\n\t\t\t\t<p>Ticaret hukuku pek \u00e7ok alt dala ayr\u0131lan dinamik bir aland\u0131r. Avukatl\u0131k b\u00fcromuz, ticaret hukukunun her alan\u0131nda derin tecr\u00fcbesiyle yat\u0131r\u0131m fonlar\u0131 ve ortakl\u0131klar\u0131na, y\u00fcksek b\u00fcy\u00fcme g\u00f6steren \u015firketlere, start-up ve giri\u015fimcilere, b\u00fcy\u00fck ve orta \u00f6l\u00e7ekli i\u015fletmeler ile farkl\u0131 sekt\u00f6rlerde faaliyet g\u00f6steren uluslararas\u0131 \u015firketlere etkili ve \u00e7\u00f6z\u00fcm odakl\u0131 \u015fekilde ticari kararlar almalar\u0131n\u0131 ve i\u015f stratejilerini planlamalar\u0131n\u0131 sa\u011flamaktad\u0131r. \u015eirketinize y\u00fcksek kalitede hukuki hizmet sunabilecek gerekli bilgi, birikim ve vizyona sahip uzman avukatlar\u0131m\u0131z sayesinde, her t\u00fcrl\u00fc faaliyetleriniz esnas\u0131nda ticaret hukukunun dinamik mevzuat ve kurallar\u0131na uyum sa\u011flayabileceksiniz. Her m\u00fcvekkilimizin \u00f6zel ihtiya\u00e7 ve taleplerine g\u00f6re tasarlanm\u0131\u015f dan\u0131\u015fmanl\u0131k hizmetleri sunmakla birlikte Ticaret Hukuku alan\u0131nda \u00f6zellikle;<\/p>\n<ul>\n<li>Lisans, kiralama, faktoring, franchising, acentelik, distrib\u00fct\u00f6rl\u00fck, escrow s\u00f6zle\u015fmeleri gibi her t\u00fcrl\u00fc ticari s\u00f6zle\u015fmenin m\u00fczakeresi, haz\u0131rlanmas\u0131, uygulanmas\u0131 ve s\u00f6zle\u015fmeden do\u011fan uyu\u015fmazl\u0131klar\u0131n \u00e7\u00f6z\u00fcm\u00fc konusunda yerli ve yabanc\u0131 m\u00fcvekkillerimize,<\/li>\n<li>Kara, hava, deniz ve demiryollar\u0131 ta\u015f\u0131mac\u0131l\u0131\u011f\u0131 ile kombine ta\u015f\u0131mac\u0131l\u0131k sekt\u00f6r\u00fcnde faaliyet g\u00f6steren denizcilik \u015firketlerine, havayolu \u015firketlerine, ta\u015f\u0131ma i\u015fleri komisyoncular\u0131na, kargo acentelerine, lojistik hizmeti veren \u015firketlere, gemi, u\u00e7ak ve yat finansman\u0131 sa\u011flayan kredi kurumlar\u0131na, sigorta \u015firketlerine,<\/li>\n<li>Haks\u0131z rekabet davalar\u0131na ili\u015fkin yerli ve yabanc\u0131 m\u00fcvekkillerimize,<\/li>\n<li>Bankac\u0131l\u0131k ve Finans Hukuku alan\u0131nda bankalar, kredi\/finans kurulu\u015flar\u0131, varl\u0131k y\u00f6netim \u015firketleri, finansal kiralama \u015firketleri ve kredi alan \u015firketler gibi geni\u015f bir yelpazede yer alan m\u00fcvekkillerimize,<\/li>\n<li>Sigorta ve reas\u00fcrans \u015firketlerine, P&amp;I kul\u00fcplerine, acentelere ve sigorta ekspertiz \u015firketlerine,<\/li>\n<li>\u00d6zellikle reg\u00fcle piyasalarda faaliyet g\u00f6steren m\u00fcvekkillerimize y\u00f6nelik olarak karma\u015f\u0131k ve de\u011fi\u015fken mevzuat h\u00fck\u00fcmlerine uyum ile m\u00fcvekkillerimizin d\u00fczenleyici ve denetleyici kurumlar ile aralar\u0131ndaki ili\u015fkinin y\u00f6netimi ve koordinasyonu konusunda, hukuki hizmet sunmaktay\u0131z.<\/li>\n<\/ul>\n\t\t\t\t\t<\/div>\n\t\t\t\t\t\t<\/div>\n\t\t\t\t<\/div>\n\t\t\t\t\t\t<\/div>\n\t\t\t\t\t<\/div>\n\t\t<\/div>\n\t\t\t\t\t\t\t\t<\/div>\n\t\t\t\t\t<\/div>\n\t\t<\/section>\n\t\t\t\t<section class=\"elementor-section elementor-top-section elementor-element elementor-element-681d96c4 elementor-section-stretched elementor-section-height-min-height elementor-section-items-stretch elementor-section-boxed elementor-section-height-default\" data-id=\"681d96c4\" data-element_type=\"section\" data-settings=\"{&quot;stretch_section&quot;:&quot;section-stretched&quot;}\">\n\t\t\t\t\t\t<div class=\"elementor-container elementor-column-gap-default\">\n\t\t\t\t\t\t\t<div class=\"elementor-row\">\n\t\t\t\t\t<div class=\"elementor-column elementor-col-33 elementor-top-column elementor-element elementor-element-2505b9a6\" data-id=\"2505b9a6\" data-element_type=\"column\">\n\t\t\t<div class=\"elementor-column-wrap elementor-element-populated\">\n\t\t\t\t\t\t\t<div class=\"elementor-widget-wrap\">\n\t\t\t\t\t\t<div class=\"elementor-element elementor-element-30dd9865 elementor-cta--skin-cover elementor-cta--sequenced-animation elementor-cta--valign-middle elementor-widget__width-initial elementor-animated-content elementor-bg-transform elementor-bg-transform-zoom-in elementor-widget elementor-widget-call-to-action\" data-id=\"30dd9865\" data-element_type=\"widget\" data-widget_type=\"call-to-action.default\">\n\t\t\t\t<div class=\"elementor-widget-container\">\n\t\t\t\t\t<a class=\"elementor-cta\" href=\"https:\/\/hansu.av.tr\/tr\/\">\n\t\t\t\t\t<div class=\"elementor-cta__bg-wrapper\">\n\t\t\t\t<div class=\"elementor-cta__bg elementor-bg\" style=\"background-image: url(https:\/\/hansu.av.tr\/wp-content\/uploads\/2021\/04\/01_istanbul_Mansetler_HANSU.jpg);\"><\/div>\n\t\t\t\t<div class=\"elementor-cta__bg-overlay\"><\/div>\n\t\t\t<\/div>\n\t\t\t\t\t\t\t<div class=\"elementor-cta__content\">\n\t\t\t\t\n\t\t\t\t<h2 class=\"elementor-cta__title elementor-cta__content-item elementor-content-item elementor-animated-item--grow\">This is the heading<\/h2>\n\t\t\t\t\n\t\t\t\t\t\t\t<\/div>\n\t\t\t\t\t\t<\/a>\n\t\t\t\t<\/div>\n\t\t\t\t<\/div>\n\t\t\t\t<div class=\"elementor-element elementor-element-173eee9e elementor-cta--skin-cover elementor-cta--sequenced-animation elementor-widget__width-initial elementor-animated-content elementor-bg-transform elementor-bg-transform-zoom-in elementor-widget elementor-widget-call-to-action\" data-id=\"173eee9e\" data-element_type=\"widget\" data-widget_type=\"call-to-action.default\">\n\t\t\t\t<div class=\"elementor-widget-container\">\n\t\t\t\t\t<a class=\"elementor-cta\" href=\"https:\/\/hansu.av.tr\/tr\/\">\n\t\t\t\t\t<div class=\"elementor-cta__bg-wrapper\">\n\t\t\t\t<div class=\"elementor-cta__bg elementor-bg\" style=\"background-image: url(https:\/\/hansu.av.tr\/wp-content\/uploads\/2021\/04\/01_istanbul_Mansetler_HANSU-1.jpg);\"><\/div>\n\t\t\t\t<div class=\"elementor-cta__bg-overlay\"><\/div>\n\t\t\t<\/div>\n\t\t\t\t\t\t\t<div class=\"elementor-cta__content\">\n\t\t\t\t\n\t\t\t\t<h2 class=\"elementor-cta__title elementor-cta__content-item elementor-content-item elementor-animated-item--grow\">This is the heading<\/h2>\n\t\t\t\t\n\t\t\t\t\t\t\t<\/div>\n\t\t\t\t\t\t<\/a>\n\t\t\t\t<\/div>\n\t\t\t\t<\/div>\n\t\t\t\t<div class=\"elementor-element elementor-element-4693ae84 elementor-cta--skin-cover elementor-cta--sequenced-animation elementor-widget__width-initial elementor-animated-content elementor-bg-transform elementor-bg-transform-zoom-in elementor-widget elementor-widget-call-to-action\" data-id=\"4693ae84\" data-element_type=\"widget\" data-widget_type=\"call-to-action.default\">\n\t\t\t\t<div class=\"elementor-widget-container\">\n\t\t\t\t\t<a class=\"elementor-cta\" href=\"https:\/\/hansu.av.tr\/tr\/\">\n\t\t\t\t\t<div class=\"elementor-cta__bg-wrapper\">\n\t\t\t\t<div class=\"elementor-cta__bg elementor-bg\" style=\"background-image: url(https:\/\/hansu.av.tr\/wp-content\/uploads\/2021\/04\/01_istanbul_Mansetler_HANSU-1.jpg);\"><\/div>\n\t\t\t\t<div class=\"elementor-cta__bg-overlay\"><\/div>\n\t\t\t<\/div>\n\t\t\t\t\t\t\t<div class=\"elementor-cta__content\">\n\t\t\t\t\n\t\t\t\t<h2 class=\"elementor-cta__title elementor-cta__content-item elementor-content-item elementor-animated-item--grow\">This is the heading<\/h2>\n\t\t\t\t\n\t\t\t\t\t\t\t<\/div>\n\t\t\t\t\t\t<\/a>\n\t\t\t\t<\/div>\n\t\t\t\t<\/div>\n\t\t\t\t\t\t<\/div>\n\t\t\t\t\t<\/div>\n\t\t<\/div>\n\t\t\t\t<div class=\"elementor-column elementor-col-33 elementor-top-column elementor-element elementor-element-2c0c5bb8\" data-id=\"2c0c5bb8\" data-element_type=\"column\">\n\t\t\t<div class=\"elementor-column-wrap elementor-element-populated\">\n\t\t\t\t\t\t\t<div class=\"elementor-widget-wrap\">\n\t\t\t\t\t\t<div class=\"elementor-element elementor-element-5e6e9a40 elementor-cta--skin-cover elementor-cta--sequenced-animation elementor-widget__width-initial elementor-animated-content elementor-bg-transform elementor-bg-transform-zoom-in elementor-widget elementor-widget-call-to-action\" data-id=\"5e6e9a40\" data-element_type=\"widget\" data-widget_type=\"call-to-action.default\">\n\t\t\t\t<div class=\"elementor-widget-container\">\n\t\t\t\t\t<a class=\"elementor-cta\" href=\"https:\/\/hansu.av.tr\/tr\/\">\n\t\t\t\t\t<div class=\"elementor-cta__bg-wrapper\">\n\t\t\t\t<div class=\"elementor-cta__bg elementor-bg\" style=\"background-image: url(https:\/\/hansu.av.tr\/wp-content\/uploads\/2021\/04\/01_istanbul_Mansetler_HANSU-1.jpg);\"><\/div>\n\t\t\t\t<div class=\"elementor-cta__bg-overlay\"><\/div>\n\t\t\t<\/div>\n\t\t\t\t\t\t\t<div class=\"elementor-cta__content\">\n\t\t\t\t\n\t\t\t\t<h2 class=\"elementor-cta__title elementor-cta__content-item elementor-content-item elementor-animated-item--grow\">This is the heading<\/h2>\n\t\t\t\t\n\t\t\t\t\t\t\t<\/div>\n\t\t\t\t\t\t<\/a>\n\t\t\t\t<\/div>\n\t\t\t\t<\/div>\n\t\t\t\t<div class=\"elementor-element elementor-element-6d720248 elementor-cta--skin-cover elementor-cta--sequenced-animation elementor-widget__width-initial elementor-animated-content elementor-bg-transform elementor-bg-transform-zoom-in elementor-widget elementor-widget-call-to-action\" data-id=\"6d720248\" data-element_type=\"widget\" data-widget_type=\"call-to-action.default\">\n\t\t\t\t<div class=\"elementor-widget-container\">\n\t\t\t\t\t<a class=\"elementor-cta\" href=\"https:\/\/hansu.av.tr\/tr\/\">\n\t\t\t\t\t<div class=\"elementor-cta__bg-wrapper\">\n\t\t\t\t<div class=\"elementor-cta__bg elementor-bg\" style=\"background-image: url(https:\/\/hansu.av.tr\/wp-content\/uploads\/2021\/04\/01_istanbul_Mansetler_HANSU-1.jpg);\"><\/div>\n\t\t\t\t<div class=\"elementor-cta__bg-overlay\"><\/div>\n\t\t\t<\/div>\n\t\t\t\t\t\t\t<div class=\"elementor-cta__content\">\n\t\t\t\t\n\t\t\t\t<h2 class=\"elementor-cta__title elementor-cta__content-item elementor-content-item elementor-animated-item--grow\">This is the heading<\/h2>\n\t\t\t\t\n\t\t\t\t\t\t\t<\/div>\n\t\t\t\t\t\t<\/a>\n\t\t\t\t<\/div>\n\t\t\t\t<\/div>\n\t\t\t\t<div class=\"elementor-element elementor-element-6a22026c elementor-cta--skin-cover elementor-cta--sequenced-animation elementor-widget__width-initial elementor-animated-content elementor-bg-transform elementor-bg-transform-zoom-in elementor-widget elementor-widget-call-to-action\" data-id=\"6a22026c\" data-element_type=\"widget\" data-widget_type=\"call-to-action.default\">\n\t\t\t\t<div class=\"elementor-widget-container\">\n\t\t\t\t\t<a class=\"elementor-cta\" href=\"https:\/\/hansu.av.tr\/tr\/\">\n\t\t\t\t\t<div class=\"elementor-cta__bg-wrapper\">\n\t\t\t\t<div class=\"elementor-cta__bg elementor-bg\" style=\"background-image: url(https:\/\/hansu.av.tr\/wp-content\/uploads\/2021\/04\/01_istanbul_Mansetler_HANSU-1.jpg);\"><\/div>\n\t\t\t\t<div class=\"elementor-cta__bg-overlay\"><\/div>\n\t\t\t<\/div>\n\t\t\t\t\t\t\t<div class=\"elementor-cta__content\">\n\t\t\t\t\n\t\t\t\t<h2 class=\"elementor-cta__title elementor-cta__content-item elementor-content-item elementor-animated-item--grow\">This is the heading<\/h2>\n\t\t\t\t\n\t\t\t\t\t\t\t<\/div>\n\t\t\t\t\t\t<\/a>\n\t\t\t\t<\/div>\n\t\t\t\t<\/div>\n\t\t\t\t\t\t<\/div>\n\t\t\t\t\t<\/div>\n\t\t<\/div>\n\t\t\t\t<div class=\"elementor-column elementor-col-33 elementor-top-column elementor-element elementor-element-197bc1a0\" data-id=\"197bc1a0\" data-element_type=\"column\">\n\t\t\t<div class=\"elementor-column-wrap elementor-element-populated\">\n\t\t\t\t\t\t\t<div class=\"elementor-widget-wrap\">\n\t\t\t\t\t\t<div class=\"elementor-element elementor-element-6a78a6fd elementor-cta--skin-cover elementor-cta--sequenced-animation elementor-widget__width-initial elementor-animated-content elementor-bg-transform elementor-bg-transform-zoom-in elementor-widget elementor-widget-call-to-action\" data-id=\"6a78a6fd\" data-element_type=\"widget\" data-widget_type=\"call-to-action.default\">\n\t\t\t\t<div class=\"elementor-widget-container\">\n\t\t\t\t\t<a class=\"elementor-cta\" href=\"https:\/\/hansu.av.tr\/tr\/\">\n\t\t\t\t\t<div class=\"elementor-cta__bg-wrapper\">\n\t\t\t\t<div class=\"elementor-cta__bg elementor-bg\" style=\"background-image: url(https:\/\/hansu.av.tr\/wp-content\/uploads\/2021\/04\/01_istanbul_Mansetler_HANSU-1.jpg);\"><\/div>\n\t\t\t\t<div class=\"elementor-cta__bg-overlay\"><\/div>\n\t\t\t<\/div>\n\t\t\t\t\t\t\t<div class=\"elementor-cta__content\">\n\t\t\t\t\n\t\t\t\t<h2 class=\"elementor-cta__title elementor-cta__content-item elementor-content-item elementor-animated-item--grow\">This is the heading<\/h2>\n\t\t\t\t\n\t\t\t\t\t\t\t<\/div>\n\t\t\t\t\t\t<\/a>\n\t\t\t\t<\/div>\n\t\t\t\t<\/div>\n\t\t\t\t<div class=\"elementor-element elementor-element-71a8bd1e elementor-cta--skin-cover elementor-cta--sequenced-animation elementor-widget__width-initial elementor-animated-content elementor-bg-transform elementor-bg-transform-zoom-in elementor-widget elementor-widget-call-to-action\" data-id=\"71a8bd1e\" data-element_type=\"widget\" data-widget_type=\"call-to-action.default\">\n\t\t\t\t<div class=\"elementor-widget-container\">\n\t\t\t\t\t<a class=\"elementor-cta\" href=\"https:\/\/hansu.av.tr\/tr\/\">\n\t\t\t\t\t<div class=\"elementor-cta__bg-wrapper\">\n\t\t\t\t<div class=\"elementor-cta__bg elementor-bg\" style=\"background-image: url(https:\/\/hansu.av.tr\/wp-content\/uploads\/2021\/04\/01_istanbul_Mansetler_HANSU-1.jpg);\"><\/div>\n\t\t\t\t<div class=\"elementor-cta__bg-overlay\"><\/div>\n\t\t\t<\/div>\n\t\t\t\t\t\t\t<div class=\"elementor-cta__content\">\n\t\t\t\t\n\t\t\t\t<h2 class=\"elementor-cta__title elementor-cta__content-item elementor-content-item elementor-animated-item--grow\">This is the heading<\/h2>\n\t\t\t\t\n\t\t\t\t\t\t\t<\/div>\n\t\t\t\t\t\t<\/a>\n\t\t\t\t<\/div>\n\t\t\t\t<\/div>\n\t\t\t\t<div class=\"elementor-element elementor-element-5a57407c elementor-cta--skin-cover elementor-cta--sequenced-animation elementor-widget__width-initial elementor-animated-content elementor-bg-transform elementor-bg-transform-zoom-in elementor-widget elementor-widget-call-to-action\" data-id=\"5a57407c\" data-element_type=\"widget\" data-widget_type=\"call-to-action.default\">\n\t\t\t\t<div class=\"elementor-widget-container\">\n\t\t\t\t\t<a class=\"elementor-cta\" href=\"https:\/\/hansu.av.tr\/tr\/\">\n\t\t\t\t\t<div class=\"elementor-cta__bg-wrapper\">\n\t\t\t\t<div class=\"elementor-cta__bg elementor-bg\" style=\"background-image: url(https:\/\/hansu.av.tr\/wp-content\/uploads\/2021\/04\/01_istanbul_Mansetler_HANSU-1.jpg);\"><\/div>\n\t\t\t\t<div class=\"elementor-cta__bg-overlay\"><\/div>\n\t\t\t<\/div>\n\t\t\t\t\t\t\t<div class=\"elementor-cta__content\">\n\t\t\t\t\n\t\t\t\t<h2 class=\"elementor-cta__title elementor-cta__content-item elementor-content-item elementor-animated-item--grow\">This is the heading<\/h2>\n\t\t\t\t\n\t\t\t\t\t\t\t<\/div>\n\t\t\t\t\t\t<\/a>\n\t\t\t\t<\/div>\n\t\t\t\t<\/div>\n\t\t\t\t\t\t<\/div>\n\t\t\t\t\t<\/div>\n\t\t<\/div>\n\t\t\t\t\t\t\t\t<\/div>\n\t\t\t\t\t<\/div>\n\t\t<\/section>\n\t\t\t\t\t\t\t\t\t<\/div>\n\t\t\t<\/div>\n\t\t\t\t\t<\/div>\n\t\t","protected":false},"excerpt":{"rendered":"<p>T\u0130CARET HUKUKU Ticaret hukuku pek \u00e7ok alt dala ayr\u0131lan dinamik bir aland\u0131r. Avukatl\u0131k b\u00fcromuz, ticaret hukukunun her alan\u0131nda derin tecr\u00fcbesiyle yat\u0131r\u0131m fonlar\u0131 ve ortakl\u0131klar\u0131na, y\u00fcksek b\u00fcy\u00fcme g\u00f6steren \u015firketlere, start-up ve giri\u015fimcilere, b\u00fcy\u00fck ve orta \u00f6l\u00e7ekli i\u015fletmeler ile farkl\u0131 sekt\u00f6rlerde faaliyet g\u00f6steren uluslararas\u0131 \u015firketlere etkili ve \u00e7\u00f6z\u00fcm odakl\u0131 \u015fekilde ticari kararlar almalar\u0131n\u0131 ve i\u015f stratejilerini planlamalar\u0131n\u0131&#8230;<\/p>\n","protected":false},"author":1,"featured_media":0,"parent":1953,"menu_order":170,"comment_status":"closed","ping_status":"closed","template":"","meta":[],"acf":[],"_links":{"self":[{"href":"https:\/\/hansu.av.tr\/tr\/wp-json\/wp\/v2\/pages\/6646"}],"collection":[{"href":"https:\/\/hansu.av.tr\/tr\/wp-json\/wp\/v2\/pages"}],"about":[{"href":"https:\/\/hansu.av.tr\/tr\/wp-json\/wp\/v2\/types\/page"}],"author":[{"embeddable":true,"href":"https:\/\/hansu.av.tr\/tr\/wp-json\/wp\/v2\/users\/1"}],"replies":[{"embeddable":true,"href":"https:\/\/hansu.av.tr\/tr\/wp-json\/wp\/v2\/comments?post=6646"}],"version-history":[{"count":1,"href":"https:\/\/hansu.av.tr\/tr\/wp-json\/wp\/v2\/pages\/6646\/revisions"}],"predecessor-version":[{"id":6647,"href":"https:\/\/hansu.av.tr\/tr\/wp-json\/wp\/v2\/pages\/6646\/revisions\/6647"}],"up":[{"embeddable":true,"href":"https:\/\/hansu.av.tr\/tr\/wp-json\/wp\/v2\/pages\/1953"}],"wp:attachment":[{"href":"https:\/\/hansu.av.tr\/tr\/wp-json\/wp\/v2\/media?parent=6646"}],"curies":[{"name":"wp","href":"https:\/\/api.w.org\/{rel}","templated":true}]}}