{"id":6831,"date":"2021-06-09T11:33:26","date_gmt":"2021-06-09T08:33:26","guid":{"rendered":"https:\/\/hansu.av.tr\/?page_id=6831"},"modified":"2021-06-25T12:54:54","modified_gmt":"2021-06-25T09:54:54","slug":"insaat-ve-gayrimenkul-hukuku","status":"publish","type":"page","link":"https:\/\/hansu.av.tr\/tr\/uzmanlik-alanlarimiz\/insaat-ve-gayrimenkul-hukuku\/","title":{"rendered":"\u0130n\u015faat ve Gayrimenkul Hukuku"},"content":{"rendered":"\t\t<div data-elementor-type=\"wp-page\" data-elementor-id=\"6831\" class=\"elementor elementor-6831\">\n\t\t\t\t\t\t<div class=\"elementor-inner\">\n\t\t\t\t<div class=\"elementor-section-wrap\">\n\t\t\t\t\t\t\t\t\t<section class=\"elementor-section elementor-top-section elementor-element elementor-element-d94105b elementor-section-boxed elementor-section-height-default elementor-section-height-default\" data-id=\"d94105b\" data-element_type=\"section\">\n\t\t\t\t\t\t<div class=\"elementor-container elementor-column-gap-default\">\n\t\t\t\t\t\t\t<div class=\"elementor-row\">\n\t\t\t\t\t<div class=\"elementor-column elementor-col-100 elementor-top-column elementor-element elementor-element-10c3264\" data-id=\"10c3264\" data-element_type=\"column\">\n\t\t\t<div class=\"elementor-column-wrap elementor-element-populated\">\n\t\t\t\t\t\t\t<div class=\"elementor-widget-wrap\">\n\t\t\t\t\t\t<div class=\"elementor-element elementor-element-3b6e07b elementor-cta--layout-image-above elementor-cta--valign-middle elementor-cta--skin-classic elementor-animated-content elementor-widget elementor-widget-call-to-action\" data-id=\"3b6e07b\" data-element_type=\"widget\" data-widget_type=\"call-to-action.default\">\n\t\t\t\t<div class=\"elementor-widget-container\">\n\t\t\t\t\t<div class=\"elementor-cta\">\n\t\t\t\t\t<div class=\"elementor-cta__bg-wrapper\">\n\t\t\t\t<div class=\"elementor-cta__bg elementor-bg\" style=\"background-image: url(https:\/\/hansu.av.tr\/wp-content\/uploads\/2020\/05\/32_Tu\u0308rkiye-Cumhuriyeti-Vatandas\u0327l\u0131g\u0306\u0131n\u0131n-Yabanc\u0131-Yat\u0131r\u0131mc\u0131lar_Hansu_Law.jpg);\"><\/div>\n\t\t\t\t<div class=\"elementor-cta__bg-overlay\"><\/div>\n\t\t\t<\/div>\n\t\t\t\t\t\t\t\t<\/div>\n\t\t\t\t<\/div>\n\t\t\t\t<\/div>\n\t\t\t\t<div class=\"elementor-element elementor-element-5c90a94 elementor-widget elementor-widget-spacer\" data-id=\"5c90a94\" data-element_type=\"widget\" data-widget_type=\"spacer.default\">\n\t\t\t\t<div class=\"elementor-widget-container\">\n\t\t\t\t\t<div class=\"elementor-spacer\">\n\t\t\t<div class=\"elementor-spacer-inner\"><\/div>\n\t\t<\/div>\n\t\t\t\t<\/div>\n\t\t\t\t<\/div>\n\t\t\t\t\t\t<\/div>\n\t\t\t\t\t<\/div>\n\t\t<\/div>\n\t\t\t\t\t\t\t\t<\/div>\n\t\t\t\t\t<\/div>\n\t\t<\/section>\n\t\t\t\t<section class=\"elementor-section elementor-top-section elementor-element elementor-element-bb670b2 elementor-section-boxed elementor-section-height-default elementor-section-height-default\" data-id=\"bb670b2\" data-element_type=\"section\">\n\t\t\t\t\t\t<div class=\"elementor-container elementor-column-gap-default\">\n\t\t\t\t\t\t\t<div class=\"elementor-row\">\n\t\t\t\t\t<div class=\"elementor-column elementor-col-33 elementor-top-column elementor-element elementor-element-349a26a\" data-id=\"349a26a\" data-element_type=\"column\">\n\t\t\t<div class=\"elementor-column-wrap elementor-element-populated\">\n\t\t\t\t\t\t\t<div class=\"elementor-widget-wrap\">\n\t\t\t\t\t\t<div class=\"elementor-element elementor-element-57b3319 elementor-widget elementor-widget-heading\" data-id=\"57b3319\" data-element_type=\"widget\" data-widget_type=\"heading.default\">\n\t\t\t\t<div class=\"elementor-widget-container\">\n\t\t\t<h2 class=\"elementor-heading-title elementor-size-default\">\u0130n\u015faat ve Gayrimenkul Hukuku<\/h2>\t\t<\/div>\n\t\t\t\t<\/div>\n\t\t\t\t\t\t<\/div>\n\t\t\t\t\t<\/div>\n\t\t<\/div>\n\t\t\t\t<div class=\"elementor-column elementor-col-66 elementor-top-column elementor-element elementor-element-a948aa4\" data-id=\"a948aa4\" data-element_type=\"column\">\n\t\t\t<div class=\"elementor-column-wrap elementor-element-populated\">\n\t\t\t\t\t\t\t<div class=\"elementor-widget-wrap\">\n\t\t\t\t\t\t<div class=\"elementor-element elementor-element-4901dd6 elementor-widget elementor-widget-text-editor\" data-id=\"4901dd6\" data-element_type=\"widget\" data-widget_type=\"text-editor.default\">\n\t\t\t\t<div class=\"elementor-widget-container\">\n\t\t\t\t\t\t\t\t<div class=\"elementor-text-editor elementor-clearfix\">\n\t\t\t\t<p>Hansu Avukatl\u0131k B\u00fcrosu olarak ana faaliyet alanlar\u0131m\u0131zdan olan in\u015faat ve gayrimenkul sekt\u00f6r\u00fcnde projelerin geli\u015ftirilmesi, y\u00f6netimi ve kiralanmas\u0131 s\u00fcre\u00e7lerinde yat\u0131r\u0131m bankalar\u0131n\u0131 ve di\u011fer finansal kiralama kurulu\u015flar\u0131n\u0131, \u00f6zel sermaye fonlar\u0131n\u0131, emeklilik ve devlet fonlar\u0131n\u0131, gayrimenkul yat\u0131r\u0131m fonlar\u0131n\u0131, otel ve AVM i\u015fletmecilerini temsil etmekteyiz. Bu kapsamda avukatlar\u0131m\u0131z, m\u00fcvekkillerimizin her projesi \u00f6zelinde ihtiya\u00e7lar\u0131n\u0131 g\u00f6z \u00f6n\u00fcnde bulundurarak kapsaml\u0131 bir \u015fekilde proje geli\u015ftirme dan\u0131\u015fmanl\u0131\u011f\u0131 sunmaktad\u0131r.<\/p><p>Hansu Avukatl\u0131k B\u00fcrosu olarak gerek kamu (hazine\/belediye) ve vak\u0131f arazileri \u00fczerinde in\u015fa edilecek gayrimenkul projeleri i\u00e7in ihale, proje geli\u015ftirme, yap\u0131m ve i\u015fletme a\u015famalar\u0131nda, gerekse proje geli\u015ftiricisi \u00f6zel giri\u015fimcilerine, projelerinin hukuki alt yap\u0131s\u0131n\u0131n olu\u015fturulmas\u0131 ve finansman\u0131 s\u00fcre\u00e7lerinde etkili ve \u00e7\u00f6z\u00fcm odakl\u0131 destek vermekteyiz.<\/p><p>Bu kapsamda al\u0131\u015fveri\u015f merkezi, \u00fcniversite, otel, organize sanayi b\u00f6lgesi, hastane, m\u00fcze gibi b\u00fcy\u00fck \u00e7aptaki gayrimenkul projelerin geli\u015ftirilmesinin yan\u0131 s\u0131ra organize sanayi b\u00f6lgeleri ve serbest ticaret b\u00f6lgelerinde yap\u0131lan yat\u0131r\u0131mlara ili\u015fkin olarak avukatl\u0131k b\u00fcromuz uzun y\u0131llara dayanan tecr\u00fcbe ve sekt\u00f6rel bilgi birikimine sahiptir. B\u00fcromuzun uzman ve tecr\u00fcbeli avukatlar\u0131; s\u00f6zle\u015fmeler, kamu ihaleleri, imar, kentsel d\u00f6n\u00fc\u015f\u00fcm, kamula\u015ft\u0131rma, vergi hukuku gibi ba\u011flant\u0131l\u0131 di\u011fer alanlarda da, m\u00fcvekkillerimize kapsaml\u0131 dan\u0131\u015fmanl\u0131k hizmeti sa\u011flamaktad\u0131r.<\/p><p>Farkl\u0131 sekt\u00f6rlerde faaliyet g\u00f6steren yerli ve uluslararas\u0131 m\u00fcvekkillerimize \u00f6zellikle;<\/p><ul><li>Gayrimenkul al\u0131m sat\u0131m s\u00f6zle\u015fmeleri<\/li><li>Gayrimenkul kira s\u00f6zle\u015fmeleri<\/li><li>Arsa pay\u0131 kar\u015f\u0131l\u0131\u011f\u0131 in\u015faat yap\u0131m s\u00f6zle\u015fmesi ve has\u0131lat payla\u015f\u0131ml\u0131 in\u015faat yap\u0131m s\u00f6zle\u015fmeleri<\/li><li>Finansal kiralama s\u00f6zle\u015fmeleri<\/li><li>Gayrimenkuller \u00fczerinde \u015fahsi (sat\u0131\u015f vaadi, al\u0131m, \u00f6n al\u0131m, geri al\u0131m) ve ayni (intifa, ipotek) hakk\u0131 tesisi ve terkini<\/li><li>Gayrimenkul projelerinin koordinasyonu<\/li><li>\u0130n\u015faat ruhsat\u0131 ve sair idari i\u015flem s\u00fcre\u00e7lerini koordinasyonu<\/li><li>Proje uygulamalar\u0131nda vergisel y\u00fck\u00fcml\u00fcl\u00fcklerin incelenmesi<\/li><li>Tarihi eser niteli\u011findeki gayrimenkullerin restorasyonuna ili\u015fkin s\u00f6zle\u015fmeler ve idari s\u00fcrecin takibi<\/li><li>Yat\u0131r\u0131mc\u0131lar ve in\u015faat \u015firketlerini bir araya getiren b\u00fcy\u00fck \u00f6l\u00e7ekli projelerin finansman\u0131 ve ortakl\u0131k yap\u0131lar\u0131na ili\u015fkin s\u00f6zle\u015fmeler<\/li><li>Gayrimenkul\u00fcn m\u00fclkiyet hakk\u0131 ile di\u011fer ayni ve \u015fahsi haklardan kaynaklanan uyu\u015fmazl\u0131klar<\/li><li>Tapu iptal tescil davalar\u0131nda temsil<\/li><li>Kira tespit, uyarlama ve tahliye davalar\u0131<\/li><li>\u0130mar planlar\u0131na kar\u015f\u0131 itiraz ve dava s\u00fcre\u00e7lerinin takibi<\/li><li>Kadastro uygulamalar\u0131n\u0131n takibi ve ilgili dava s\u00fcre\u00e7lerinin y\u00fcr\u00fct\u00fclmesi<\/li><li>Kat m\u00fclkiyeti hukuku kaynakl\u0131 uyu\u015fmazl\u0131klar\u0131n \u00e7\u00f6z\u00fcm\u00fc<\/li><li>Miras hukukundan kaynaklanan her t\u00fcrl\u00fc uyu\u015fmazl\u0131klar\u0131n \u00e7\u00f6z\u00fcm\u00fc<\/li><\/ul>\t\t\t\t\t<\/div>\n\t\t\t\t\t\t<\/div>\n\t\t\t\t<\/div>\n\t\t\t\t\t\t<\/div>\n\t\t\t\t\t<\/div>\n\t\t<\/div>\n\t\t\t\t\t\t\t\t<\/div>\n\t\t\t\t\t<\/div>\n\t\t<\/section>\n\t\t\t\t<section class=\"elementor-section elementor-top-section elementor-element elementor-element-32f97607 elementor-section-stretched elementor-section-height-min-height elementor-section-items-stretch elementor-section-boxed elementor-section-height-default\" data-id=\"32f97607\" data-element_type=\"section\" data-settings=\"{&quot;stretch_section&quot;:&quot;section-stretched&quot;}\">\n\t\t\t\t\t\t<div class=\"elementor-container elementor-column-gap-default\">\n\t\t\t\t\t\t\t<div class=\"elementor-row\">\n\t\t\t\t\t<div class=\"elementor-column elementor-col-33 elementor-top-column elementor-element elementor-element-2073a81a\" data-id=\"2073a81a\" data-element_type=\"column\">\n\t\t\t<div class=\"elementor-column-wrap elementor-element-populated\">\n\t\t\t\t\t\t\t<div class=\"elementor-widget-wrap\">\n\t\t\t\t\t\t<div class=\"elementor-element elementor-element-7184c3dd elementor-cta--skin-cover elementor-cta--valign-middle elementor-widget__width-initial elementor-bg-transform elementor-bg-transform-zoom-in elementor-widget elementor-widget-call-to-action\" data-id=\"7184c3dd\" data-element_type=\"widget\" data-widget_type=\"call-to-action.default\">\n\t\t\t\t<div class=\"elementor-widget-container\">\n\t\t\t\t\t<a class=\"elementor-cta\" href=\"https:\/\/hansu.av.tr\/tr\/\">\n\t\t\t\t\t<div class=\"elementor-cta__bg-wrapper\">\n\t\t\t\t<div class=\"elementor-cta__bg elementor-bg\" style=\"background-image: url(https:\/\/hansu.av.tr\/wp-content\/uploads\/2021\/06\/light-1834289_1920_04-1.jpg);\"><\/div>\n\t\t\t\t<div class=\"elementor-cta__bg-overlay\"><\/div>\n\t\t\t<\/div>\n\t\t\t\t\t\t\t<div class=\"elementor-cta__content\">\n\t\t\t\t\n\t\t\t\t<h2 class=\"elementor-cta__title elementor-cta__content-item elementor-content-item\">Gayrimenkul Al\u0131m ve Sat\u0131m S\u00f6zle\u015fmesi<\/h2>\n\t\t\t\t\n\t\t\t\t\t\t\t<\/div>\n\t\t\t\t\t\t<\/a>\n\t\t\t\t<\/div>\n\t\t\t\t<\/div>\n\t\t\t\t<div class=\"elementor-element elementor-element-7e17809b elementor-cta--skin-cover elementor-widget__width-initial elementor-bg-transform elementor-bg-transform-zoom-in elementor-widget elementor-widget-call-to-action\" data-id=\"7e17809b\" data-element_type=\"widget\" data-widget_type=\"call-to-action.default\">\n\t\t\t\t<div class=\"elementor-widget-container\">\n\t\t\t\t\t<a class=\"elementor-cta\" href=\"https:\/\/hansu.av.tr\/tr\/\">\n\t\t\t\t\t<div class=\"elementor-cta__bg-wrapper\">\n\t\t\t\t<div class=\"elementor-cta__bg elementor-bg\" style=\"background-image: url(https:\/\/hansu.av.tr\/wp-content\/uploads\/2021\/06\/light-1834289_1920_03-1.png);\"><\/div>\n\t\t\t\t<div class=\"elementor-cta__bg-overlay\"><\/div>\n\t\t\t<\/div>\n\t\t\t\t\t\t\t<div class=\"elementor-cta__content\">\n\t\t\t\t\n\t\t\t\t<h2 class=\"elementor-cta__title elementor-cta__content-item elementor-content-item\">Kira S\u00f6zle\u015fmeleri ve Tahliye<\/h2>\n\t\t\t\t\n\t\t\t\t\t\t\t<\/div>\n\t\t\t\t\t\t<\/a>\n\t\t\t\t<\/div>\n\t\t\t\t<\/div>\n\t\t\t\t<div class=\"elementor-element elementor-element-a18ec51 elementor-cta--skin-cover elementor-cta--valign-middle elementor-widget__width-initial elementor-bg-transform elementor-bg-transform-zoom-in elementor-widget elementor-widget-call-to-action\" data-id=\"a18ec51\" data-element_type=\"widget\" data-widget_type=\"call-to-action.default\">\n\t\t\t\t<div class=\"elementor-widget-container\">\n\t\t\t\t\t<a class=\"elementor-cta\" href=\"https:\/\/hansu.av.tr\/tr\/\">\n\t\t\t\t\t<div class=\"elementor-cta__bg-wrapper\">\n\t\t\t\t<div class=\"elementor-cta__bg elementor-bg\" style=\"background-image: url(https:\/\/hansu.av.tr\/wp-content\/uploads\/2021\/06\/light-1834289_1920_04-1.jpg);\"><\/div>\n\t\t\t\t<div class=\"elementor-cta__bg-overlay\"><\/div>\n\t\t\t<\/div>\n\t\t\t\t\t\t\t<div class=\"elementor-cta__content\">\n\t\t\t\t\n\t\t\t\t<h2 class=\"elementor-cta__title elementor-cta__content-item elementor-content-item\">Tapu \u0130\u015flemleri <\/h2>\n\t\t\t\t\n\t\t\t\t\t\t\t<\/div>\n\t\t\t\t\t\t<\/a>\n\t\t\t\t<\/div>\n\t\t\t\t<\/div>\n\t\t\t\t\t\t<\/div>\n\t\t\t\t\t<\/div>\n\t\t<\/div>\n\t\t\t\t<div class=\"elementor-column elementor-col-33 elementor-top-column elementor-element elementor-element-2898906e\" data-id=\"2898906e\" data-element_type=\"column\">\n\t\t\t<div class=\"elementor-column-wrap elementor-element-populated\">\n\t\t\t\t\t\t\t<div class=\"elementor-widget-wrap\">\n\t\t\t\t\t\t<div class=\"elementor-element elementor-element-262e26ea elementor-cta--skin-cover elementor-widget__width-initial elementor-bg-transform elementor-bg-transform-zoom-in elementor-widget elementor-widget-call-to-action\" data-id=\"262e26ea\" data-element_type=\"widget\" data-settings=\"{&quot;_animation&quot;:&quot;none&quot;}\" data-widget_type=\"call-to-action.default\">\n\t\t\t\t<div class=\"elementor-widget-container\">\n\t\t\t\t\t<a class=\"elementor-cta\" href=\"https:\/\/hansu.av.tr\/tr\/\">\n\t\t\t\t\t<div class=\"elementor-cta__bg-wrapper\">\n\t\t\t\t<div class=\"elementor-cta__bg elementor-bg\" style=\"background-image: url(https:\/\/hansu.av.tr\/wp-content\/uploads\/2021\/06\/light-1834289_1920_02-1.png);\"><\/div>\n\t\t\t\t<div class=\"elementor-cta__bg-overlay\"><\/div>\n\t\t\t<\/div>\n\t\t\t\t\t\t\t<div class=\"elementor-cta__content\">\n\t\t\t\t\n\t\t\t\t<h2 class=\"elementor-cta__title elementor-cta__content-item elementor-content-item\">Ticari Gayrimenkul Projeleri<\/h2>\n\t\t\t\t\n\t\t\t\t\t\t\t<\/div>\n\t\t\t\t\t\t<\/a>\n\t\t\t\t<\/div>\n\t\t\t\t<\/div>\n\t\t\t\t<div class=\"elementor-element elementor-element-bf88515 elementor-cta--skin-cover elementor-widget__width-initial elementor-bg-transform elementor-bg-transform-zoom-in elementor-widget elementor-widget-call-to-action\" data-id=\"bf88515\" data-element_type=\"widget\" data-widget_type=\"call-to-action.default\">\n\t\t\t\t<div class=\"elementor-widget-container\">\n\t\t\t\t\t<a class=\"elementor-cta\" href=\"https:\/\/hansu.av.tr\/tr\/\">\n\t\t\t\t\t<div class=\"elementor-cta__bg-wrapper\">\n\t\t\t\t<div class=\"elementor-cta__bg elementor-bg\" style=\"background-image: url(https:\/\/hansu.av.tr\/wp-content\/uploads\/2021\/06\/light-1834289_1920_04-1.jpg);\"><\/div>\n\t\t\t\t<div class=\"elementor-cta__bg-overlay\"><\/div>\n\t\t\t<\/div>\n\t\t\t\t\t\t\t<div class=\"elementor-cta__content\">\n\t\t\t\t\n\t\t\t\t<h2 class=\"elementor-cta__title elementor-cta__content-item elementor-content-item\">Kat M\u00fclkiyeti <\/h2>\n\t\t\t\t\n\t\t\t\t\t\t\t<\/div>\n\t\t\t\t\t\t<\/a>\n\t\t\t\t<\/div>\n\t\t\t\t<\/div>\n\t\t\t\t\t\t<\/div>\n\t\t\t\t\t<\/div>\n\t\t<\/div>\n\t\t\t\t<div class=\"elementor-column elementor-col-33 elementor-top-column elementor-element elementor-element-148e41f\" data-id=\"148e41f\" data-element_type=\"column\">\n\t\t\t<div class=\"elementor-column-wrap elementor-element-populated\">\n\t\t\t\t\t\t\t<div class=\"elementor-widget-wrap\">\n\t\t\t\t\t\t<div class=\"elementor-element elementor-element-2087a541 elementor-cta--skin-cover elementor-widget__width-initial elementor-bg-transform elementor-bg-transform-zoom-in elementor-widget elementor-widget-call-to-action\" data-id=\"2087a541\" data-element_type=\"widget\" data-widget_type=\"call-to-action.default\">\n\t\t\t\t<div class=\"elementor-widget-container\">\n\t\t\t\t\t<a class=\"elementor-cta\" href=\"https:\/\/hansu.av.tr\/tr\/\">\n\t\t\t\t\t<div class=\"elementor-cta__bg-wrapper\">\n\t\t\t\t<div class=\"elementor-cta__bg elementor-bg\" style=\"background-image: url(https:\/\/hansu.av.tr\/wp-content\/uploads\/2021\/06\/light-1834289_1920_01-1.png);\"><\/div>\n\t\t\t\t<div class=\"elementor-cta__bg-overlay\"><\/div>\n\t\t\t<\/div>\n\t\t\t\t\t\t\t<div class=\"elementor-cta__content\">\n\t\t\t\t\n\t\t\t\t<h2 class=\"elementor-cta__title elementor-cta__content-item elementor-content-item\">Arsa Pay\u0131 Kar\u015f\u0131l\u0131\u011f\u0131 \u0130n\u015faat Yap\u0131m S\u00f6zle\u015fmesi ve Gelir (Has\u0131lat) Payla\u015f\u0131ml\u0131 \u0130n\u015faat Yap\u0131m S\u00f6zle\u015fmesi<\/h2>\n\t\t\t\t\n\t\t\t\t\t\t\t<\/div>\n\t\t\t\t\t\t<\/a>\n\t\t\t\t<\/div>\n\t\t\t\t<\/div>\n\t\t\t\t<div class=\"elementor-element elementor-element-5dc26657 elementor-cta--skin-cover elementor-widget__width-initial elementor-bg-transform elementor-bg-transform-zoom-in elementor-widget elementor-widget-call-to-action\" data-id=\"5dc26657\" data-element_type=\"widget\" data-widget_type=\"call-to-action.default\">\n\t\t\t\t<div class=\"elementor-widget-container\">\n\t\t\t\t\t<a class=\"elementor-cta\" href=\"https:\/\/hansu.av.tr\/tr\/\">\n\t\t\t\t\t<div class=\"elementor-cta__bg-wrapper\">\n\t\t\t\t<div class=\"elementor-cta__bg elementor-bg\" style=\"background-image: url(https:\/\/hansu.av.tr\/wp-content\/uploads\/2021\/06\/light-1834289_1920_01-1.png);\"><\/div>\n\t\t\t\t<div class=\"elementor-cta__bg-overlay\"><\/div>\n\t\t\t<\/div>\n\t\t\t\t\t\t\t<div class=\"elementor-cta__content\">\n\t\t\t\t\n\t\t\t\t<h2 class=\"elementor-cta__title elementor-cta__content-item elementor-content-item\">Kat M\u00fclkiyeti <\/h2>\n\t\t\t\t\n\t\t\t\t\t\t\t<\/div>\n\t\t\t\t\t\t<\/a>\n\t\t\t\t<\/div>\n\t\t\t\t<\/div>\n\t\t\t\t\t\t<\/div>\n\t\t\t\t\t<\/div>\n\t\t<\/div>\n\t\t\t\t\t\t\t\t<\/div>\n\t\t\t\t\t<\/div>\n\t\t<\/section>\n\t\t\t\t\t\t\t\t\t<\/div>\n\t\t\t<\/div>\n\t\t\t\t\t<\/div>\n\t\t","protected":false},"excerpt":{"rendered":"<p>\u0130n\u015faat ve Gayrimenkul Hukuku Hansu Avukatl\u0131k B\u00fcrosu olarak ana faaliyet alanlar\u0131m\u0131zdan olan in\u015faat ve gayrimenkul sekt\u00f6r\u00fcnde projelerin geli\u015ftirilmesi, y\u00f6netimi ve kiralanmas\u0131 s\u00fcre\u00e7lerinde yat\u0131r\u0131m bankalar\u0131n\u0131 ve di\u011fer finansal kiralama kurulu\u015flar\u0131n\u0131, \u00f6zel sermaye fonlar\u0131n\u0131, emeklilik ve devlet fonlar\u0131n\u0131, gayrimenkul yat\u0131r\u0131m fonlar\u0131n\u0131, otel ve AVM i\u015fletmecilerini temsil etmekteyiz. Bu kapsamda avukatlar\u0131m\u0131z, m\u00fcvekkillerimizin her projesi \u00f6zelinde ihtiya\u00e7lar\u0131n\u0131 g\u00f6z \u00f6n\u00fcnde&#8230;<\/p>\n","protected":false},"author":1,"featured_media":5723,"parent":1820,"menu_order":157,"comment_status":"closed","ping_status":"closed","template":"","meta":[],"acf":[],"_links":{"self":[{"href":"https:\/\/hansu.av.tr\/tr\/wp-json\/wp\/v2\/pages\/6831"}],"collection":[{"href":"https:\/\/hansu.av.tr\/tr\/wp-json\/wp\/v2\/pages"}],"about":[{"href":"https:\/\/hansu.av.tr\/tr\/wp-json\/wp\/v2\/types\/page"}],"author":[{"embeddable":true,"href":"https:\/\/hansu.av.tr\/tr\/wp-json\/wp\/v2\/users\/1"}],"replies":[{"embeddable":true,"href":"https:\/\/hansu.av.tr\/tr\/wp-json\/wp\/v2\/comments?post=6831"}],"version-history":[{"count":17,"href":"https:\/\/hansu.av.tr\/tr\/wp-json\/wp\/v2\/pages\/6831\/revisions"}],"predecessor-version":[{"id":7754,"href":"https:\/\/hansu.av.tr\/tr\/wp-json\/wp\/v2\/pages\/6831\/revisions\/7754"}],"up":[{"embeddable":true,"href":"https:\/\/hansu.av.tr\/tr\/wp-json\/wp\/v2\/pages\/1820"}],"wp:featuredmedia":[{"embeddable":true,"href":"https:\/\/hansu.av.tr\/tr\/wp-json\/wp\/v2\/media\/5723"}],"wp:attachment":[{"href":"https:\/\/hansu.av.tr\/tr\/wp-json\/wp\/v2\/media?parent=6831"}],"curies":[{"name":"wp","href":"https:\/\/api.w.org\/{rel}","templated":true}]}}