{"id":6850,"date":"2021-06-09T15:04:08","date_gmt":"2021-06-09T12:04:08","guid":{"rendered":"https:\/\/hansu.av.tr\/?page_id=6850"},"modified":"2021-06-23T23:22:13","modified_gmt":"2021-06-23T20:22:13","slug":"vergi-hukuku","status":"publish","type":"page","link":"https:\/\/hansu.av.tr\/tr\/uzmanlik-alanlarimiz\/vergi-hukuku\/","title":{"rendered":"Vergi Hukuku"},"content":{"rendered":"\t\t<div data-elementor-type=\"wp-page\" data-elementor-id=\"6850\" class=\"elementor elementor-6850\">\n\t\t\t\t\t\t<div class=\"elementor-inner\">\n\t\t\t\t<div class=\"elementor-section-wrap\">\n\t\t\t\t\t\t\t\t\t<section class=\"elementor-section elementor-top-section elementor-element elementor-element-d94105b elementor-section-boxed elementor-section-height-default elementor-section-height-default\" data-id=\"d94105b\" data-element_type=\"section\">\n\t\t\t\t\t\t<div class=\"elementor-container elementor-column-gap-default\">\n\t\t\t\t\t\t\t<div class=\"elementor-row\">\n\t\t\t\t\t<div class=\"elementor-column elementor-col-100 elementor-top-column elementor-element elementor-element-10c3264\" data-id=\"10c3264\" data-element_type=\"column\">\n\t\t\t<div class=\"elementor-column-wrap elementor-element-populated\">\n\t\t\t\t\t\t\t<div class=\"elementor-widget-wrap\">\n\t\t\t\t\t\t<div class=\"elementor-element elementor-element-3b6e07b elementor-cta--layout-image-above elementor-cta--valign-middle elementor-cta--skin-classic elementor-animated-content elementor-widget elementor-widget-call-to-action\" data-id=\"3b6e07b\" data-element_type=\"widget\" data-widget_type=\"call-to-action.default\">\n\t\t\t\t<div class=\"elementor-widget-container\">\n\t\t\t\t\t<div class=\"elementor-cta\">\n\t\t\t\t\t<div class=\"elementor-cta__bg-wrapper\">\n\t\t\t\t<div class=\"elementor-cta__bg elementor-bg\" style=\"background-image: url(https:\/\/hansu.av.tr\/wp-content\/uploads\/2020\/05\/37_Ticari-Uyus\u0327mazl\u0131kta-Zorunlu-Arabuluculuk_Hansu_Law.jpg);\"><\/div>\n\t\t\t\t<div class=\"elementor-cta__bg-overlay\"><\/div>\n\t\t\t<\/div>\n\t\t\t\t\t\t\t\t<\/div>\n\t\t\t\t<\/div>\n\t\t\t\t<\/div>\n\t\t\t\t<div class=\"elementor-element elementor-element-5c90a94 elementor-widget elementor-widget-spacer\" data-id=\"5c90a94\" data-element_type=\"widget\" data-widget_type=\"spacer.default\">\n\t\t\t\t<div class=\"elementor-widget-container\">\n\t\t\t\t\t<div class=\"elementor-spacer\">\n\t\t\t<div class=\"elementor-spacer-inner\"><\/div>\n\t\t<\/div>\n\t\t\t\t<\/div>\n\t\t\t\t<\/div>\n\t\t\t\t\t\t<\/div>\n\t\t\t\t\t<\/div>\n\t\t<\/div>\n\t\t\t\t\t\t\t\t<\/div>\n\t\t\t\t\t<\/div>\n\t\t<\/section>\n\t\t\t\t<section class=\"elementor-section elementor-top-section elementor-element elementor-element-bb670b2 elementor-section-boxed elementor-section-height-default elementor-section-height-default\" data-id=\"bb670b2\" data-element_type=\"section\">\n\t\t\t\t\t\t<div class=\"elementor-container elementor-column-gap-default\">\n\t\t\t\t\t\t\t<div class=\"elementor-row\">\n\t\t\t\t\t<div class=\"elementor-column elementor-col-33 elementor-top-column elementor-element elementor-element-349a26a\" data-id=\"349a26a\" data-element_type=\"column\">\n\t\t\t<div class=\"elementor-column-wrap elementor-element-populated\">\n\t\t\t\t\t\t\t<div class=\"elementor-widget-wrap\">\n\t\t\t\t\t\t<div class=\"elementor-element elementor-element-57b3319 elementor-widget elementor-widget-heading\" data-id=\"57b3319\" data-element_type=\"widget\" data-widget_type=\"heading.default\">\n\t\t\t\t<div class=\"elementor-widget-container\">\n\t\t\t<h2 class=\"elementor-heading-title elementor-size-default\">Vergi Hukuku<\/h2>\t\t<\/div>\n\t\t\t\t<\/div>\n\t\t\t\t\t\t<\/div>\n\t\t\t\t\t<\/div>\n\t\t<\/div>\n\t\t\t\t<div class=\"elementor-column elementor-col-66 elementor-top-column elementor-element elementor-element-a948aa4\" data-id=\"a948aa4\" data-element_type=\"column\">\n\t\t\t<div class=\"elementor-column-wrap elementor-element-populated\">\n\t\t\t\t\t\t\t<div class=\"elementor-widget-wrap\">\n\t\t\t\t\t\t<div class=\"elementor-element elementor-element-4901dd6 elementor-widget elementor-widget-text-editor\" data-id=\"4901dd6\" data-element_type=\"widget\" data-widget_type=\"text-editor.default\">\n\t\t\t\t<div class=\"elementor-widget-container\">\n\t\t\t\t\t\t\t\t<div class=\"elementor-text-editor elementor-clearfix\">\n\t\t\t\t<p>S\u00fcrekli de\u011fi\u015fen vergi mevzuat\u0131na ili\u015fkin olarak i\u015fletmenizin \u00f6zel gereksinimlerini \u00f6n planda tutan bir hukuki dan\u0131\u015fmanl\u0131k hizmeti al\u0131nmas\u0131 ulusal ve uluslararas\u0131 faaliyet g\u00f6steren \u015firketler i\u00e7in hayati \u00f6nemdedir. Avukatl\u0131k B\u00fcromuz kurumlar vergisi, gelir vergisi, katma de\u011fer vergisi, gelir vergisi stopaj\u0131, emlak vergisi, \u00f6zel i\u015flem vergisi, damga vergisi, motorlu ta\u015f\u0131tlar vergisi ve di\u011fer do\u011frudan ve dolayl\u0131 vergilere ili\u015fkin olarak tek elden hukuki dan\u0131\u015fmanl\u0131k ve avukatl\u0131k hizmeti vermektedir. Vergi hukukuna uyumluluk konusunda geni\u015f bilgi birikimine sahip tecr\u00fcbeli ekibimiz, sekt\u00f6rel bir yakla\u015f\u0131mla m\u00fcvekkillerimizin muhtemel vergi ihtilaflar\u0131n\u0131 \u00f6nceden tespit edebilmektedir. \u0130\u015fletmenizin her t\u00fcrl\u00fc yat\u0131r\u0131m projesi ve ticari i\u015flemi esnas\u0131nda ortaya \u00e7\u0131kabilecek vergi risklerini kapsaml\u0131 \u015fekilde analiz ederek mevzuata uyumlu \u015fekilde \u00f6nleyici tedbirler alman\u0131z\u0131 sa\u011flayabiliriz.<\/p><p>Vergi hukuku alan\u0131nda \u00f6zellikle,<\/p><ul><li>Kamu otoriteleri taraf\u0131ndan ba\u015flat\u0131lan vergi incelemeleri, sosyal g\u00fcvenlik m\u00fcfetti\u015flik soru\u015fturmalar\u0131 ve g\u00fcmr\u00fck m\u00fcfetti\u015fleri incelemelerinde hukuki dan\u0131\u015fmanl\u0131k<\/li><li>Uzla\u015fma dan\u0131\u015fmanl\u0131\u011f\u0131\/temsili<\/li><li>Hatalar\u0131n d\u00fczeltilmesi, cezalarda indirim, pi\u015fmanl\u0131k ve \u0131slah gibi di\u011fer idari yollara ba\u015fvurulmas\u0131<\/li><li>Gelir idareleri, vergi daireleri, g\u00fcmr\u00fck idaresi, sosyal g\u00fcvenlik kurumu taraf\u0131ndan yap\u0131lan resen tahakkuk ve kesilen usuls\u00fczl\u00fck ve cezalara ili\u015fkin olarak dan\u0131\u015fmanl\u0131k hizmeti<\/li><li>Ticari i\u015flem ve faaliyetler i\u00e7in vergi planlamas\u0131<\/li><li>\u0130dare\u2019den \u00f6zelge ve g\u00f6r\u00fc\u015f al\u0131nmas\u0131<\/li><li>Vergi te\u015fviklerinin detayl\u0131 yap\u0131land\u0131rma ve uygulama s\u00fcre\u00e7lerinin incelenmesi<\/li><li>Pe\u015fin fiyatland\u0131rma anla\u015fmalar\u0131n\u0131n yap\u0131lmas\u0131<\/li><li>\u0130hracat ve ithalat ile ilgili uluslararas\u0131 ticari s\u00f6zle\u015fmelerin haz\u0131rlanmas\u0131<\/li><li>Serbest b\u00f6lgelere ili\u015fkin i\u015flemler<\/li><li>Uluslararas\u0131 teslim ve \u00f6deme \u015fekilleri<\/li><li>Yat\u0131r\u0131m te\u015fvik rejimleri<\/li><li>\u00c7ifte vergilendirmeyi \u00f6nleme anla\u015fmalar\u0131<\/li><li>Vergi muafiyetleri<\/li><li>Kara para soru\u015fturmalar<\/li><li>Hukuka uyum hizmetleri<\/li><\/ul><p>konular\u0131nda hukuki dan\u0131\u015fmanl\u0131k ve avukatl\u0131k hizmeti verilmektedir.<\/p>\t\t\t\t\t<\/div>\n\t\t\t\t\t\t<\/div>\n\t\t\t\t<\/div>\n\t\t\t\t\t\t<\/div>\n\t\t\t\t\t<\/div>\n\t\t<\/div>\n\t\t\t\t\t\t\t\t<\/div>\n\t\t\t\t\t<\/div>\n\t\t<\/section>\n\t\t\t\t<section class=\"elementor-section elementor-top-section elementor-element elementor-element-32f97607 elementor-section-stretched elementor-section-height-min-height elementor-section-items-stretch elementor-section-boxed elementor-section-height-default\" data-id=\"32f97607\" data-element_type=\"section\" data-settings=\"{&quot;stretch_section&quot;:&quot;section-stretched&quot;}\">\n\t\t\t\t\t\t<div class=\"elementor-container elementor-column-gap-default\">\n\t\t\t\t\t\t\t<div class=\"elementor-row\">\n\t\t\t\t\t<div class=\"elementor-column elementor-col-33 elementor-top-column elementor-element elementor-element-2073a81a\" data-id=\"2073a81a\" data-element_type=\"column\">\n\t\t\t<div class=\"elementor-column-wrap elementor-element-populated\">\n\t\t\t\t\t\t\t<div class=\"elementor-widget-wrap\">\n\t\t\t\t\t\t<div class=\"elementor-element elementor-element-7184c3dd elementor-cta--skin-cover elementor-cta--valign-middle elementor-widget__width-initial elementor-bg-transform elementor-bg-transform-zoom-in elementor-widget elementor-widget-call-to-action\" data-id=\"7184c3dd\" data-element_type=\"widget\" data-widget_type=\"call-to-action.default\">\n\t\t\t\t<div class=\"elementor-widget-container\">\n\t\t\t\t\t<a class=\"elementor-cta\" href=\"https:\/\/hansu.av.tr\/tr\/\">\n\t\t\t\t\t<div class=\"elementor-cta__bg-wrapper\">\n\t\t\t\t<div class=\"elementor-cta__bg elementor-bg\" style=\"background-image: url(https:\/\/hansu.av.tr\/wp-content\/uploads\/2021\/06\/light-1834289_1920_04-1.jpg);\"><\/div>\n\t\t\t\t<div class=\"elementor-cta__bg-overlay\"><\/div>\n\t\t\t<\/div>\n\t\t\t\t\t\t\t<div class=\"elementor-cta__content\">\n\t\t\t\t\n\t\t\t\t<h2 class=\"elementor-cta__title elementor-cta__content-item elementor-content-item\">Vergi \u0130ncelemeleri<\/h2>\n\t\t\t\t\n\t\t\t\t\t\t\t<\/div>\n\t\t\t\t\t\t<\/a>\n\t\t\t\t<\/div>\n\t\t\t\t<\/div>\n\t\t\t\t<div class=\"elementor-element elementor-element-7e17809b elementor-cta--skin-cover elementor-widget__width-initial elementor-bg-transform elementor-bg-transform-zoom-in elementor-widget elementor-widget-call-to-action\" data-id=\"7e17809b\" data-element_type=\"widget\" data-widget_type=\"call-to-action.default\">\n\t\t\t\t<div class=\"elementor-widget-container\">\n\t\t\t\t\t<a class=\"elementor-cta\" href=\"https:\/\/hansu.av.tr\/tr\/\">\n\t\t\t\t\t<div class=\"elementor-cta__bg-wrapper\">\n\t\t\t\t<div class=\"elementor-cta__bg elementor-bg\" style=\"background-image: url(https:\/\/hansu.av.tr\/wp-content\/uploads\/2021\/06\/light-1834289_1920_03-1.png);\"><\/div>\n\t\t\t\t<div class=\"elementor-cta__bg-overlay\"><\/div>\n\t\t\t<\/div>\n\t\t\t\t\t\t\t<div class=\"elementor-cta__content\">\n\t\t\t\t\n\t\t\t\t<h2 class=\"elementor-cta__title elementor-cta__content-item elementor-content-item\">D\u0131\u015f Ticaret ve G\u00fcmr\u00fck <\/h2>\n\t\t\t\t\n\t\t\t\t\t\t\t<\/div>\n\t\t\t\t\t\t<\/a>\n\t\t\t\t<\/div>\n\t\t\t\t<\/div>\n\t\t\t\t\t\t<\/div>\n\t\t\t\t\t<\/div>\n\t\t<\/div>\n\t\t\t\t<div class=\"elementor-column elementor-col-33 elementor-top-column elementor-element elementor-element-2898906e\" data-id=\"2898906e\" data-element_type=\"column\">\n\t\t\t<div class=\"elementor-column-wrap elementor-element-populated\">\n\t\t\t\t\t\t\t<div class=\"elementor-widget-wrap\">\n\t\t\t\t\t\t<div class=\"elementor-element elementor-element-262e26ea elementor-cta--skin-cover elementor-widget__width-initial elementor-bg-transform elementor-bg-transform-zoom-in elementor-widget elementor-widget-call-to-action\" data-id=\"262e26ea\" data-element_type=\"widget\" data-settings=\"{&quot;_animation&quot;:&quot;none&quot;}\" data-widget_type=\"call-to-action.default\">\n\t\t\t\t<div class=\"elementor-widget-container\">\n\t\t\t\t\t<a class=\"elementor-cta\" href=\"https:\/\/hansu.av.tr\/tr\/\">\n\t\t\t\t\t<div class=\"elementor-cta__bg-wrapper\">\n\t\t\t\t<div class=\"elementor-cta__bg elementor-bg\" style=\"background-image: url(https:\/\/hansu.av.tr\/wp-content\/uploads\/2021\/06\/light-1834289_1920_02-1.png);\"><\/div>\n\t\t\t\t<div class=\"elementor-cta__bg-overlay\"><\/div>\n\t\t\t<\/div>\n\t\t\t\t\t\t\t<div class=\"elementor-cta__content\">\n\t\t\t\t\n\t\t\t\t<h2 class=\"elementor-cta__title elementor-cta__content-item elementor-content-item\">Vergi Uzla\u015fmalar\u0131<\/h2>\n\t\t\t\t\n\t\t\t\t\t\t\t<\/div>\n\t\t\t\t\t\t<\/a>\n\t\t\t\t<\/div>\n\t\t\t\t<\/div>\n\t\t\t\t<div class=\"elementor-element elementor-element-bf88515 elementor-cta--skin-cover elementor-widget__width-initial elementor-bg-transform elementor-bg-transform-zoom-in elementor-widget elementor-widget-call-to-action\" data-id=\"bf88515\" data-element_type=\"widget\" data-widget_type=\"call-to-action.default\">\n\t\t\t\t<div class=\"elementor-widget-container\">\n\t\t\t\t\t<a class=\"elementor-cta\" href=\"https:\/\/hansu.av.tr\/tr\/\">\n\t\t\t\t\t<div class=\"elementor-cta__bg-wrapper\">\n\t\t\t\t<div class=\"elementor-cta__bg elementor-bg\" style=\"background-image: url(https:\/\/hansu.av.tr\/wp-content\/uploads\/2021\/06\/light-1834289_1920_04-1.jpg);\"><\/div>\n\t\t\t\t<div class=\"elementor-cta__bg-overlay\"><\/div>\n\t\t\t<\/div>\n\t\t\t\t\t\t\t<div class=\"elementor-cta__content\">\n\t\t\t\t\n\t\t\t\t<h2 class=\"elementor-cta__title elementor-cta__content-item elementor-content-item\">Kara Para Soru\u015fturmalar\u0131<\/h2>\n\t\t\t\t\n\t\t\t\t\t\t\t<\/div>\n\t\t\t\t\t\t<\/a>\n\t\t\t\t<\/div>\n\t\t\t\t<\/div>\n\t\t\t\t\t\t<\/div>\n\t\t\t\t\t<\/div>\n\t\t<\/div>\n\t\t\t\t<div class=\"elementor-column elementor-col-33 elementor-top-column elementor-element elementor-element-148e41f\" data-id=\"148e41f\" data-element_type=\"column\">\n\t\t\t<div class=\"elementor-column-wrap elementor-element-populated\">\n\t\t\t\t\t\t\t<div class=\"elementor-widget-wrap\">\n\t\t\t\t\t\t<div class=\"elementor-element elementor-element-2087a541 elementor-cta--skin-cover elementor-widget__width-initial elementor-bg-transform elementor-bg-transform-zoom-in elementor-widget elementor-widget-call-to-action\" data-id=\"2087a541\" data-element_type=\"widget\" data-widget_type=\"call-to-action.default\">\n\t\t\t\t<div class=\"elementor-widget-container\">\n\t\t\t\t\t<a class=\"elementor-cta\" href=\"https:\/\/hansu.av.tr\/tr\/\">\n\t\t\t\t\t<div class=\"elementor-cta__bg-wrapper\">\n\t\t\t\t<div class=\"elementor-cta__bg elementor-bg\" style=\"background-image: url(https:\/\/hansu.av.tr\/wp-content\/uploads\/2021\/06\/light-1834289_1920_01-1.png);\"><\/div>\n\t\t\t\t<div class=\"elementor-cta__bg-overlay\"><\/div>\n\t\t\t<\/div>\n\t\t\t\t\t\t\t<div class=\"elementor-cta__content\">\n\t\t\t\t\n\t\t\t\t<h2 class=\"elementor-cta__title elementor-cta__content-item elementor-content-item\">Vergi Davalar\u0131 <\/h2>\n\t\t\t\t\n\t\t\t\t\t\t\t<\/div>\n\t\t\t\t\t\t<\/a>\n\t\t\t\t<\/div>\n\t\t\t\t<\/div>\n\t\t\t\t<div class=\"elementor-element elementor-element-20cc217 elementor-cta--skin-cover elementor-widget__width-initial elementor-bg-transform elementor-bg-transform-zoom-in elementor-widget elementor-widget-call-to-action\" data-id=\"20cc217\" data-element_type=\"widget\" data-widget_type=\"call-to-action.default\">\n\t\t\t\t<div class=\"elementor-widget-container\">\n\t\t\t\t\t<a class=\"elementor-cta\" href=\"https:\/\/hansu.av.tr\/tr\/\">\n\t\t\t\t\t<div class=\"elementor-cta__bg-wrapper\">\n\t\t\t\t<div class=\"elementor-cta__bg elementor-bg\" style=\"background-image: url(https:\/\/hansu.av.tr\/wp-content\/uploads\/2021\/06\/light-1834289_1920_01-1.png);\"><\/div>\n\t\t\t\t<div class=\"elementor-cta__bg-overlay\"><\/div>\n\t\t\t<\/div>\n\t\t\t\t\t\t\t<div class=\"elementor-cta__content\">\n\t\t\t\t\n\t\t\t\t<h2 class=\"elementor-cta__title elementor-cta__content-item elementor-content-item\">Vergi Ceza Davalar\u0131<\/h2>\n\t\t\t\t\n\t\t\t\t\t\t\t<\/div>\n\t\t\t\t\t\t<\/a>\n\t\t\t\t<\/div>\n\t\t\t\t<\/div>\n\t\t\t\t\t\t<\/div>\n\t\t\t\t\t<\/div>\n\t\t<\/div>\n\t\t\t\t\t\t\t\t<\/div>\n\t\t\t\t\t<\/div>\n\t\t<\/section>\n\t\t\t\t\t\t\t\t\t<\/div>\n\t\t\t<\/div>\n\t\t\t\t\t<\/div>\n\t\t","protected":false},"excerpt":{"rendered":"<p>Vergi Hukuku S\u00fcrekli de\u011fi\u015fen vergi mevzuat\u0131na ili\u015fkin olarak i\u015fletmenizin \u00f6zel gereksinimlerini \u00f6n planda tutan bir hukuki dan\u0131\u015fmanl\u0131k hizmeti al\u0131nmas\u0131 ulusal ve uluslararas\u0131 faaliyet g\u00f6steren \u015firketler i\u00e7in hayati \u00f6nemdedir. Avukatl\u0131k B\u00fcromuz kurumlar vergisi, gelir vergisi, katma de\u011fer vergisi, gelir vergisi stopaj\u0131, emlak vergisi, \u00f6zel i\u015flem vergisi, damga vergisi, motorlu ta\u015f\u0131tlar vergisi ve di\u011fer do\u011frudan ve dolayl\u0131&#8230;<\/p>\n","protected":false},"author":1,"featured_media":0,"parent":1820,"menu_order":154,"comment_status":"closed","ping_status":"closed","template":"","meta":[],"acf":[],"_links":{"self":[{"href":"https:\/\/hansu.av.tr\/tr\/wp-json\/wp\/v2\/pages\/6850"}],"collection":[{"href":"https:\/\/hansu.av.tr\/tr\/wp-json\/wp\/v2\/pages"}],"about":[{"href":"https:\/\/hansu.av.tr\/tr\/wp-json\/wp\/v2\/types\/page"}],"author":[{"embeddable":true,"href":"https:\/\/hansu.av.tr\/tr\/wp-json\/wp\/v2\/users\/1"}],"replies":[{"embeddable":true,"href":"https:\/\/hansu.av.tr\/tr\/wp-json\/wp\/v2\/comments?post=6850"}],"version-history":[{"count":10,"href":"https:\/\/hansu.av.tr\/tr\/wp-json\/wp\/v2\/pages\/6850\/revisions"}],"predecessor-version":[{"id":7600,"href":"https:\/\/hansu.av.tr\/tr\/wp-json\/wp\/v2\/pages\/6850\/revisions\/7600"}],"up":[{"embeddable":true,"href":"https:\/\/hansu.av.tr\/tr\/wp-json\/wp\/v2\/pages\/1820"}],"wp:attachment":[{"href":"https:\/\/hansu.av.tr\/tr\/wp-json\/wp\/v2\/media?parent=6850"}],"curies":[{"name":"wp","href":"https:\/\/api.w.org\/{rel}","templated":true}]}}