{"id":7354,"date":"2021-06-23T11:01:23","date_gmt":"2021-06-23T08:01:23","guid":{"rendered":"https:\/\/hansu.av.tr\/?page_id=7354"},"modified":"2021-06-25T17:55:58","modified_gmt":"2021-06-25T14:55:58","slug":"gayrimenkul-ve-yatirim","status":"publish","type":"page","link":"https:\/\/hansu.av.tr\/tr\/sektorler\/gayrimenkul-ve-yatirim\/","title":{"rendered":"GAYR\u0130MENKUL VE YATIRIM"},"content":{"rendered":"<p>\u00dclkemiz ekonomisine katk\u0131 sa\u011flayan sekt\u00f6rlerin ba\u015f\u0131nda gelen gayrimenkul ve in\u015faat sekt\u00f6r\u00fc \u00f6n\u00fcm\u00fczdeki y\u0131llarda gayrimenkule olan talep ve sekt\u00f6rel geli\u015fmeler ile yat\u0131r\u0131mc\u0131lar i\u00e7in \u00f6nemli f\u0131rsatlar sunmaktad\u0131r. Bu kapsamda gayrimenkul projenizin mevzuata uygun ko\u015fullarda geli\u015ftirilmesini istiyorsan\u0131z, sekt\u00f6rel deneyime sahip bir avukatl\u0131k b\u00fcrosu ile \u00e7al\u0131\u015fman\u0131z faydal\u0131 olacakt\u0131r. Hansu Avukatl\u0131k B\u00fcrosu olarak ana faaliyet alanlar\u0131m\u0131zdan olan gayrimenkul projelerin geli\u015ftirilmesi, in\u015faat\u0131, kiralanmas\u0131 ve i\u015fletmesi s\u00fcre\u00e7lerinde yat\u0131r\u0131m bankalar\u0131n\u0131 ve di\u011fer finansal kiralama kurulu\u015flar\u0131n\u0131, \u00f6zel sermaye fonlar\u0131n\u0131, emeklilik ve devlet fonlar\u0131n\u0131, gayrimenkul yat\u0131r\u0131m fonlar\u0131n\u0131, otel ve AVM i\u015fletmecilerini temsil etmekteyiz.<\/p>\n<ul>\n<li>Yat\u0131r\u0131m yolu ile T\u00fcrkiye Cumhuriyeti vatanda\u015fl\u0131\u011f\u0131 kazanmak istiyorum.<\/li>\n<li>T\u00fcrkiye\u2019de gayrimenkul sat\u0131n almak istiyorum.<\/li>\n<li>Arsa pay\u0131 kar\u015f\u0131l\u0131\u011f\u0131 in\u015faat yap\u0131m s\u00f6zle\u015fmesi ve\/veya has\u0131lat payla\u015f\u0131ml\u0131 in\u015faat yap\u0131m s\u00f6zle\u015fmesi imzalayaca\u011f\u0131m.<\/li>\n<li>Kira s\u00f6zle\u015fmesi d\u00fczenlemek istiyorum.<\/li>\n<li>Gayrimenkul projemin geli\u015ftirilmesi ve finansman\u0131 konular\u0131nda deste\u011fe ihtiyac\u0131m var.<\/li>\n<li>Kentsel d\u00f6n\u00fc\u015f\u00fcmde tapu harc\u0131 istinas\u0131ndan nas\u0131l faydalanabilirim?<\/li>\n<li>T\u00fcrkiye de sit alanlar\u0131nda yap\u0131la\u015fma \u015fartlar\u0131 nelerdir?<\/li>\n<li>\u0130mar planlar\u0131na kar\u015f\u0131 itiraz s\u00fcrecinde deste\u011fe ihtiyac\u0131m var.<\/li>\n<li>\u0130mar planlar\u0131nda revizyon ve de\u011fi\u015fiklik nas\u0131l ger\u00e7ekle\u015fir?<\/li>\n<\/ul>\n","protected":false},"excerpt":{"rendered":"<p>\u00dclkemiz ekonomisine katk\u0131 sa\u011flayan sekt\u00f6rlerin ba\u015f\u0131nda gelen gayrimenkul ve in\u015faat sekt\u00f6r\u00fc \u00f6n\u00fcm\u00fczdeki y\u0131llarda gayrimenkule olan talep ve sekt\u00f6rel geli\u015fmeler ile yat\u0131r\u0131mc\u0131lar i\u00e7in \u00f6nemli f\u0131rsatlar sunmaktad\u0131r. Bu kapsamda gayrimenkul projenizin mevzuata uygun ko\u015fullarda geli\u015ftirilmesini istiyorsan\u0131z, sekt\u00f6rel deneyime sahip bir avukatl\u0131k b\u00fcrosu ile \u00e7al\u0131\u015fman\u0131z faydal\u0131 olacakt\u0131r. Hansu Avukatl\u0131k B\u00fcrosu olarak ana faaliyet alanlar\u0131m\u0131zdan olan gayrimenkul projelerin geli\u015ftirilmesi,&#8230;<\/p>\n","protected":false},"author":1,"featured_media":0,"parent":4555,"menu_order":97,"comment_status":"closed","ping_status":"closed","template":"","meta":[],"acf":[],"_links":{"self":[{"href":"https:\/\/hansu.av.tr\/tr\/wp-json\/wp\/v2\/pages\/7354"}],"collection":[{"href":"https:\/\/hansu.av.tr\/tr\/wp-json\/wp\/v2\/pages"}],"about":[{"href":"https:\/\/hansu.av.tr\/tr\/wp-json\/wp\/v2\/types\/page"}],"author":[{"embeddable":true,"href":"https:\/\/hansu.av.tr\/tr\/wp-json\/wp\/v2\/users\/1"}],"replies":[{"embeddable":true,"href":"https:\/\/hansu.av.tr\/tr\/wp-json\/wp\/v2\/comments?post=7354"}],"version-history":[{"count":5,"href":"https:\/\/hansu.av.tr\/tr\/wp-json\/wp\/v2\/pages\/7354\/revisions"}],"predecessor-version":[{"id":8054,"href":"https:\/\/hansu.av.tr\/tr\/wp-json\/wp\/v2\/pages\/7354\/revisions\/8054"}],"up":[{"embeddable":true,"href":"https:\/\/hansu.av.tr\/tr\/wp-json\/wp\/v2\/pages\/4555"}],"wp:attachment":[{"href":"https:\/\/hansu.av.tr\/tr\/wp-json\/wp\/v2\/media?parent=7354"}],"curies":[{"name":"wp","href":"https:\/\/api.w.org\/{rel}","templated":true}]}}