{"id":7452,"date":"2021-06-23T15:18:34","date_gmt":"2021-06-23T12:18:34","guid":{"rendered":"https:\/\/hansu.av.tr\/?page_id=7452"},"modified":"2021-06-23T15:18:34","modified_gmt":"2021-06-23T12:18:34","slug":"arsa-payi-karsiligi-insaat-yapim-sozlesmesi-ve-gelir-hasilat-paylasimli-insaat-yapim-sozlesmesi","status":"publish","type":"page","link":"https:\/\/hansu.av.tr\/tr\/uzmanlik-alanlarimiz\/arsa-payi-karsiligi-insaat-yapim-sozlesmesi-ve-gelir-hasilat-paylasimli-insaat-yapim-sozlesmesi\/","title":{"rendered":"Arsa Pay\u0131 Kar\u015f\u0131l\u0131\u011f\u0131 \u0130n\u015faat Yap\u0131m S\u00f6zle\u015fmesi ve Gelir (Has\u0131lat) Payla\u015f\u0131ml\u0131 \u0130n\u015faat Yap\u0131m S\u00f6zle\u015fmesi"},"content":{"rendered":"","protected":false},"excerpt":{"rendered":"","protected":false},"author":1,"featured_media":0,"parent":1820,"menu_order":85,"comment_status":"closed","ping_status":"closed","template":"","meta":[],"acf":[],"_links":{"self":[{"href":"https:\/\/hansu.av.tr\/tr\/wp-json\/wp\/v2\/pages\/7452"}],"collection":[{"href":"https:\/\/hansu.av.tr\/tr\/wp-json\/wp\/v2\/pages"}],"about":[{"href":"https:\/\/hansu.av.tr\/tr\/wp-json\/wp\/v2\/types\/page"}],"author":[{"embeddable":true,"href":"https:\/\/hansu.av.tr\/tr\/wp-json\/wp\/v2\/users\/1"}],"replies":[{"embeddable":true,"href":"https:\/\/hansu.av.tr\/tr\/wp-json\/wp\/v2\/comments?post=7452"}],"version-history":[{"count":1,"href":"https:\/\/hansu.av.tr\/tr\/wp-json\/wp\/v2\/pages\/7452\/revisions"}],"predecessor-version":[{"id":7456,"href":"https:\/\/hansu.av.tr\/tr\/wp-json\/wp\/v2\/pages\/7452\/revisions\/7456"}],"up":[{"embeddable":true,"href":"https:\/\/hansu.av.tr\/tr\/wp-json\/wp\/v2\/pages\/1820"}],"wp:attachment":[{"href":"https:\/\/hansu.av.tr\/tr\/wp-json\/wp\/v2\/media?parent=7452"}],"curies":[{"name":"wp","href":"https:\/\/api.w.org\/{rel}","templated":true}]}}