{"id":7478,"date":"2021-06-23T20:04:55","date_gmt":"2021-06-23T17:04:55","guid":{"rendered":"https:\/\/hansu.av.tr\/?page_id=7478"},"modified":"2021-06-25T11:55:11","modified_gmt":"2021-06-25T08:55:11","slug":"ticari-gayrimenkul-projeleri","status":"publish","type":"page","link":"https:\/\/hansu.av.tr\/tr\/uzmanlik-alanlarimiz\/ticari-gayrimenkul-projeleri\/","title":{"rendered":"Ticari Gayrimenkul Projeleri"},"content":{"rendered":"<p>Avukatl\u0131k B\u00fcromuz, yerli ve uluslararas\u0131 m\u00fcvekkillerinin T\u00fcrkiye\u2019deki gayrimenkul yat\u0131r\u0131m projelerine ili\u015fkin olarak kapsaml\u0131 risk analizi haz\u0131rlanmas\u0131 ve projenin hukuki alt yap\u0131s\u0131n\u0131n olu\u015fturulmas\u0131ndan ba\u015flayarak gayrimenkul projesinin uygulanmas\u0131 ve i\u015fletmeye al\u0131nmas\u0131 s\u00fcre\u00e7leri d\u00e2hil t\u00fcm a\u015famalarda hukuki dan\u0131\u015fmanl\u0131k hizmeti vermektedir. Uzman avukatlar\u0131m\u0131z, yerli ve uluslararas\u0131 m\u00fcvekkillerimize al\u0131\u015fveri\u015f merkezi, \u00fcniversite, otel, hastane, m\u00fcze, yol, t\u00fcnel, k\u00f6pr\u00fc gibi b\u00fcy\u00fck \u00e7aptaki gayrimenkul projelerinin ile organize sanayi b\u00f6lgeleri ve serbest ticaret b\u00f6lgelerinde yap\u0131lan yat\u0131r\u0131mlar ve kentsel d\u00f6n\u00fc\u015f\u00fcm projelerinin geli\u015ftirilmesine ili\u015fkin olarak uzun y\u0131llara dayanan teknik bilgi ve tecr\u00fcbeye sahiptir.<\/p>\n<p>M\u00fcvekkillerimizin ticari gayrimenkul projelerine ili\u015fkin olarak \u00f6zellikle,<\/p>\n<ul>\n<li>Hukuki risk analizi (Due Diligence)<\/li>\n<li>\u0130mar planlar\u0131 ve tapu kay\u0131tlar\u0131 incelenerek projeye uygun arazinin se\u00e7imi ve tahsisi<\/li>\n<li>Kamu kurum ve kurulu\u015flar\u0131ndan gerekli izin ve ruhsatlar\u0131n al\u0131nmas\u0131<\/li>\n<li>Mimari proje s\u00f6zle\u015fmeleri<\/li>\n<li>Projelerin \u00e7evre mevzuat\u0131na uygunlu\u011funun denetlenmesi<\/li>\n<li>Proje finansman\u0131<\/li>\n<li>Yabanc\u0131lar\u0131n gayrimenkul al\u0131m yolu ile vatanda\u015fl\u0131k kazanmas\u0131<\/li>\n<li>\u0130n\u015faat (Arsa pay\u0131 kar\u015f\u0131l\u0131\u011f\u0131 veya gelir payla\u015f\u0131ml\u0131 in\u015faat s\u00f6zle\u015fmesi, Yap-\u0130\u015flet-Devret) s\u00f6zle\u015fmeleri<\/li>\n<li>Kat irtifak\u0131 ve kat m\u00fclkiyeti kurulumu i\u015flemlerinin ger\u00e7ekle\u015ftirilmesi<\/li>\n<li>Y\u00f6netim plan\u0131n\u0131n haz\u0131rlanmas\u0131 ve tapuya \u015ferhi<\/li>\n<li>Pazarlama, sat\u0131\u015f ve kira s\u00f6zle\u015fmeleri<\/li>\n<li>Kapan\u0131\u015f a\u015famas\u0131 i\u015flemlerinin yap\u0131lmas\u0131<\/li>\n<\/ul>\n<p>&nbsp;<\/p>\n<p>gibi konularda hukuki hizmetlerini sa\u011flamaktay\u0131z.<\/p>\n","protected":false},"excerpt":{"rendered":"<p>Avukatl\u0131k B\u00fcromuz, yerli ve uluslararas\u0131 m\u00fcvekkillerinin T\u00fcrkiye\u2019deki gayrimenkul yat\u0131r\u0131m projelerine ili\u015fkin olarak kapsaml\u0131 risk analizi haz\u0131rlanmas\u0131 ve projenin hukuki alt yap\u0131s\u0131n\u0131n olu\u015fturulmas\u0131ndan ba\u015flayarak gayrimenkul projesinin uygulanmas\u0131 ve i\u015fletmeye al\u0131nmas\u0131 s\u00fcre\u00e7leri d\u00e2hil t\u00fcm a\u015famalarda hukuki dan\u0131\u015fmanl\u0131k hizmeti vermektedir. Uzman avukatlar\u0131m\u0131z, yerli ve uluslararas\u0131 m\u00fcvekkillerimize al\u0131\u015fveri\u015f merkezi, \u00fcniversite, otel, hastane, m\u00fcze, yol, t\u00fcnel, k\u00f6pr\u00fc gibi b\u00fcy\u00fck \u00e7aptaki&#8230;<\/p>\n","protected":false},"author":1,"featured_media":0,"parent":1820,"menu_order":82,"comment_status":"closed","ping_status":"closed","template":"","meta":[],"acf":[],"_links":{"self":[{"href":"https:\/\/hansu.av.tr\/tr\/wp-json\/wp\/v2\/pages\/7478"}],"collection":[{"href":"https:\/\/hansu.av.tr\/tr\/wp-json\/wp\/v2\/pages"}],"about":[{"href":"https:\/\/hansu.av.tr\/tr\/wp-json\/wp\/v2\/types\/page"}],"author":[{"embeddable":true,"href":"https:\/\/hansu.av.tr\/tr\/wp-json\/wp\/v2\/users\/1"}],"replies":[{"embeddable":true,"href":"https:\/\/hansu.av.tr\/tr\/wp-json\/wp\/v2\/comments?post=7478"}],"version-history":[{"count":3,"href":"https:\/\/hansu.av.tr\/tr\/wp-json\/wp\/v2\/pages\/7478\/revisions"}],"predecessor-version":[{"id":7739,"href":"https:\/\/hansu.av.tr\/tr\/wp-json\/wp\/v2\/pages\/7478\/revisions\/7739"}],"up":[{"embeddable":true,"href":"https:\/\/hansu.av.tr\/tr\/wp-json\/wp\/v2\/pages\/1820"}],"wp:attachment":[{"href":"https:\/\/hansu.av.tr\/tr\/wp-json\/wp\/v2\/media?parent=7478"}],"curies":[{"name":"wp","href":"https:\/\/api.w.org\/{rel}","templated":true}]}}