{"id":7485,"date":"2021-06-23T20:12:19","date_gmt":"2021-06-23T17:12:19","guid":{"rendered":"https:\/\/hansu.av.tr\/?page_id=7485"},"modified":"2021-06-25T11:54:51","modified_gmt":"2021-06-25T08:54:51","slug":"gayrimenkul-alim-ve-satim-sozlesmesi","status":"publish","type":"page","link":"https:\/\/hansu.av.tr\/tr\/uzmanlik-alanlarimiz\/gayrimenkul-alim-ve-satim-sozlesmesi\/","title":{"rendered":"Gayrimenkul Al\u0131m ve Sat\u0131m S\u00f6zle\u015fmesi"},"content":{"rendered":"","protected":false},"excerpt":{"rendered":"","protected":false},"author":1,"featured_media":0,"parent":1820,"menu_order":80,"comment_status":"closed","ping_status":"closed","template":"","meta":[],"acf":[],"_links":{"self":[{"href":"https:\/\/hansu.av.tr\/tr\/wp-json\/wp\/v2\/pages\/7485"}],"collection":[{"href":"https:\/\/hansu.av.tr\/tr\/wp-json\/wp\/v2\/pages"}],"about":[{"href":"https:\/\/hansu.av.tr\/tr\/wp-json\/wp\/v2\/types\/page"}],"author":[{"embeddable":true,"href":"https:\/\/hansu.av.tr\/tr\/wp-json\/wp\/v2\/users\/1"}],"replies":[{"embeddable":true,"href":"https:\/\/hansu.av.tr\/tr\/wp-json\/wp\/v2\/comments?post=7485"}],"version-history":[{"count":2,"href":"https:\/\/hansu.av.tr\/tr\/wp-json\/wp\/v2\/pages\/7485\/revisions"}],"predecessor-version":[{"id":7738,"href":"https:\/\/hansu.av.tr\/tr\/wp-json\/wp\/v2\/pages\/7485\/revisions\/7738"}],"up":[{"embeddable":true,"href":"https:\/\/hansu.av.tr\/tr\/wp-json\/wp\/v2\/pages\/1820"}],"wp:attachment":[{"href":"https:\/\/hansu.av.tr\/tr\/wp-json\/wp\/v2\/media?parent=7485"}],"curies":[{"name":"wp","href":"https:\/\/api.w.org\/{rel}","templated":true}]}}