{"id":7542,"date":"2021-06-23T21:44:47","date_gmt":"2021-06-23T18:44:47","guid":{"rendered":"https:\/\/hansu.av.tr\/?page_id=7542"},"modified":"2021-06-23T21:44:56","modified_gmt":"2021-06-23T18:44:56","slug":"kultur-ve-tabiat-varliklarini-koruma","status":"publish","type":"page","link":"https:\/\/hansu.av.tr\/tr\/uzmanlik-alanlarimiz\/kultur-ve-tabiat-varliklarini-koruma\/","title":{"rendered":"K\u00fclt\u00fcr ve Tabiat Varl\u0131klar\u0131n\u0131 Koruma"},"content":{"rendered":"","protected":false},"excerpt":{"rendered":"","protected":false},"author":1,"featured_media":0,"parent":1820,"menu_order":64,"comment_status":"closed","ping_status":"closed","template":"","meta":[],"acf":[],"_links":{"self":[{"href":"https:\/\/hansu.av.tr\/tr\/wp-json\/wp\/v2\/pages\/7542"}],"collection":[{"href":"https:\/\/hansu.av.tr\/tr\/wp-json\/wp\/v2\/pages"}],"about":[{"href":"https:\/\/hansu.av.tr\/tr\/wp-json\/wp\/v2\/types\/page"}],"author":[{"embeddable":true,"href":"https:\/\/hansu.av.tr\/tr\/wp-json\/wp\/v2\/users\/1"}],"replies":[{"embeddable":true,"href":"https:\/\/hansu.av.tr\/tr\/wp-json\/wp\/v2\/comments?post=7542"}],"version-history":[{"count":1,"href":"https:\/\/hansu.av.tr\/tr\/wp-json\/wp\/v2\/pages\/7542\/revisions"}],"predecessor-version":[{"id":7549,"href":"https:\/\/hansu.av.tr\/tr\/wp-json\/wp\/v2\/pages\/7542\/revisions\/7549"}],"up":[{"embeddable":true,"href":"https:\/\/hansu.av.tr\/tr\/wp-json\/wp\/v2\/pages\/1820"}],"wp:attachment":[{"href":"https:\/\/hansu.av.tr\/tr\/wp-json\/wp\/v2\/media?parent=7542"}],"curies":[{"name":"wp","href":"https:\/\/api.w.org\/{rel}","templated":true}]}}