{"id":7580,"date":"2021-06-23T23:01:23","date_gmt":"2021-06-23T20:01:23","guid":{"rendered":"https:\/\/hansu.av.tr\/?page_id=7580"},"modified":"2021-06-23T23:01:23","modified_gmt":"2021-06-23T20:01:23","slug":"dis-ticaret-ve-gumruk","status":"publish","type":"page","link":"https:\/\/hansu.av.tr\/tr\/uzmanlik-alanlarimiz\/dis-ticaret-ve-gumruk\/","title":{"rendered":"D\u0131\u015f Ticaret ve G\u00fcmr\u00fck"},"content":{"rendered":"","protected":false},"excerpt":{"rendered":"","protected":false},"author":1,"featured_media":0,"parent":1820,"menu_order":50,"comment_status":"closed","ping_status":"closed","template":"","meta":[],"acf":[],"_links":{"self":[{"href":"https:\/\/hansu.av.tr\/tr\/wp-json\/wp\/v2\/pages\/7580"}],"collection":[{"href":"https:\/\/hansu.av.tr\/tr\/wp-json\/wp\/v2\/pages"}],"about":[{"href":"https:\/\/hansu.av.tr\/tr\/wp-json\/wp\/v2\/types\/page"}],"author":[{"embeddable":true,"href":"https:\/\/hansu.av.tr\/tr\/wp-json\/wp\/v2\/users\/1"}],"replies":[{"embeddable":true,"href":"https:\/\/hansu.av.tr\/tr\/wp-json\/wp\/v2\/comments?post=7580"}],"version-history":[{"count":1,"href":"https:\/\/hansu.av.tr\/tr\/wp-json\/wp\/v2\/pages\/7580\/revisions"}],"predecessor-version":[{"id":7584,"href":"https:\/\/hansu.av.tr\/tr\/wp-json\/wp\/v2\/pages\/7580\/revisions\/7584"}],"up":[{"embeddable":true,"href":"https:\/\/hansu.av.tr\/tr\/wp-json\/wp\/v2\/pages\/1820"}],"wp:attachment":[{"href":"https:\/\/hansu.av.tr\/tr\/wp-json\/wp\/v2\/media?parent=7580"}],"curies":[{"name":"wp","href":"https:\/\/api.w.org\/{rel}","templated":true}]}}