{"id":7668,"date":"2021-06-24T00:03:35","date_gmt":"2021-06-23T21:03:35","guid":{"rendered":"https:\/\/hansu.av.tr\/?page_id=7668"},"modified":"2022-07-04T16:13:29","modified_gmt":"2022-07-04T13:13:29","slug":"enerji-ve-dogal-kaynaklar","status":"publish","type":"page","link":"https:\/\/hansu.av.tr\/tr\/sektorler\/enerji-ve-dogal-kaynaklar\/","title":{"rendered":"ENERJ\u0130 VE DO\u011eAL KAYNAKLAR"},"content":{"rendered":"<p>Kendine has dinamikleri ve yat\u0131r\u0131mc\u0131lar\u0131n yo\u011fun ilgi duydu\u011fu alanlar\u0131n ba\u015f\u0131nda gelen enerji ve do\u011fal kaynaklar sekt\u00f6r\u00fc, son y\u0131llarda T\u00fcrkiye\u2019de olduk\u00e7a \u00f6nemli bir noktaya gelmi\u015ftir. Bu alanda faaliyet g\u00f6steren \u015firketler, Enerji Piyasas\u0131 D\u00fczenleme Kurumu (EPDK) taraf\u0131ndan yasal d\u00fczenlenmelere tabi tutulmakta ve denetlenmektedir. S\u00fcrekli y\u00fckselen rekabet ortam\u0131n\u0131n yan\u0131 s\u0131ra yeni d\u00fczenlemeler sebebiyle artan mevzuat gereklilikleri neticesinde bu alanda faaliyet g\u00f6steren \u015firket ve yat\u0131r\u0131mc\u0131lara y\u00f6nelik hukuk ve dan\u0131\u015fmanl\u0131k hizmetleri de sekt\u00f6re \u00f6zg\u00fc uzmanl\u0131k ve tecr\u00fcbe gerektirmektedir. Avukatl\u0131k b\u00fcromuz, Enerji Bakanl\u0131\u011f\u0131, Enerji Piyasas\u0131 D\u00fczenleme Kurumu (EPDK) ve enerji sekt\u00f6r\u00fcnde faaliyet g\u00f6steren di\u011fer kurum ve kurulu\u015flar nezdinde y\u00fcr\u00fcyen i\u015flemler d\u00e2hil olmak \u00fczere elektrik, do\u011falgaz, petrol ve LPG piyasas\u0131nda faaliyet g\u00f6steren \u015firket ve yat\u0131r\u0131mc\u0131lar\u0131 ilgilendiren t\u00fcm i\u015f alanlar\u0131nda hukuki dan\u0131\u015fmanl\u0131k hizmeti vermektedir. Ayr\u0131ca yenilenebilir enerji alan\u0131ndaki projelerin (GES, RES ve HES) mevzuata uygun bir \u015fekilde geli\u015ftirilmesi, lisanslar\u0131n temin edilmesi ve i\u015fletme esnas\u0131nda ortaya \u00e7\u0131kabilecek t\u00fcm hukuki sorunlara h\u0131zl\u0131 ve etkin \u00e7\u00f6z\u00fcmler \u00fcretmektedir. Bunun yan\u0131 s\u0131ra madencilik sekt\u00f6r\u00fcnde izin ve ruhsatlar\u0131n al\u0131nmas\u0131, s\u00f6zle\u015fmelerin haz\u0131rlanmas\u0131, maden ocaklar\u0131n\u0131n i\u015fletilmesine ili\u015fkin mevzuat hakk\u0131nda dan\u0131\u015fmanl\u0131k verilmesi konular\u0131nda uzun y\u0131llara dayanan tecr\u00fcbeye sahibiz.<\/p>\n<p>&nbsp;<\/p>\n","protected":false},"excerpt":{"rendered":"<p>Kendine has dinamikleri ve yat\u0131r\u0131mc\u0131lar\u0131n yo\u011fun ilgi duydu\u011fu alanlar\u0131n ba\u015f\u0131nda gelen enerji ve do\u011fal kaynaklar sekt\u00f6r\u00fc, son y\u0131llarda T\u00fcrkiye\u2019de olduk\u00e7a \u00f6nemli bir noktaya gelmi\u015ftir. Bu alanda faaliyet g\u00f6steren \u015firketler, Enerji Piyasas\u0131 D\u00fczenleme Kurumu (EPDK) taraf\u0131ndan yasal d\u00fczenlenmelere tabi tutulmakta ve denetlenmektedir. S\u00fcrekli y\u00fckselen rekabet ortam\u0131n\u0131n yan\u0131 s\u0131ra yeni d\u00fczenlemeler sebebiyle artan mevzuat gereklilikleri neticesinde bu&#8230;<\/p>\n","protected":false},"author":1,"featured_media":0,"parent":4555,"menu_order":17,"comment_status":"closed","ping_status":"closed","template":"","meta":[],"acf":[],"_links":{"self":[{"href":"https:\/\/hansu.av.tr\/tr\/wp-json\/wp\/v2\/pages\/7668"}],"collection":[{"href":"https:\/\/hansu.av.tr\/tr\/wp-json\/wp\/v2\/pages"}],"about":[{"href":"https:\/\/hansu.av.tr\/tr\/wp-json\/wp\/v2\/types\/page"}],"author":[{"embeddable":true,"href":"https:\/\/hansu.av.tr\/tr\/wp-json\/wp\/v2\/users\/1"}],"replies":[{"embeddable":true,"href":"https:\/\/hansu.av.tr\/tr\/wp-json\/wp\/v2\/comments?post=7668"}],"version-history":[{"count":5,"href":"https:\/\/hansu.av.tr\/tr\/wp-json\/wp\/v2\/pages\/7668\/revisions"}],"predecessor-version":[{"id":9251,"href":"https:\/\/hansu.av.tr\/tr\/wp-json\/wp\/v2\/pages\/7668\/revisions\/9251"}],"up":[{"embeddable":true,"href":"https:\/\/hansu.av.tr\/tr\/wp-json\/wp\/v2\/pages\/4555"}],"wp:attachment":[{"href":"https:\/\/hansu.av.tr\/tr\/wp-json\/wp\/v2\/media?parent=7668"}],"curies":[{"name":"wp","href":"https:\/\/api.w.org\/{rel}","templated":true}]}}