{"id":7675,"date":"2021-06-24T00:07:18","date_gmt":"2021-06-23T21:07:18","guid":{"rendered":"https:\/\/hansu.av.tr\/?page_id=7675"},"modified":"2022-07-04T16:17:27","modified_gmt":"2022-07-04T13:17:27","slug":"ulasim-ve-lojistik","status":"publish","type":"page","link":"https:\/\/hansu.av.tr\/tr\/sektorler\/ulasim-ve-lojistik\/","title":{"rendered":"ULA\u015eIM ve LOJ\u0130ST\u0130K"},"content":{"rendered":"<p>Benzersiz co\u011frafi konumu ve gen\u00e7 i\u015fg\u00fcc\u00fc sayesinde, ta\u015f\u0131mac\u0131l\u0131k ve lojistik sekt\u00f6r\u00fc T\u00fcrkiye ekonomisinde stratejik \u00f6neme sahip sekt\u00f6rlerden biri haline gelmi\u015ftir. Ger\u00e7ekle\u015ftirilen kamu ve \u00f6zel altyap\u0131 yat\u0131r\u0131mlar\u0131, \u00fclkemizdeki lojistik hizmetlerini ciddi bir \u015fekilde geli\u015ftirmi\u015ftir. Avukatl\u0131k B\u00fcromuz yerel ve k\u00fcresel \u00f6l\u00e7ekte faaliyet g\u00f6steren ta\u015f\u0131mac\u0131l\u0131k ve lojistik \u015firketleri d\u00e2hil olmak \u00fczere tedarik zincirinde faaliyet g\u00f6steren t\u00fcm \u015firketlere en geni\u015f yelpazede hukuki hizmet sa\u011flamaktad\u0131r. Ta\u015f\u0131mac\u0131l\u0131k ve lojistik alan\u0131nda m\u00fcvekkillerimizin ortaya \u00e7\u0131kabilecek \u00e7e\u015fitli sorunlar\u0131na, ticari menfaatlerini en iyi \u015fekilde koruyan pragmatik \u00e7\u00f6z\u00fcmler sunmaktay\u0131z.<\/p>\n<p>&nbsp;<\/p>\n","protected":false},"excerpt":{"rendered":"<p>Benzersiz co\u011frafi konumu ve gen\u00e7 i\u015fg\u00fcc\u00fc sayesinde, ta\u015f\u0131mac\u0131l\u0131k ve lojistik sekt\u00f6r\u00fc T\u00fcrkiye ekonomisinde stratejik \u00f6neme sahip sekt\u00f6rlerden biri haline gelmi\u015ftir. Ger\u00e7ekle\u015ftirilen kamu ve \u00f6zel altyap\u0131 yat\u0131r\u0131mlar\u0131, \u00fclkemizdeki lojistik hizmetlerini ciddi bir \u015fekilde geli\u015ftirmi\u015ftir. Avukatl\u0131k B\u00fcromuz yerel ve k\u00fcresel \u00f6l\u00e7ekte faaliyet g\u00f6steren ta\u015f\u0131mac\u0131l\u0131k ve lojistik \u015firketleri d\u00e2hil olmak \u00fczere tedarik zincirinde faaliyet g\u00f6steren t\u00fcm \u015firketlere en&#8230;<\/p>\n","protected":false},"author":1,"featured_media":0,"parent":4555,"menu_order":13,"comment_status":"closed","ping_status":"closed","template":"","meta":[],"acf":[],"_links":{"self":[{"href":"https:\/\/hansu.av.tr\/tr\/wp-json\/wp\/v2\/pages\/7675"}],"collection":[{"href":"https:\/\/hansu.av.tr\/tr\/wp-json\/wp\/v2\/pages"}],"about":[{"href":"https:\/\/hansu.av.tr\/tr\/wp-json\/wp\/v2\/types\/page"}],"author":[{"embeddable":true,"href":"https:\/\/hansu.av.tr\/tr\/wp-json\/wp\/v2\/users\/1"}],"replies":[{"embeddable":true,"href":"https:\/\/hansu.av.tr\/tr\/wp-json\/wp\/v2\/comments?post=7675"}],"version-history":[{"count":8,"href":"https:\/\/hansu.av.tr\/tr\/wp-json\/wp\/v2\/pages\/7675\/revisions"}],"predecessor-version":[{"id":9252,"href":"https:\/\/hansu.av.tr\/tr\/wp-json\/wp\/v2\/pages\/7675\/revisions\/9252"}],"up":[{"embeddable":true,"href":"https:\/\/hansu.av.tr\/tr\/wp-json\/wp\/v2\/pages\/4555"}],"wp:attachment":[{"href":"https:\/\/hansu.av.tr\/tr\/wp-json\/wp\/v2\/media?parent=7675"}],"curies":[{"name":"wp","href":"https:\/\/api.w.org\/{rel}","templated":true}]}}