{"id":7682,"date":"2021-06-24T00:11:09","date_gmt":"2021-06-23T21:11:09","guid":{"rendered":"https:\/\/hansu.av.tr\/?page_id=7682"},"modified":"2022-07-04T16:47:18","modified_gmt":"2022-07-04T13:47:18","slug":"kimya-ve-petrol-urunleri-2","status":"publish","type":"page","link":"https:\/\/hansu.av.tr\/tr\/sektorler\/kimya-ve-petrol-urunleri-2\/","title":{"rendered":"K\u0130MYA ve PETROL \u00dcR\u00dcNLER\u0130"},"content":{"rendered":"<p>Kimya sanayi; temizlik \u00fcr\u00fcnleri, kozmetik \u00fcr\u00fcnleri, ila\u00e7 gibi pek \u00e7ok sanayi alan\u0131nda ara mal ve hammadde temin eden bir sekt\u00f6r olarak T\u00fcrkiye ekonomisine \u00f6nemli katk\u0131lar sunmaktad\u0131r. Bu do\u011frultuda, geli\u015fmekte olan pazarlardaki h\u0131zl\u0131 b\u00fcy\u00fcme ve say\u0131lar\u0131 gittik\u00e7e artan birle\u015fme ve devralmalar kimya ve petrol \u015firketleri i\u00e7in cazip f\u0131rsatlar yaratmaktad\u0131r. Rekabet g\u00fcc\u00fcn\u00fc art\u0131rmak isteyen \u00fcretici \u015firketler, Ar-Ge faaliyetlerine \u00f6nem vermektedirler. Uzman ekibimiz, elektrik kimya, akaryak\u0131t, madeni ya\u011f ve petrol \u00fcr\u00fcnleri alanlar\u0131nda y\u0131llard\u0131r hizmet vermekte oldu\u011fu se\u00e7kin m\u00fcvekkilleri ve bu alanda ger\u00e7ekle\u015ftirdi\u011fi \u00e7ok say\u0131da birle\u015fme, devralma ve sat\u0131n alma projelerinde edindi\u011fi tecr\u00fcbe ile sekt\u00f6r\u00fcn ihtiya\u00e7lar\u0131na y\u00f6nelik hizmet vermektedir. Bu ba\u011flamda Avukatl\u0131k b\u00fcromuz, engin sekt\u00f6rel ve piyasa bilgisine dayanarak \u015firket ve yat\u0131r\u0131mc\u0131lara tek elden hukuki hizmetler sunmaktad\u0131r.<\/p>\n<p>&nbsp;<\/p>\n","protected":false},"excerpt":{"rendered":"<p>Kimya sanayi; temizlik \u00fcr\u00fcnleri, kozmetik \u00fcr\u00fcnleri, ila\u00e7 gibi pek \u00e7ok sanayi alan\u0131nda ara mal ve hammadde temin eden bir sekt\u00f6r olarak T\u00fcrkiye ekonomisine \u00f6nemli katk\u0131lar sunmaktad\u0131r. Bu do\u011frultuda, geli\u015fmekte olan pazarlardaki h\u0131zl\u0131 b\u00fcy\u00fcme ve say\u0131lar\u0131 gittik\u00e7e artan birle\u015fme ve devralmalar kimya ve petrol \u015firketleri i\u00e7in cazip f\u0131rsatlar yaratmaktad\u0131r. Rekabet g\u00fcc\u00fcn\u00fc art\u0131rmak isteyen \u00fcretici \u015firketler, Ar-Ge&#8230;<\/p>\n","protected":false},"author":1,"featured_media":0,"parent":4555,"menu_order":15,"comment_status":"closed","ping_status":"closed","template":"","meta":[],"acf":[],"_links":{"self":[{"href":"https:\/\/hansu.av.tr\/tr\/wp-json\/wp\/v2\/pages\/7682"}],"collection":[{"href":"https:\/\/hansu.av.tr\/tr\/wp-json\/wp\/v2\/pages"}],"about":[{"href":"https:\/\/hansu.av.tr\/tr\/wp-json\/wp\/v2\/types\/page"}],"author":[{"embeddable":true,"href":"https:\/\/hansu.av.tr\/tr\/wp-json\/wp\/v2\/users\/1"}],"replies":[{"embeddable":true,"href":"https:\/\/hansu.av.tr\/tr\/wp-json\/wp\/v2\/comments?post=7682"}],"version-history":[{"count":4,"href":"https:\/\/hansu.av.tr\/tr\/wp-json\/wp\/v2\/pages\/7682\/revisions"}],"predecessor-version":[{"id":9253,"href":"https:\/\/hansu.av.tr\/tr\/wp-json\/wp\/v2\/pages\/7682\/revisions\/9253"}],"up":[{"embeddable":true,"href":"https:\/\/hansu.av.tr\/tr\/wp-json\/wp\/v2\/pages\/4555"}],"wp:attachment":[{"href":"https:\/\/hansu.av.tr\/tr\/wp-json\/wp\/v2\/media?parent=7682"}],"curies":[{"name":"wp","href":"https:\/\/api.w.org\/{rel}","templated":true}]}}