{"id":7689,"date":"2021-06-24T00:15:08","date_gmt":"2021-06-23T21:15:08","guid":{"rendered":"https:\/\/hansu.av.tr\/?page_id=7689"},"modified":"2022-07-04T16:48:29","modified_gmt":"2022-07-04T13:48:29","slug":"tarim-gida-ve-perakende","status":"publish","type":"page","link":"https:\/\/hansu.av.tr\/tr\/sektorler\/tarim-gida-ve-perakende\/","title":{"rendered":"TARIM, GIDA ve PERAKENDE"},"content":{"rendered":"<p>Avrupa\u2019n\u0131n en gen\u00e7 ve dinamik n\u00fcfusuna sahip olan T\u00fcrkiye\u2019de, tar\u0131m, g\u0131da ve perakende sekt\u00f6r\u00fc teknolojik ilerlemelere ve d\u00fcnya \u00e7ap\u0131nda ekonomik de\u011fi\u015fikliklere ba\u011fl\u0131 olarak her ge\u00e7en y\u0131l daha da b\u00fcy\u00fcmektedir. Elveri\u015fli iklim ko\u015fullar\u0131 ve geni\u015f tar\u0131m arazileri ile \u00fclkemiz b\u00f6lgesinde \u00f6nemli bir \u00fcretim ve tedarik merkezi olmay\u0131 hedeflemektedir. Tar\u0131m ve g\u0131da alan\u0131nda yat\u0131r\u0131mlar\u0131 art\u0131rmak amac\u0131yla \u00e7e\u015fitli te\u015fvikler de sunulmaktad\u0131r. Sekt\u00f6rdeki i\u015fletmenizi geli\u015ftirmek ve b\u00fcy\u00fctmek i\u00e7in ihtiyac\u0131n\u0131z olan hukuki dan\u0131\u015fmanl\u0131\u011f\u0131, pragmatik \u00e7\u00f6z\u00fcmleri ile uzman kadromuz sa\u011flamaktad\u0131r. Hansu Avukatl\u0131k B\u00fcrosu olarak geni\u015f sekt\u00f6r deneyimimiz ile tedarik\u00e7ilerden t\u00fcketiciye kadar t\u00fcm tedarik zincirinde faaliyet g\u00f6steren m\u00fcvekkillerimize en geni\u015f yelpazede hizmet sunmaktay\u0131z.<\/p>\n<p>&nbsp;<\/p>\n","protected":false},"excerpt":{"rendered":"<p>Avrupa\u2019n\u0131n en gen\u00e7 ve dinamik n\u00fcfusuna sahip olan T\u00fcrkiye\u2019de, tar\u0131m, g\u0131da ve perakende sekt\u00f6r\u00fc teknolojik ilerlemelere ve d\u00fcnya \u00e7ap\u0131nda ekonomik de\u011fi\u015fikliklere ba\u011fl\u0131 olarak her ge\u00e7en y\u0131l daha da b\u00fcy\u00fcmektedir. Elveri\u015fli iklim ko\u015fullar\u0131 ve geni\u015f tar\u0131m arazileri ile \u00fclkemiz b\u00f6lgesinde \u00f6nemli bir \u00fcretim ve tedarik merkezi olmay\u0131 hedeflemektedir. Tar\u0131m ve g\u0131da alan\u0131nda yat\u0131r\u0131mlar\u0131 art\u0131rmak amac\u0131yla \u00e7e\u015fitli&#8230;<\/p>\n","protected":false},"author":1,"featured_media":0,"parent":4555,"menu_order":9,"comment_status":"closed","ping_status":"closed","template":"","meta":[],"acf":[],"_links":{"self":[{"href":"https:\/\/hansu.av.tr\/tr\/wp-json\/wp\/v2\/pages\/7689"}],"collection":[{"href":"https:\/\/hansu.av.tr\/tr\/wp-json\/wp\/v2\/pages"}],"about":[{"href":"https:\/\/hansu.av.tr\/tr\/wp-json\/wp\/v2\/types\/page"}],"author":[{"embeddable":true,"href":"https:\/\/hansu.av.tr\/tr\/wp-json\/wp\/v2\/users\/1"}],"replies":[{"embeddable":true,"href":"https:\/\/hansu.av.tr\/tr\/wp-json\/wp\/v2\/comments?post=7689"}],"version-history":[{"count":4,"href":"https:\/\/hansu.av.tr\/tr\/wp-json\/wp\/v2\/pages\/7689\/revisions"}],"predecessor-version":[{"id":9254,"href":"https:\/\/hansu.av.tr\/tr\/wp-json\/wp\/v2\/pages\/7689\/revisions\/9254"}],"up":[{"embeddable":true,"href":"https:\/\/hansu.av.tr\/tr\/wp-json\/wp\/v2\/pages\/4555"}],"wp:attachment":[{"href":"https:\/\/hansu.av.tr\/tr\/wp-json\/wp\/v2\/media?parent=7689"}],"curies":[{"name":"wp","href":"https:\/\/api.w.org\/{rel}","templated":true}]}}