{"id":7691,"date":"2021-06-24T00:16:29","date_gmt":"2021-06-23T21:16:29","guid":{"rendered":"https:\/\/hansu.av.tr\/?page_id=7691"},"modified":"2022-07-04T16:49:04","modified_gmt":"2022-07-04T13:49:04","slug":"saglik-ve-ilac","status":"publish","type":"page","link":"https:\/\/hansu.av.tr\/tr\/sektorler\/saglik-ve-ilac\/","title":{"rendered":"SA\u011eLIK ve \u0130LA\u00c7"},"content":{"rendered":"<p>Olduk\u00e7a regule bir alan olan sa\u011fl\u0131k ve ila\u00e7 sekt\u00f6r\u00fc, \u00f6zellikle pandemi s\u00fcreci ile birlikte T\u00fcrkiye ve d\u00fcnyada ticari hacim a\u00e7\u0131s\u0131ndan \u00f6nemli bir pozisyon elde etmi\u015ftir. \u00d6n\u00fcm\u00fczdeki y\u0131llarda global ila\u00e7 ve t\u0131bbi cihazlar sekt\u00f6r\u00fcn\u00fcn kilit oyuncular\u0131ndan biri haline gelmeyi hedefleyen \u00fclkemizde, orta ve b\u00fcy\u00fck \u00f6l\u00e7ekli \u00fcretici \u015firketler devlet taraf\u0131ndan sa\u011flanan te\u015fvikler ile Ar-Ge faaliyetlerine ciddi yat\u0131r\u0131mlar yapmaktad\u0131rlar. Uzman avukat kadromuzun deste\u011fi ile yasal d\u00fczenlemelere ve sekt\u00f6r\u00fcn de\u011fi\u015fken ko\u015fullar\u0131na uyum sa\u011flayabilirsiniz. Bu anlamda hastane kurulum s\u00fcreci d\u00e2hil olmak \u00fczere ila\u00e7, t\u0131bbi cihazlar ve sa\u011fl\u0131k alan\u0131nda proje geli\u015ftirmede uzman olan Avukatl\u0131k B\u00fcromuz farmakolojik ve biyoteknolojik end\u00fcstride yer alan \u015firketlere de tek elden hukuki dan\u0131\u015fmanl\u0131k hizmeti sunmaktad\u0131r.<\/p>\n<p>&nbsp;<\/p>\n","protected":false},"excerpt":{"rendered":"<p>Olduk\u00e7a regule bir alan olan sa\u011fl\u0131k ve ila\u00e7 sekt\u00f6r\u00fc, \u00f6zellikle pandemi s\u00fcreci ile birlikte T\u00fcrkiye ve d\u00fcnyada ticari hacim a\u00e7\u0131s\u0131ndan \u00f6nemli bir pozisyon elde etmi\u015ftir. \u00d6n\u00fcm\u00fczdeki y\u0131llarda global ila\u00e7 ve t\u0131bbi cihazlar sekt\u00f6r\u00fcn\u00fcn kilit oyuncular\u0131ndan biri haline gelmeyi hedefleyen \u00fclkemizde, orta ve b\u00fcy\u00fck \u00f6l\u00e7ekli \u00fcretici \u015firketler devlet taraf\u0131ndan sa\u011flanan te\u015fvikler ile Ar-Ge faaliyetlerine ciddi yat\u0131r\u0131mlar&#8230;<\/p>\n","protected":false},"author":1,"featured_media":0,"parent":4555,"menu_order":11,"comment_status":"closed","ping_status":"closed","template":"","meta":[],"acf":[],"_links":{"self":[{"href":"https:\/\/hansu.av.tr\/tr\/wp-json\/wp\/v2\/pages\/7691"}],"collection":[{"href":"https:\/\/hansu.av.tr\/tr\/wp-json\/wp\/v2\/pages"}],"about":[{"href":"https:\/\/hansu.av.tr\/tr\/wp-json\/wp\/v2\/types\/page"}],"author":[{"embeddable":true,"href":"https:\/\/hansu.av.tr\/tr\/wp-json\/wp\/v2\/users\/1"}],"replies":[{"embeddable":true,"href":"https:\/\/hansu.av.tr\/tr\/wp-json\/wp\/v2\/comments?post=7691"}],"version-history":[{"count":3,"href":"https:\/\/hansu.av.tr\/tr\/wp-json\/wp\/v2\/pages\/7691\/revisions"}],"predecessor-version":[{"id":9255,"href":"https:\/\/hansu.av.tr\/tr\/wp-json\/wp\/v2\/pages\/7691\/revisions\/9255"}],"up":[{"embeddable":true,"href":"https:\/\/hansu.av.tr\/tr\/wp-json\/wp\/v2\/pages\/4555"}],"wp:attachment":[{"href":"https:\/\/hansu.av.tr\/tr\/wp-json\/wp\/v2\/media?parent=7691"}],"curies":[{"name":"wp","href":"https:\/\/api.w.org\/{rel}","templated":true}]}}