{"id":7700,"date":"2021-06-24T00:28:51","date_gmt":"2021-06-23T21:28:51","guid":{"rendered":"https:\/\/hansu.av.tr\/?page_id=7700"},"modified":"2022-07-04T16:50:03","modified_gmt":"2022-07-04T13:50:03","slug":"telekomunikasyon-ve-e-ticaret","status":"publish","type":"page","link":"https:\/\/hansu.av.tr\/tr\/sektorler\/telekomunikasyon-ve-e-ticaret\/","title":{"rendered":"TELEKOM\u00dcN\u0130KASYON ve E-T\u0130CARET"},"content":{"rendered":"<p>D\u00fcnyada en h\u0131zl\u0131 de\u011fi\u015fim sekt\u00f6rlerin ba\u015f\u0131nda teknoloji ve e-ticaret gelmektedir. Bu alanda getirilen yeni yasal d\u00fczenlemeler ile rekabet ortam\u0131 i\u015fletmelerin k\u00e2rl\u0131l\u0131\u011f\u0131n\u0131 etkilemektedir. Avukatl\u0131k B\u00fcromuz g\u00fc\u00e7l\u00fc k\u00fcresel ba\u011flant\u0131lar\u0131 ve sekt\u00f6rel uzmanl\u0131\u011f\u0131 sayesinde d\u00fcnyaca tan\u0131nan telekom\u00fcnikasyon ve e-ticaret \u015firketlerine tek elden dan\u0131\u015fmanl\u0131k hizmeti vermektedir. Bu alanlardaki de\u011fi\u015fimleri yak\u0131ndan izleyen uzman kadromuz, telekom\u00fcnikasyon, medya ve teknoloji \u015firketlerine ki\u015fisel verilerin korunmas\u0131ndan teknoloji faaliyetlerinin yasal mevzuata uygunlu\u011funa kadar olduk\u00e7a geni\u015f bir yelpazede hukuki destek sa\u011flamakta ve m\u00fcvekkillerimizin rekabette \u00f6ne ge\u00e7melerini sa\u011flayacak \u015fekilde dan\u0131\u015fmanl\u0131k hizmeti sunmaktad\u0131r.<\/p>\n<p>&nbsp;<\/p>\n","protected":false},"excerpt":{"rendered":"<p>D\u00fcnyada en h\u0131zl\u0131 de\u011fi\u015fim sekt\u00f6rlerin ba\u015f\u0131nda teknoloji ve e-ticaret gelmektedir. Bu alanda getirilen yeni yasal d\u00fczenlemeler ile rekabet ortam\u0131 i\u015fletmelerin k\u00e2rl\u0131l\u0131\u011f\u0131n\u0131 etkilemektedir. Avukatl\u0131k B\u00fcromuz g\u00fc\u00e7l\u00fc k\u00fcresel ba\u011flant\u0131lar\u0131 ve sekt\u00f6rel uzmanl\u0131\u011f\u0131 sayesinde d\u00fcnyaca tan\u0131nan telekom\u00fcnikasyon ve e-ticaret \u015firketlerine tek elden dan\u0131\u015fmanl\u0131k hizmeti vermektedir. Bu alanlardaki de\u011fi\u015fimleri yak\u0131ndan izleyen uzman kadromuz, telekom\u00fcnikasyon, medya ve teknoloji \u015firketlerine ki\u015fisel&#8230;<\/p>\n","protected":false},"author":1,"featured_media":0,"parent":4555,"menu_order":7,"comment_status":"closed","ping_status":"closed","template":"","meta":[],"acf":[],"_links":{"self":[{"href":"https:\/\/hansu.av.tr\/tr\/wp-json\/wp\/v2\/pages\/7700"}],"collection":[{"href":"https:\/\/hansu.av.tr\/tr\/wp-json\/wp\/v2\/pages"}],"about":[{"href":"https:\/\/hansu.av.tr\/tr\/wp-json\/wp\/v2\/types\/page"}],"author":[{"embeddable":true,"href":"https:\/\/hansu.av.tr\/tr\/wp-json\/wp\/v2\/users\/1"}],"replies":[{"embeddable":true,"href":"https:\/\/hansu.av.tr\/tr\/wp-json\/wp\/v2\/comments?post=7700"}],"version-history":[{"count":3,"href":"https:\/\/hansu.av.tr\/tr\/wp-json\/wp\/v2\/pages\/7700\/revisions"}],"predecessor-version":[{"id":9256,"href":"https:\/\/hansu.av.tr\/tr\/wp-json\/wp\/v2\/pages\/7700\/revisions\/9256"}],"up":[{"embeddable":true,"href":"https:\/\/hansu.av.tr\/tr\/wp-json\/wp\/v2\/pages\/4555"}],"wp:attachment":[{"href":"https:\/\/hansu.av.tr\/tr\/wp-json\/wp\/v2\/media?parent=7700"}],"curies":[{"name":"wp","href":"https:\/\/api.w.org\/{rel}","templated":true}]}}