{"id":7706,"date":"2021-06-24T00:30:28","date_gmt":"2021-06-23T21:30:28","guid":{"rendered":"https:\/\/hansu.av.tr\/?page_id=7706"},"modified":"2022-07-04T16:51:13","modified_gmt":"2022-07-04T13:51:13","slug":"egitim-ve-turizm-yatirimlari","status":"publish","type":"page","link":"https:\/\/hansu.av.tr\/tr\/sektorler\/egitim-ve-turizm-yatirimlari\/","title":{"rendered":"E\u011e\u0130T\u0130M ve TUR\u0130ZM YATIRIMLARI"},"content":{"rendered":"<p>Turizm sekt\u00f6r\u00fc, y\u00fcksek d\u00f6viz gelirleri ve istihdama katk\u0131s\u0131 sebebiyle T\u00fcrkiye\u2018nin \u00f6nde gelen sekt\u00f6rlerinden biridir. Son y\u0131llarda turizm ve otelcilik sekt\u00f6r\u00fcnde yap\u0131lan yat\u0131r\u0131mlarda dikkat \u00e7ekici bir b\u00fcy\u00fcme olmas\u0131na ra\u011fmen, devlet taraf\u0131ndan sa\u011flanan te\u015fvikler sayesinde, yeni giri\u015fimler i\u00e7in \u00f6nemli f\u0131rsatlar halen mevcuttur. Bu ba\u011flamda, oteller, seyahat acenteleri ve turizm alan\u0131nda faaliyet g\u00f6steren t\u00fcm \u015firketler, s\u00f6zle\u015fmelerin haz\u0131rlan\u0131\u015f s\u00fcrecinde uzman avukatlar\u0131m\u0131z\u0131n bilgi ve deneyiminden yararlanabilir. Avukatl\u0131k B\u00fcromuz bu kapsamda yat\u0131r\u0131mlar\u0131n\u0131z\u0131n hukuki a\u00e7\u0131dan de\u011ferlendirmesini yap\u0131p risklerinizi minimize eden \u00f6neriler sunmaktad\u0131r.<\/p>\n<p>Kamu ve \u00f6zel sekt\u00f6r\u00fcn ortakla\u015fa hareket etti\u011fi e\u011fitim alan\u0131nda ise, yeni okul ve \u00fcniversite yat\u0131r\u0131mlar\u0131, mevcut okullar\u0131n kapasitelerinin art\u0131r\u0131lmas\u0131 veya modernizasyonuna y\u00f6nelik yat\u0131r\u0131mlar \u00fclkemizde h\u0131z kesmeden devam etmektedir. Bu nedenle sekt\u00f6re ili\u015fkin \u00f6zel yasal d\u00fczenleme ve te\u015fvikler konusunda uzman avukatlar\u0131m\u0131z ile \u00e7al\u0131\u015farak, hedefleriniz do\u011frultusunda stratejik \u00e7\u00f6z\u00fcmler elde edebilirsiniz.<\/p>\n<p>&nbsp;<\/p>\n","protected":false},"excerpt":{"rendered":"<p>Turizm sekt\u00f6r\u00fc, y\u00fcksek d\u00f6viz gelirleri ve istihdama katk\u0131s\u0131 sebebiyle T\u00fcrkiye\u2018nin \u00f6nde gelen sekt\u00f6rlerinden biridir. Son y\u0131llarda turizm ve otelcilik sekt\u00f6r\u00fcnde yap\u0131lan yat\u0131r\u0131mlarda dikkat \u00e7ekici bir b\u00fcy\u00fcme olmas\u0131na ra\u011fmen, devlet taraf\u0131ndan sa\u011flanan te\u015fvikler sayesinde, yeni giri\u015fimler i\u00e7in \u00f6nemli f\u0131rsatlar halen mevcuttur. Bu ba\u011flamda, oteller, seyahat acenteleri ve turizm alan\u0131nda faaliyet g\u00f6steren t\u00fcm \u015firketler, s\u00f6zle\u015fmelerin haz\u0131rlan\u0131\u015f s\u00fcrecinde&#8230;<\/p>\n","protected":false},"author":1,"featured_media":0,"parent":4555,"menu_order":5,"comment_status":"closed","ping_status":"closed","template":"","meta":[],"acf":[],"_links":{"self":[{"href":"https:\/\/hansu.av.tr\/tr\/wp-json\/wp\/v2\/pages\/7706"}],"collection":[{"href":"https:\/\/hansu.av.tr\/tr\/wp-json\/wp\/v2\/pages"}],"about":[{"href":"https:\/\/hansu.av.tr\/tr\/wp-json\/wp\/v2\/types\/page"}],"author":[{"embeddable":true,"href":"https:\/\/hansu.av.tr\/tr\/wp-json\/wp\/v2\/users\/1"}],"replies":[{"embeddable":true,"href":"https:\/\/hansu.av.tr\/tr\/wp-json\/wp\/v2\/comments?post=7706"}],"version-history":[{"count":3,"href":"https:\/\/hansu.av.tr\/tr\/wp-json\/wp\/v2\/pages\/7706\/revisions"}],"predecessor-version":[{"id":9257,"href":"https:\/\/hansu.av.tr\/tr\/wp-json\/wp\/v2\/pages\/7706\/revisions\/9257"}],"up":[{"embeddable":true,"href":"https:\/\/hansu.av.tr\/tr\/wp-json\/wp\/v2\/pages\/4555"}],"wp:attachment":[{"href":"https:\/\/hansu.av.tr\/tr\/wp-json\/wp\/v2\/media?parent=7706"}],"curies":[{"name":"wp","href":"https:\/\/api.w.org\/{rel}","templated":true}]}}