{"id":7709,"date":"2021-06-24T00:33:19","date_gmt":"2021-06-23T21:33:19","guid":{"rendered":"https:\/\/hansu.av.tr\/?page_id=7709"},"modified":"2022-07-04T16:53:30","modified_gmt":"2022-07-04T13:53:30","slug":"girisimcilik-ve-start-up","status":"publish","type":"page","link":"https:\/\/hansu.av.tr\/tr\/sektorler\/girisimcilik-ve-start-up\/","title":{"rendered":"G\u0130R\u0130\u015e\u0130MC\u0130L\u0130K ve START-UP"},"content":{"rendered":"<p>\u00dclkemiz ekonomisi a\u00e7\u0131s\u0131ndan yeni giri\u015fimlerle yarat\u0131lacak \u00fcretim ve istihdam art\u0131\u015f\u0131 \u00e7ok b\u00fcy\u00fck \u00f6nem arz etmesi sebebiyle, son y\u0131llarda giri\u015fimcilerin \u00f6n\u00fcndeki engellerin kald\u0131r\u0131lmas\u0131 ve giri\u015fim say\u0131s\u0131n\u0131n artmas\u0131 i\u00e7in \u00f6nemli d\u00fczenlemeler getirilmi\u015ftir.<\/p>\n<p>\u00c7ok farkl\u0131 yasal mevzuat\u0131n kapsam\u0131na giren giri\u015fimcilik ve start-up faaliyetlerinin hukuka uygun y\u00fcr\u00fct\u00fclmesini sa\u011flamak, muhtemel uyu\u015fmazl\u0131klar\u0131 \u00f6nlemek, giri\u015fim faaliyetlerini korumak, uygun \u015firket t\u00fcr\u00fcn\u00fc se\u00e7mek ve s\u00f6zle\u015fmesel ili\u015fkileri sa\u011fl\u0131kl\u0131 bir \u015fekilde y\u00fcr\u00fctmek amac\u0131yla sekt\u00f6rel deneyime sahip uzman avukatlar\u0131m\u0131zdan hukuki destek alabilirsiniz. Avukatl\u0131k B\u00fcromuz giri\u015fimcilik ve start-up hukuku kapsam\u0131nda ba\u015fta teknoloji \u015firketleri olmak \u00fczere t\u00fcm giri\u015fim \u015firketlerine, projenin geli\u015ftirilmesi a\u015famas\u0131ndan faaliyete ge\u00e7i\u015fine kadar en kapsaml\u0131 \u015fekilde hukuki destek sunmaktad\u0131r.<\/p>\n<p>T\u00fcrkiye giri\u015fimcilik ekosisteminde en \u00e7ok yeni giri\u015fim kurulan sekt\u00f6rlerin ba\u015f\u0131nda oyun sekt\u00f6r\u00fc gelmektedir. Avukatl\u0131k B\u00fcromuz; oyun ve dijital d\u00fcnya \u00fcr\u00fcnlerinin korunmas\u0131, gerekli s\u00f6zle\u015fmelerin haz\u0131rlanmas\u0131 ile hak ve sorumluluklar\u0131n ilgili mevzuat \u00e7er\u00e7evesinde d\u00fczenlenmesi dahil olmak \u00fczere muhtemel uyu\u015fmazl\u0131klar\u0131 ve riskleri \u00f6nlemek amac\u0131yla oyun ve e-spor sekt\u00f6r\u00fcn\u00fcn t\u00fcm akt\u00f6rlerine en geni\u015f yelpazede tek elden hukuki dan\u0131\u015fmanl\u0131k hizmeti vermektedir.<\/p>\n<p>&nbsp;<\/p>\n","protected":false},"excerpt":{"rendered":"<p>\u00dclkemiz ekonomisi a\u00e7\u0131s\u0131ndan yeni giri\u015fimlerle yarat\u0131lacak \u00fcretim ve istihdam art\u0131\u015f\u0131 \u00e7ok b\u00fcy\u00fck \u00f6nem arz etmesi sebebiyle, son y\u0131llarda giri\u015fimcilerin \u00f6n\u00fcndeki engellerin kald\u0131r\u0131lmas\u0131 ve giri\u015fim say\u0131s\u0131n\u0131n artmas\u0131 i\u00e7in \u00f6nemli d\u00fczenlemeler getirilmi\u015ftir. \u00c7ok farkl\u0131 yasal mevzuat\u0131n kapsam\u0131na giren giri\u015fimcilik ve start-up faaliyetlerinin hukuka uygun y\u00fcr\u00fct\u00fclmesini sa\u011flamak, muhtemel uyu\u015fmazl\u0131klar\u0131 \u00f6nlemek, giri\u015fim faaliyetlerini korumak, uygun \u015firket t\u00fcr\u00fcn\u00fc se\u00e7mek ve&#8230;<\/p>\n","protected":false},"author":1,"featured_media":0,"parent":4555,"menu_order":3,"comment_status":"closed","ping_status":"closed","template":"","meta":[],"acf":[],"_links":{"self":[{"href":"https:\/\/hansu.av.tr\/tr\/wp-json\/wp\/v2\/pages\/7709"}],"collection":[{"href":"https:\/\/hansu.av.tr\/tr\/wp-json\/wp\/v2\/pages"}],"about":[{"href":"https:\/\/hansu.av.tr\/tr\/wp-json\/wp\/v2\/types\/page"}],"author":[{"embeddable":true,"href":"https:\/\/hansu.av.tr\/tr\/wp-json\/wp\/v2\/users\/1"}],"replies":[{"embeddable":true,"href":"https:\/\/hansu.av.tr\/tr\/wp-json\/wp\/v2\/comments?post=7709"}],"version-history":[{"count":3,"href":"https:\/\/hansu.av.tr\/tr\/wp-json\/wp\/v2\/pages\/7709\/revisions"}],"predecessor-version":[{"id":9258,"href":"https:\/\/hansu.av.tr\/tr\/wp-json\/wp\/v2\/pages\/7709\/revisions\/9258"}],"up":[{"embeddable":true,"href":"https:\/\/hansu.av.tr\/tr\/wp-json\/wp\/v2\/pages\/4555"}],"wp:attachment":[{"href":"https:\/\/hansu.av.tr\/tr\/wp-json\/wp\/v2\/media?parent=7709"}],"curies":[{"name":"wp","href":"https:\/\/api.w.org\/{rel}","templated":true}]}}