{"id":7715,"date":"2021-06-24T00:34:56","date_gmt":"2021-06-23T21:34:56","guid":{"rendered":"https:\/\/hansu.av.tr\/?page_id=7715"},"modified":"2022-07-04T16:54:33","modified_gmt":"2022-07-04T13:54:33","slug":"sigorta-ve-reasurans-2","status":"publish","type":"page","link":"https:\/\/hansu.av.tr\/tr\/sektorler\/sigorta-ve-reasurans-2\/","title":{"rendered":"S\u0130GORTA ve REAS\u00dcRANS"},"content":{"rendered":"<p>T\u00fcrk sigorta sekt\u00f6r\u00fc, her ge\u00e7en g\u00fcn daha da b\u00fcy\u00fcyen hacmi ile yat\u0131r\u0131mc\u0131lar i\u00e7in olduk\u00e7a y\u00fcksek bir potansiyele sahiptir. T\u00fcrkiye\u2018nin \u00f6nde gelen sigorta \u015firketleri ve acentelerine hukuki dan\u0131\u015fmanl\u0131k hizmeti veren Avukatl\u0131k B\u00fcromuz sa\u011fl\u0131k, ticaret, ta\u015f\u0131mac\u0131l\u0131k ve hizmet sekt\u00f6rleri kapsam\u0131ndaki derin bilgi ve tecr\u00fcbesinin birle\u015fimi ile sigorta hukukunu ilgilendiren t\u00fcm konularda tek elden hukuki hizmet sunmaktad\u0131r.<\/p>\n<p>&nbsp;<\/p>\n","protected":false},"excerpt":{"rendered":"<p>T\u00fcrk sigorta sekt\u00f6r\u00fc, her ge\u00e7en g\u00fcn daha da b\u00fcy\u00fcyen hacmi ile yat\u0131r\u0131mc\u0131lar i\u00e7in olduk\u00e7a y\u00fcksek bir potansiyele sahiptir. T\u00fcrkiye\u2018nin \u00f6nde gelen sigorta \u015firketleri ve acentelerine hukuki dan\u0131\u015fmanl\u0131k hizmeti veren Avukatl\u0131k B\u00fcromuz sa\u011fl\u0131k, ticaret, ta\u015f\u0131mac\u0131l\u0131k ve hizmet sekt\u00f6rleri kapsam\u0131ndaki derin bilgi ve tecr\u00fcbesinin birle\u015fimi ile sigorta hukukunu ilgilendiren t\u00fcm konularda tek elden hukuki hizmet sunmaktad\u0131r. &nbsp;<\/p>\n","protected":false},"author":1,"featured_media":0,"parent":4555,"menu_order":1,"comment_status":"closed","ping_status":"closed","template":"","meta":[],"acf":[],"_links":{"self":[{"href":"https:\/\/hansu.av.tr\/tr\/wp-json\/wp\/v2\/pages\/7715"}],"collection":[{"href":"https:\/\/hansu.av.tr\/tr\/wp-json\/wp\/v2\/pages"}],"about":[{"href":"https:\/\/hansu.av.tr\/tr\/wp-json\/wp\/v2\/types\/page"}],"author":[{"embeddable":true,"href":"https:\/\/hansu.av.tr\/tr\/wp-json\/wp\/v2\/users\/1"}],"replies":[{"embeddable":true,"href":"https:\/\/hansu.av.tr\/tr\/wp-json\/wp\/v2\/comments?post=7715"}],"version-history":[{"count":3,"href":"https:\/\/hansu.av.tr\/tr\/wp-json\/wp\/v2\/pages\/7715\/revisions"}],"predecessor-version":[{"id":9259,"href":"https:\/\/hansu.av.tr\/tr\/wp-json\/wp\/v2\/pages\/7715\/revisions\/9259"}],"up":[{"embeddable":true,"href":"https:\/\/hansu.av.tr\/tr\/wp-json\/wp\/v2\/pages\/4555"}],"wp:attachment":[{"href":"https:\/\/hansu.av.tr\/tr\/wp-json\/wp\/v2\/media?parent=7715"}],"curies":[{"name":"wp","href":"https:\/\/api.w.org\/{rel}","templated":true}]}}